{"id":9426,"date":"2020-11-11T12:24:42","date_gmt":"2020-11-11T09:24:42","guid":{"rendered":"https:\/\/onlinezooshop.md\/?post_type=product&#038;p=9426"},"modified":"2025-12-17T16:55:17","modified_gmt":"2025-12-17T13:55:17","slug":"royal-canin-yorkshire-terrier-puppy-15kg","status":"publish","type":"product","link":"https:\/\/onlinezooshop.md\/ro\/magazin\/royal-canin-yorkshire-terrier-puppy-15kg\/","title":{"rendered":"Royal Canin Yorkshire Terrier puppy 1,5kg"},"content":{"rendered":"<p>Ingrediente:<\/p>\n<p>F\u0103in\u0103 de cereale, proteine \u200b\u200banimale deshidratate (p\u0103s\u0103ri de curte), gr\u0103simi animale, orez, proteine \u200b\u200bvegetale izolate *, fibre vegetale, hidrolizat de proteine \u200b\u200banimale (aditivi aromatizan\u021bi), minerale, ulei de pe\u0219te, ulei de soia, drojdie \u0219i subproduse de fermenta\u021bie, fructooligozaharide, hidrolizat de drojdie (surs\u0103 de mangan oligozaharide), ulei de borage (0,1%), extract de g\u0103lbenele (surs\u0103 de lutein\u0103).<\/p>\n<p>* L.I.P.: Proteine \u200b\u200bselectate pentru o absorb\u021bie maxim\u0103.<\/p>\n<p>Adaosuri (la 1 kg)<\/p>\n<p>Suplimente nutritive: Vitamina A: 29000 ME, Vitamina D3: 800 ME, Fier: 36 mg, Iod: 3,6 mg, Cupru: 11 mg, Mangan: 47 mg, Zinc: 140 mg, Celen: 0,08 mg - Tehnologic aditivi: Tripolifosfat de sodiu: 3,5 g, Clinoptilolit de origine sedimentar\u0103: 10 g - Conservan\u021bi - Antioxidan\u021bi.<\/p>\n<p>Con\u021binut nutrient:<\/p>\n<p>Proteine: 29% - Gr\u0103simi: 20% - Minerale: 6,7% - Total fibre: 1,5%<\/p>","protected":false},"excerpt":{"rendered":"<p>ROYAL CANIN YORKSHIRE TERRIER PUPPY \u2014 Hran\u0103 complet\u0103 pentru c\u0103\u021bei din rasa Yorkshire Terrier, p\u00een\u0103 la 10 luni<\/p>\n<p>Fiecare ras\u0103 are propriile sale caracteristici \u0219i, ca urmare, propriile sale nevoi nutri\u021bionale. Formulele nutri\u021bionale ale Breed Health Nutrition sunt adaptate la anumite rase, iar forma \u0219i textura crochetului sunt adaptate structurii \u0219i aderen\u021bei unice a maxilarului.<\/p>","protected":false},"featured_media":12652,"template":"","meta":[],"product_cat":[80,81,84,89,103],"product_tag":[],"_links":{"self":[{"href":"https:\/\/onlinezooshop.md\/ro\/wp-json\/wp\/v2\/product\/9426"}],"collection":[{"href":"https:\/\/onlinezooshop.md\/ro\/wp-json\/wp\/v2\/product"}],"about":[{"href":"https:\/\/onlinezooshop.md\/ro\/wp-json\/wp\/v2\/types\/product"}],"wp:featuredmedia":[{"embeddable":true,"href":"https:\/\/onlinezooshop.md\/ro\/wp-json\/wp\/v2\/media\/12652"}],"wp:attachment":[{"href":"https:\/\/onlinezooshop.md\/ro\/wp-json\/wp\/v2\/media?parent=9426"}],"wp:term":[{"taxonomy":"product_cat","embeddable":true,"href":"https:\/\/onlinezooshop.md\/ro\/wp-json\/wp\/v2\/product_cat?post=9426"},{"taxonomy":"product_tag","embeddable":true,"href":"https:\/\/onlinezooshop.md\/ro\/wp-json\/wp\/v2\/product_tag?post=9426"}],"curies":[{"name":"wp","href":"https:\/\/api.w.org\/{rel}","templated":true}]}}