{"id":9434,"date":"2020-11-11T12:30:25","date_gmt":"2020-11-11T09:30:25","guid":{"rendered":"https:\/\/onlinezooshop.md\/?post_type=product&#038;p=9434"},"modified":"2023-05-05T01:32:08","modified_gmt":"2023-05-04T22:32:08","slug":"oropharma-opti-hair-dog-130g","status":"publish","type":"product","link":"https:\/\/onlinezooshop.md\/ro\/magazin\/oropharma-opti-hair-dog-130g\/","title":{"rendered":"Oropharma Opti Hair Dog 130\u0433"},"content":{"rendered":"<p>Peletele de l\u00e2n\u0103 Oropharma Opti se bazeaz\u0103 pe drojdie, soc \u0219i alge. Pentru utilizare cu c\u0103derea abundent\u0103 a p\u0103rului \u0219i m\u00e2nc\u0103rime. Algele ad\u0103ugate con\u021bin mineralele necesare pentru o piele s\u0103n\u0103toas\u0103, socul, care este bogat \u00een fier \u0219i ajut\u0103 la prevenirea problemelor de pigmentare. Granule care se amestec\u0103 u\u0219or cu alimentele. Ingrediente: Zaharuri (fructooligozaharide 2,5%), drojdie, produse de patiserie, alge (2%), fructe (pulbere de turm\u0103 2%), carne \u0219i derivate animale. Constituen\u021bi analitici: proteine \u200b\u200b5,5%, gr\u0103simi 0,1%, \u021bi\u021bei 1%, cenu\u0219\u0103 brut\u0103 1,4%<\/p>","protected":false},"excerpt":{"rendered":"<p>Supliment alimentar \u00eempotriva c\u0103derii p\u0103rului.<\/p>","protected":false},"featured_media":10219,"template":"","meta":[],"product_cat":[80,102],"product_tag":[],"_links":{"self":[{"href":"https:\/\/onlinezooshop.md\/ro\/wp-json\/wp\/v2\/product\/9434"}],"collection":[{"href":"https:\/\/onlinezooshop.md\/ro\/wp-json\/wp\/v2\/product"}],"about":[{"href":"https:\/\/onlinezooshop.md\/ro\/wp-json\/wp\/v2\/types\/product"}],"wp:featuredmedia":[{"embeddable":true,"href":"https:\/\/onlinezooshop.md\/ro\/wp-json\/wp\/v2\/media\/10219"}],"wp:attachment":[{"href":"https:\/\/onlinezooshop.md\/ro\/wp-json\/wp\/v2\/media?parent=9434"}],"wp:term":[{"taxonomy":"product_cat","embeddable":true,"href":"https:\/\/onlinezooshop.md\/ro\/wp-json\/wp\/v2\/product_cat?post=9434"},{"taxonomy":"product_tag","embeddable":true,"href":"https:\/\/onlinezooshop.md\/ro\/wp-json\/wp\/v2\/product_tag?post=9434"}],"curies":[{"name":"wp","href":"https:\/\/api.w.org\/{rel}","templated":true}]}}