{"id":9440,"date":"2020-11-11T12:35:09","date_gmt":"2020-11-11T09:35:09","guid":{"rendered":"https:\/\/onlinezooshop.md\/?post_type=product&#038;p=9440"},"modified":"2025-12-15T16:45:35","modified_gmt":"2025-12-15T13:45:35","slug":"royal-canin-gastro-low-fat-410g","status":"publish","type":"product","link":"https:\/\/onlinezooshop.md\/ro\/magazin\/royal-canin-gastro-low-fat-410g\/","title":{"rendered":"Royal Canin gastro low fat 420\u0433"},"content":{"rendered":"<p>Ingrediente:<\/p>\n<p>Ficat de porc, porc, porumb, orez, minerale, celuloz\u0103, pulp\u0103 de sfecl\u0103, taurin\u0103, hidrolizat de drojdie (surs\u0103 de oligozaharide de manan), ulei de pe\u0219te, extract de g\u0103lbenele (surs\u0103 de lutein\u0103), microelemente (inclusiv sub form\u0103 chelat\u0103), vitamine.<\/p>\n<p>Adaosuri (la 1 kg):<\/p>\n<p>Suplimente nutritive:<br \/>\nVitamina D3: 200 UI, Fier: 8 mg, Iod: 0,15 mg, Cupru: 1 mg, Mangan: 2,5 mg, Zinc: 24 mg.<\/p>\n<p>Con\u021binut nutrient:<\/p>\n<p>Proteine \u200b\u200b7,5 g, Gr\u0103simi 1,7 g, Carbohidra\u021bi 12,4 g, Fibre alimentare 2,9 g, Fibre totale 1,7 g, Omega 6 0,3 g, Omega 3 0,03 g, EPA + DHA 0 , 02 g, calciu 0,24 g, fosfor 0,13 g, sodiu 0,06 g, potasiu 0,14 g, energie de schimb (metabolic\u0103) 92 kcal<\/p>","protected":false},"excerpt":{"rendered":"<p>ROYAL CANIN GASTRO LOW FAT 410G \u2014 DIET\u0102 CU CON\u021aINUT MIC DE GR\u0102SIME, PENTRU C\u00ceINI CU PROBLEME DIGESTIVE (BANC\u0102)<\/p>\n<p>Indica\u021bii:<\/p>\n<ul>\n<li>Diaree acut\u0103 \u0219i cronic\u0103<\/li>\n<li>Hiperlipidemie<\/li>\n<li>Pancreatit\u0103 acut\u0103 (inclusiv cele anterioare)<\/li>\n<li>Proliferarea bacteriilor \u00een intestinul sub\u021bire<\/li>\n<li>Limfangiectazia - enteropatie exudativ\u0103<\/li>\n<li>Insuficien\u021b\u0103 pancreatic\u0103 exocrin\u0103<\/li>\n<\/ul>\n<p>Contraindica\u021bii<\/p>\n<ul>\n<li>Sarcin\u0103 \u0219i al\u0103ptare<\/li>\n<\/ul>\n<p>Not\u0103: Dietele veterinare, inclusiv Royal Canin Gastro Intestinal \nlow Fat, sunt concepute pentru a fi administrate sub supravegherea unui medic veterinar. Royal Canin v\u0103 recomand\u0103 s\u0103 solicita\u021bi \u00eentotdeauna sfatul medicului veterinar \u00eenainte de a \u00eencepe sau de a continua cu dieta veterinar\u0103.<\/p>","protected":false},"featured_media":12548,"template":"","meta":[],"product_cat":[80,81,82,83],"product_tag":[],"_links":{"self":[{"href":"https:\/\/onlinezooshop.md\/ro\/wp-json\/wp\/v2\/product\/9440"}],"collection":[{"href":"https:\/\/onlinezooshop.md\/ro\/wp-json\/wp\/v2\/product"}],"about":[{"href":"https:\/\/onlinezooshop.md\/ro\/wp-json\/wp\/v2\/types\/product"}],"wp:featuredmedia":[{"embeddable":true,"href":"https:\/\/onlinezooshop.md\/ro\/wp-json\/wp\/v2\/media\/12548"}],"wp:attachment":[{"href":"https:\/\/onlinezooshop.md\/ro\/wp-json\/wp\/v2\/media?parent=9440"}],"wp:term":[{"taxonomy":"product_cat","embeddable":true,"href":"https:\/\/onlinezooshop.md\/ro\/wp-json\/wp\/v2\/product_cat?post=9440"},{"taxonomy":"product_tag","embeddable":true,"href":"https:\/\/onlinezooshop.md\/ro\/wp-json\/wp\/v2\/product_tag?post=9440"}],"curies":[{"name":"wp","href":"https:\/\/api.w.org\/{rel}","templated":true}]}}