{"id":9443,"date":"2020-11-11T12:38:03","date_gmt":"2020-11-11T09:38:03","guid":{"rendered":"https:\/\/onlinezooshop.md\/?post_type=product&#038;p=9443"},"modified":"2025-12-15T16:46:06","modified_gmt":"2025-12-15T13:46:06","slug":"royal-canin-hepatic-420g","status":"publish","type":"product","link":"https:\/\/onlinezooshop.md\/ro\/magazin\/royal-canin-hepatic-420g\/","title":{"rendered":"Royal Canin Hepatic 420gr"},"content":{"rendered":"<p>Ingrediente:<\/p>\n<p>Orez, porumb, f\u0103in\u0103 de porumb, carne de pas\u0103re, ficat de pas\u0103re, ulei de floarea soarelui, albu\u0219 de ou deshidratat, celuloz\u0103, pulp\u0103 de sfecl\u0103, minerale, caragenan, taurin\u0103, L-carnitin\u0103, fructo-oligozaharide, microelemente (inclusiv sub form\u0103 chelat\u0103), extract de g\u0103lbenele erecte (surs\u0103 de lutein\u0103), vitamine.<\/p>\n<p>Adaosuri (la 1 kg):<\/p>\n<p>Suplimente nutritive:<br \/>\nVitamina D3: 248 UI, Fier: 30 mg, Iod: 1,5 mg, Cupru: 0,8 mg, Mangan: 14 mg, Zinc: 55 mg.<\/p>\n<p>Con\u021binut nutrient:<\/p>\n<p>Proteine \u200b\u200b6,5 g, Gr\u0103simi 4,2 g, Carbohidra\u021bi 20,8 g, Fibre alimentare 3 g, Fibre totale 2 g, Omega 6 1,6 g, Omega 3 0,01 g, Calciu 0,35 g, Fosfor 0 , 24 g, sodiu 0,05 g, potasiu 0,27 g, cupru 0,17 mg, energie de schimb (metabolic\u0103) * 138 kcal<\/p>","protected":false},"excerpt":{"rendered":"<p>ROYAL CANIN HEPATIC 420G \u2014 DIETA PENTRU C\u00c2INI CU BOLI ALE FICATULUI (BANC\u0102)<\/p>\n<p>Indica\u021bii:<\/p>\n<ul>\n<li>Boal\u0103 de ficat<\/li>\n<li>Hepatita cronic\u0103<\/li>\n<li>Manevrarea Porto-caval\u0103<\/li>\n<li>Encefalopatie hepatica<\/li>\n<li>Insuficien\u021b\u0103 hepatic\u0103<\/li>\n<li>Tulbur\u0103ri de metabolism al cuprului<\/li>\n<li>Piroplasmoza<\/li>\n<\/ul>\n<p>Contraindica\u021bii<\/p>\n<ul>\n<li>Sarcin\u0103, al\u0103ptarea, cre\u0219tere<\/li>\n<li>Pancreatit\u0103 (inclusiv cele anterioare)<\/li>\n<li>Hiperlipidemie<\/li>\n<\/ul>\n<p>Not\u0103: Dietele veterinare, inclusiv Royal Canin Hepatic, sunt concepute pentru a fi administrate sub supravegherea unui medic veterinar. Royal Canin v\u0103 recomand\u0103 s\u0103 solicita\u021bi \u00eentotdeauna sfatul medicului veterinar \u00eenainte de a \u00eencepe sau de a continua cu dieta veterinar\u0103.<\/p>","protected":false},"featured_media":12549,"template":"","meta":[],"product_cat":[80,81,82,83],"product_tag":[],"_links":{"self":[{"href":"https:\/\/onlinezooshop.md\/ro\/wp-json\/wp\/v2\/product\/9443"}],"collection":[{"href":"https:\/\/onlinezooshop.md\/ro\/wp-json\/wp\/v2\/product"}],"about":[{"href":"https:\/\/onlinezooshop.md\/ro\/wp-json\/wp\/v2\/types\/product"}],"wp:featuredmedia":[{"embeddable":true,"href":"https:\/\/onlinezooshop.md\/ro\/wp-json\/wp\/v2\/media\/12549"}],"wp:attachment":[{"href":"https:\/\/onlinezooshop.md\/ro\/wp-json\/wp\/v2\/media?parent=9443"}],"wp:term":[{"taxonomy":"product_cat","embeddable":true,"href":"https:\/\/onlinezooshop.md\/ro\/wp-json\/wp\/v2\/product_cat?post=9443"},{"taxonomy":"product_tag","embeddable":true,"href":"https:\/\/onlinezooshop.md\/ro\/wp-json\/wp\/v2\/product_tag?post=9443"}],"curies":[{"name":"wp","href":"https:\/\/api.w.org\/{rel}","templated":true}]}}