{"id":9457,"date":"2020-11-11T12:43:39","date_gmt":"2020-11-11T09:43:39","guid":{"rendered":"https:\/\/onlinezooshop.md\/?post_type=product&#038;p=9457"},"modified":"2025-11-06T12:26:54","modified_gmt":"2025-11-06T09:26:54","slug":"royal-canin-mini-puppy-85gh12sht","status":"publish","type":"product","link":"https:\/\/onlinezooshop.md\/ro\/magazin\/royal-canin-mini-puppy-85gh12sht\/","title":{"rendered":"Royal Canin Mini Puppy 85\u0433*12\u0448\u0442"},"content":{"rendered":"<p>Ingrediente:<\/p>\n<p>\u043c\u044f\u0441\u043e \u0438 \u043c\u044f\u0441\u043d\u044b\u0435 \u0441\u0443\u0431\u043f\u0440\u043e\u0434\u0443\u043a\u0442\u044b, \u0437\u043b\u0430\u043a\u0438, \u0441\u0443\u0431\u043f\u0440\u043e\u0434\u0443\u043a\u0442\u044b \u0440\u0430\u0441\u0442\u0438\u0442\u0435\u043b\u044c\u043d\u043e\u0433\u043e \u043f\u0440\u043e\u0438\u0441\u0445\u043e\u0436\u0434\u0435\u043d\u0438\u044f, \u043c\u0430\u0441\u043b\u0430 \u0438 \u0436\u0438\u0440\u044b, \u043c\u0438\u043d\u0435\u0440\u0430\u043b\u044c\u043d\u044b\u0435 \u0432\u0435\u0449\u0435\u0441\u0442\u0432\u0430, \u0434\u0440\u043e\u0436\u0436\u0438, \u0438\u0441\u0442\u043e\u0447\u043d\u0438\u043a\u0438 \u0443\u0433\u043b\u0435\u0432\u043e\u0434\u043e\u0432.<\/p>\n<p>* L.I.P.: Proteine \u200b\u200bselectate pentru o absorb\u021bie maxim\u0103.<\/p>\n<p>Adaosuri (la 1 kg)<\/p>\n<p>\u041f\u0438\u0442\u0430\u0442\u0435\u043b\u044c\u043d\u044b\u0435 \u0434\u043e\u0431\u0430\u0432\u043a\u0438: \u0412\u0438\u0442\u0430\u043c\u0438\u043d D3: 140 ME, \u0416\u0435\u043b\u0435\u0437\u043e: 5 \u043c\u0433, \u0419\u043e\u0434: 0,3 \u043c\u0433, \u041c\u0435\u0434\u044c: 2,4 \u043c\u0433, \u041c\u0430\u0440\u0433\u0430\u043d\u0435\u0446: 1,6 \u043c\u0433, \u0426\u0438\u043d\u043a: 16 \u043c\u0433 \u2013 \u0422\u0435\u0445\u043d\u043e\u043b\u043e\u0433\u0438\u0447\u0435\u0441\u043a\u0438\u0435 \u0434\u043e\u0431\u0430\u0432\u043a\u0438: \u041a\u043b\u0438\u043d\u043e\u043f\u0442\u0438\u043b\u043e\u043b\u0438\u0442 \u043e\u0441\u0430\u0434\u043e\u0447\u043d\u043e\u0433\u043e \u043f\u0440\u043e\u0438\u0441\u0445\u043e\u0436\u0434\u0435\u043d\u0438\u044f: 2 \u0433.<\/p>\n<p>Con\u021binut nutrient:<\/p>\n<p>\u0411\u0435\u043b\u043a\u0438: 8 % \u2014 \u0416\u0438\u0440\u044b: 6 % \u2014 \u041a\u043b\u0435\u0442\u0447\u0430\u0442\u043a\u0430 \u043f\u0438\u0449\u0435\u0432\u0430\u044f: 1% % \u2014 \u0412\u043b\u0430\u0436\u043d\u043e\u0441\u0442\u044c: 79%<\/p>","protected":false},"excerpt":{"rendered":"<div class=\"woocommerce-product-details__short-description\">\n<p>ROYAL CANIN MINI PUPPY \u2014 PENTRU C\u0102\u021aEI DE C\u00ceINI DE DIMENSIUNI MICI (MASA C\u00ceINELUI ADULT DE LA 4 LA 10KG) CU V\u00ceRSTA DE LA 2 LA 10 LUNI<\/p>\n<\/div>\n<form class=\"cart\" action=\"http:\/\/zooroyal.md\/ru\/shop\/%d0%b4%d0%bb%d1%8f-%d1%81%d0%be%d0%b1%d0%b0%d0%ba\/%d0%ba%d0%be%d1%80%d0%bc\/%d0%b2%d0%bb%d0%b0%d0%b6%d0%bd%d1%8b%d0%b9-%d0%ba%d0%be%d1%80%d0%bc\/royal-canin-mini-puppy-85g\/\" enctype=\"multipart\/form-data\" method=\"post\" data-trp-original-action=\"http:\/\/zooroyal.md\/ru\/shop\/%d0%b4%d0%bb%d1%8f-%d1%81%d0%be%d0%b1%d0%b0%d0%ba\/%d0%ba%d0%be%d1%80%d0%bc\/%d0%b2%d0%bb%d0%b0%d0%b6%d0%bd%d1%8b%d0%b9-%d0%ba%d0%be%d1%80%d0%bc\/royal-canin-mini-puppy-85g\/\">\n<div class=\"quantity\"><\/div>\n<input type=\"hidden\" name=\"trp-form-language\" value=\"ro\"\/><\/form>","protected":false},"featured_media":9458,"template":"","meta":[],"product_cat":[80,81,82],"product_tag":[],"_links":{"self":[{"href":"https:\/\/onlinezooshop.md\/ro\/wp-json\/wp\/v2\/product\/9457"}],"collection":[{"href":"https:\/\/onlinezooshop.md\/ro\/wp-json\/wp\/v2\/product"}],"about":[{"href":"https:\/\/onlinezooshop.md\/ro\/wp-json\/wp\/v2\/types\/product"}],"wp:featuredmedia":[{"embeddable":true,"href":"https:\/\/onlinezooshop.md\/ro\/wp-json\/wp\/v2\/media\/9458"}],"wp:attachment":[{"href":"https:\/\/onlinezooshop.md\/ro\/wp-json\/wp\/v2\/media?parent=9457"}],"wp:term":[{"taxonomy":"product_cat","embeddable":true,"href":"https:\/\/onlinezooshop.md\/ro\/wp-json\/wp\/v2\/product_cat?post=9457"},{"taxonomy":"product_tag","embeddable":true,"href":"https:\/\/onlinezooshop.md\/ro\/wp-json\/wp\/v2\/product_tag?post=9457"}],"curies":[{"name":"wp","href":"https:\/\/api.w.org\/{rel}","templated":true}]}}