{"id":9463,"date":"2020-11-11T12:46:43","date_gmt":"2020-11-11T09:46:43","guid":{"rendered":"https:\/\/onlinezooshop.md\/?post_type=product&#038;p=9463"},"modified":"2025-12-15T16:47:07","modified_gmt":"2025-12-15T13:47:07","slug":"royal-canin-renal-410g","status":"publish","type":"product","link":"https:\/\/onlinezooshop.md\/ro\/magazin\/royal-canin-renal-410g\/","title":{"rendered":"Royal Canin Renal 410gr"},"content":{"rendered":"<p>Ingrediente:<\/p>\n<p>Orez, porc, pui, ulei de floarea soarelui, f\u0103in\u0103 de porumb, minerale (inclusiv carbonat de calciu, citrat de potasiu, zeolit), celuloz\u0103, ulei de pe\u0219te, gum\u0103 de cassia, pulp\u0103 de sfecl\u0103 de zah\u0103r, caragenan, taurin\u0103, fructooligozaharide (FOS), extract de g\u0103lbenele erecte (surs\u0103 de lutein\u0103), metionin\u0103, oligoelemente (inclusiv \u00een form\u0103 chelat\u0103), vitamine.<\/p>\n<p>Adaosuri (la 1 kg):<\/p>\n<p>Suplimente nutritive:<br \/>\nVitamina D3: 250 UI, E1 (fier): 14 mg, E2 (iod): 0,53 mg, E4 (cupru): 4,2 mg, E5 (mangan): 4,3 mg, E6 (zinc): 43 mg.<\/p>\n<p>Con\u021binut nutrient:<\/p>\n<p>la 100gr hran\u0103:<br \/>\nProteine \u200b\u200b5,4 g, Gr\u0103simi 9 g, Carbohidra\u021bi 16,3 g, Fibre alimentare 2 g, Fibre totale 1,2 g, Omega 6 3,5 g, Omega 3 0,2 g, EPA + DHA 0,15 g, Calciu 0,17 g, Fosfor 0,11 g, sodiu 0,08 g, potasiu 0,22 g, vitamina D3 30 UI, energie de schimb (metabolic\u0103) 158,4 kcal<\/p>","protected":false},"excerpt":{"rendered":"<p>ROYAL CANIN RENAL \u2014 DIETA PENTRU C\u00c2INI CU INSUFICIEN\u021a\u0102 RENAL\u0102 (BANC\u0102)<\/p>\n<p>Indica\u021bii:<\/p>\n<ul>\n<li>Insuficien\u021b\u0103 renal\u0103 cronic\u0103 (CRF)<\/li>\n<\/ul>\n<p>Contraindica\u021bii:<\/p>\n<ul>\n<li>Sarcin\u0103, al\u0103ptarea, cre\u0219tere<\/li>\n<li>Pancreatit\u0103<\/li>\n<li>Hiperlipidemie<\/li>\n<\/ul>\n<p>AVERTISMENT: Dietele veterinare, inclusiv Royal Canin Renal, sunt concepute pentru a fi administrate sub supravegherea unui medic veterinar. Royal Canin v\u0103 recomand\u0103 s\u0103 solicita\u021bi \u00eentotdeauna sfatul medicului veterinar \u00eenainte de a \u00eencepe sau de a continua cu dieta veterinar\u0103.<\/p>","protected":false},"featured_media":12545,"template":"","meta":[],"product_cat":[80,81,82,83],"product_tag":[],"_links":{"self":[{"href":"https:\/\/onlinezooshop.md\/ro\/wp-json\/wp\/v2\/product\/9463"}],"collection":[{"href":"https:\/\/onlinezooshop.md\/ro\/wp-json\/wp\/v2\/product"}],"about":[{"href":"https:\/\/onlinezooshop.md\/ro\/wp-json\/wp\/v2\/types\/product"}],"wp:featuredmedia":[{"embeddable":true,"href":"https:\/\/onlinezooshop.md\/ro\/wp-json\/wp\/v2\/media\/12545"}],"wp:attachment":[{"href":"https:\/\/onlinezooshop.md\/ro\/wp-json\/wp\/v2\/media?parent=9463"}],"wp:term":[{"taxonomy":"product_cat","embeddable":true,"href":"https:\/\/onlinezooshop.md\/ro\/wp-json\/wp\/v2\/product_cat?post=9463"},{"taxonomy":"product_tag","embeddable":true,"href":"https:\/\/onlinezooshop.md\/ro\/wp-json\/wp\/v2\/product_tag?post=9463"}],"curies":[{"name":"wp","href":"https:\/\/api.w.org\/{rel}","templated":true}]}}