{"id":9468,"date":"2020-11-11T12:47:55","date_gmt":"2020-11-11T09:47:55","guid":{"rendered":"https:\/\/onlinezooshop.md\/?post_type=product&#038;p=9468"},"modified":"2025-12-15T16:47:34","modified_gmt":"2025-12-15T13:47:34","slug":"royal-canin-urinary-s-o-dog-400g","status":"publish","type":"product","link":"https:\/\/onlinezooshop.md\/ro\/magazin\/royal-canin-urinary-s-o-dog-400g\/","title":{"rendered":"Royal Canin Urinary S\/O dog 410\u0433"},"content":{"rendered":"<p>Ingrediente:<\/p>\n<p>Carne \u0219i m\u0103runtaie, uleiuri \u0219i gr\u0103simi, cereale, m\u0103runtaie vegetale, minerale, surse de carbohidra\u021bi.<\/p>\n<p>Adaosuri (la 1 kg):<\/p>\n<p>Suplimente nutritive:<\/p>\n<p>Vitamina D3: 190 ME, Fier: 3,4 mg, Iod: 0,24 mg, Cupru: 2 mg, Mangan: 1 mg, Zinc: 10 mg Aditivi tehnologici: Bisulfat de sodiu: 0,56 g.<\/p>\n<p>Con\u021binut nutrient:<\/p>\n<p>Proteine: 8,0% - Gr\u0103simi: 6,0% - Minerale: 2,0% - Fibre alimentare: 1,4% - Umiditate: 78% - Taurin\u0103 (total): 0,12% - Calciu: 0,21 % - Fosfor: 0,2% - sodiu: 0,29% - magneziu: 0,016% - potasiu: 0,2% - cloruri: 0,4% - sulf: 0,2% - substan\u021be care acidific\u0103 urina: sulfat de calciu: 0,25% - Bisulfat de sodiu: 0,056% - DL-metionin\u0103: 0,054% - Surse de proteine: Pas\u0103re (pui) - Subproduse din p\u0103s\u0103ri - Subproduse din carne de porc - Produse din s\u00e2nge din carne de porc.<\/p>","protected":false},"excerpt":{"rendered":"<p>ROYAL CANIN URINARY S\/O DOG 400G \u2014 DIETA PENTRU C\u00c2INI PENTRU BOLILE SISTEMULUI URINAR DISTAL (BANC\u0102)<\/p>\n<p>Indica\u021bii:<\/p>\n<ul>\n<li>Cistita bacterian\u0103<\/li>\n<li>Dizolvarea struvitei<\/li>\n<li>Prevenirea reapari\u021biei urolitiazei cauzat\u0103 de struvit \u0219i oxalat de calciu<\/li>\n<\/ul>\n<p>Contraindica\u021bii:<\/p>\n<ul>\n<li>Sarcin\u0103, al\u0103ptarea, cre\u0219tere<\/li>\n<li>Insuficien\u021b\u0103 renal\u0103 cronic\u0103, acidoz\u0103 metabolic\u0103<\/li>\n<li>Insuficienta cardiaca<\/li>\n<li>Pancreatit\u0103 (inclusiv cele anterioare)<\/li>\n<li>Hiperlipidemie<\/li>\n<li>Prescrierea medicamentelor care acidific\u0103 urina<\/li>\n<\/ul>\n<p>Not\u0103: Dietele veterinare, inclusiv Royal Canin URINARY S \/ O, sunt concepute pentru a fi administrate sub supravegherea unui medic veterinar. Royal Canin v\u0103 recomand\u0103 s\u0103 solicita\u021bi \u00eentotdeauna sfatul medicului veterinar \u00eenainte de a \u00eencepe sau de a continua cu dieta veterinar\u0103.<\/p>","protected":false},"featured_media":12546,"template":"","meta":[],"product_cat":[80,81,82,83],"product_tag":[],"_links":{"self":[{"href":"https:\/\/onlinezooshop.md\/ro\/wp-json\/wp\/v2\/product\/9468"}],"collection":[{"href":"https:\/\/onlinezooshop.md\/ro\/wp-json\/wp\/v2\/product"}],"about":[{"href":"https:\/\/onlinezooshop.md\/ro\/wp-json\/wp\/v2\/types\/product"}],"wp:featuredmedia":[{"embeddable":true,"href":"https:\/\/onlinezooshop.md\/ro\/wp-json\/wp\/v2\/media\/12546"}],"wp:attachment":[{"href":"https:\/\/onlinezooshop.md\/ro\/wp-json\/wp\/v2\/media?parent=9468"}],"wp:term":[{"taxonomy":"product_cat","embeddable":true,"href":"https:\/\/onlinezooshop.md\/ro\/wp-json\/wp\/v2\/product_cat?post=9468"},{"taxonomy":"product_tag","embeddable":true,"href":"https:\/\/onlinezooshop.md\/ro\/wp-json\/wp\/v2\/product_tag?post=9468"}],"curies":[{"name":"wp","href":"https:\/\/api.w.org\/{rel}","templated":true}]}}