{"id":9471,"date":"2020-11-11T12:49:51","date_gmt":"2020-11-11T09:49:51","guid":{"rendered":"https:\/\/onlinezooshop.md\/?post_type=product&#038;p=9471"},"modified":"2025-12-17T16:56:12","modified_gmt":"2025-12-17T13:56:12","slug":"royal-canin-yorkshire-terrier-adult-85gx12sht","status":"publish","type":"product","link":"https:\/\/onlinezooshop.md\/ro\/magazin\/royal-canin-yorkshire-terrier-adult-85gx12sht\/","title":{"rendered":"Royal Canin Yorkshire Terrier adult 85gr*12buc"},"content":{"rendered":"<p>Ingrediente:<\/p>\n<p>Carne \u0219i m\u0103runtaie, m\u0103runtaie vegetal\u0103, cereale, minerale, uleiuri \u0219i gr\u0103simi, surse de carbohidra\u021bi.<\/p>\n<p>Adaosuri (la 1 kg)<\/p>\n<p>Suplimente nutritive: Vitamina D3: 195 ME, Fier: 13 mg, Iod: 0,22 mg, Cupru: 1,8 mg, Mangan: 4,1 mg, Zinc: 41 mg - Aditivi tehnologici: Clinoptilolit de origine sedimentar\u0103: 2,2 g.<\/p>\n<p>Con\u021binut nutrient:<\/p>\n<p>Proteine: 8,5% - Gr\u0103simi: 6% - Minerale: 1,9% - Fibre totale: 1,6%<\/p>","protected":false},"excerpt":{"rendered":"<div class=\"woocommerce-product-details__short-description\">\n<p>ROYAL CANIN YORKSHIRE TERRIER ADULT \u2014 Hran\u0103 umed\u0103 pentru c\u00eeini din rasa Yorkshire Terrier, peste 10 luni (pate)<\/p>\n<\/div>\n<form class=\"cart\" action=\"http:\/\/zooroyal.md\/ru\/shop\/%d0%b4%d0%bb%d1%8f-%d1%81%d0%be%d0%b1%d0%b0%d0%ba\/royal-canin-york-adult-85g\/\" enctype=\"multipart\/form-data\" method=\"post\" data-trp-original-action=\"http:\/\/zooroyal.md\/ru\/shop\/%d0%b4%d0%bb%d1%8f-%d1%81%d0%be%d0%b1%d0%b0%d0%ba\/royal-canin-york-adult-85g\/\">\n<div class=\"quantity\"><\/div>\n<input type=\"hidden\" name=\"trp-form-language\" value=\"ro\"\/><\/form>","protected":false},"featured_media":12651,"template":"","meta":[],"product_cat":[80,81,82,84,89],"product_tag":[],"_links":{"self":[{"href":"https:\/\/onlinezooshop.md\/ro\/wp-json\/wp\/v2\/product\/9471"}],"collection":[{"href":"https:\/\/onlinezooshop.md\/ro\/wp-json\/wp\/v2\/product"}],"about":[{"href":"https:\/\/onlinezooshop.md\/ro\/wp-json\/wp\/v2\/types\/product"}],"wp:featuredmedia":[{"embeddable":true,"href":"https:\/\/onlinezooshop.md\/ro\/wp-json\/wp\/v2\/media\/12651"}],"wp:attachment":[{"href":"https:\/\/onlinezooshop.md\/ro\/wp-json\/wp\/v2\/media?parent=9471"}],"wp:term":[{"taxonomy":"product_cat","embeddable":true,"href":"https:\/\/onlinezooshop.md\/ro\/wp-json\/wp\/v2\/product_cat?post=9471"},{"taxonomy":"product_tag","embeddable":true,"href":"https:\/\/onlinezooshop.md\/ro\/wp-json\/wp\/v2\/product_tag?post=9471"}],"curies":[{"name":"wp","href":"https:\/\/api.w.org\/{rel}","templated":true}]}}