{"id":9484,"date":"2020-11-11T13:55:23","date_gmt":"2020-11-11T10:55:23","guid":{"rendered":"https:\/\/onlinezooshop.md\/?post_type=product&#038;p=9484"},"modified":"2023-05-03T23:28:55","modified_gmt":"2023-05-03T20:28:55","slug":"royal-canin-fit-15kg","status":"publish","type":"product","link":"https:\/\/onlinezooshop.md\/ro\/magazin\/royal-canin-fit-15kg\/","title":{"rendered":"Royal Canin fit 15kg"},"content":{"rendered":"<p>Ingrediente:<\/p>\n<p>Proteine \u200b\u200banimale deshidratate (p\u0103s\u0103ri de curte), gr\u00e2u, orez, gr\u0103simi animale, proteine \u200b\u200banimale deshidratate (porc), f\u0103in\u0103 de cereale, fibre vegetale, hidrolizat de proteine \u200b\u200banimale (arome), drojdie \u0219i subproduse de fermenta\u021bie, izolat de proteine \u200b\u200bvegetale , minerale, ulei de soia, ulei de pe\u0219te, coaj\u0103 \u0219i semin\u021be de psyllium, hidrolizat de drojdie (surs\u0103 de oligozaharide de manan), extract de g\u0103lbenele (surs\u0103 de lutein\u0103).<\/p>\n<p>* L.I.P.: Proteine \u200b\u200bselectate pentru o absorb\u021bie maxim\u0103.<\/p>\n<p>Adaosuri (la 1 kg)<\/p>\n<p>Suplimente nutritive: Vitamina A: 13000 ME, Vitamina D3: 700 ME, Fier: 36 mg, Iod: 3,6 mg, Mangan: 47 mg, Zinc: 140 mg, Celen: 0,09 mg - Ajutoare de procesare: Bisulfat de sodiu: 10 g - Conservan\u021bi - Antioxidan\u021bi.<\/p>\n<p>Con\u021binut nutrient:<\/p>\n<p>Proteine: 32% - Gr\u0103simi: 15% - Minerale: 7,2% - Fibre totale: 4,6% - Extractivi f\u0103r\u0103 azot: 35,7%<\/p>","protected":false},"excerpt":{"rendered":"<div class=\"woocommerce-product-details__short-description\">\n<p>ROYAL CANIN FIT \u2014 Pentru pisici adulte cu v\u00eersta \u00eentre 1-7 ani<\/p>\n<\/div>\n<form class=\"cart\" action=\"http:\/\/zooroyal.md\/ru\/shop\/%d0%b4%d0%bb%d1%8f-%d0%ba%d0%be%d1%88%d0%b5%d0%ba\/%d0%ba%d0%be%d1%80%d0%bc%d0%b0-%d0%b4%d0%bb%d1%8f-%d0%ba%d0%be%d1%88%d0%b5%d0%ba\/%d1%81%d1%83%d1%85%d0%b8%d0%b5-%d0%ba%d0%be%d1%80%d0%bc%d0%b0\/royal-canin-%d1%81%d1%83%d1%85%d0%b8%d0%b5-%d0%ba%d0%be%d1%80%d0%bc%d0%b0\/%d1%84%d0%b8%d0%b7%d0%b8%d0%be%d0%bb%d0%be%d0%b3%d0%b8%d1%87%d0%b5%d1%81%d0%ba%d0%b8%d0%b5-%d0%ba%d0%be%d1%80%d0%bc%d0%b0-%d0%b4%d0%bb%d1%8f-%d0%ba%d0%be%d1%88%d0%b5%d0%ba\/royal-canin-fhn-fit-15k\/\" enctype=\"multipart\/form-data\" method=\"post\" data-trp-original-action=\"http:\/\/zooroyal.md\/ru\/shop\/%d0%b4%d0%bb%d1%8f-%d0%ba%d0%be%d1%88%d0%b5%d0%ba\/%d0%ba%d0%be%d1%80%d0%bc%d0%b0-%d0%b4%d0%bb%d1%8f-%d0%ba%d0%be%d1%88%d0%b5%d0%ba\/%d1%81%d1%83%d1%85%d0%b8%d0%b5-%d0%ba%d0%be%d1%80%d0%bc%d0%b0\/royal-canin-%d1%81%d1%83%d1%85%d0%b8%d0%b5-%d0%ba%d0%be%d1%80%d0%bc%d0%b0\/%d1%84%d0%b8%d0%b7%d0%b8%d0%be%d0%bb%d0%be%d0%b3%d0%b8%d1%87%d0%b5%d1%81%d0%ba%d0%b8%d0%b5-%d0%ba%d0%be%d1%80%d0%bc%d0%b0-%d0%b4%d0%bb%d1%8f-%d0%ba%d0%be%d1%88%d0%b5%d0%ba\/royal-canin-fhn-fit-15k\/\">\n<div class=\"quantity\"><\/div>\n<input type=\"hidden\" name=\"trp-form-language\" value=\"ro\"\/><\/form>","protected":false},"featured_media":9485,"template":"","meta":[],"product_cat":[68,69,75,79],"product_tag":[],"_links":{"self":[{"href":"https:\/\/onlinezooshop.md\/ro\/wp-json\/wp\/v2\/product\/9484"}],"collection":[{"href":"https:\/\/onlinezooshop.md\/ro\/wp-json\/wp\/v2\/product"}],"about":[{"href":"https:\/\/onlinezooshop.md\/ro\/wp-json\/wp\/v2\/types\/product"}],"wp:featuredmedia":[{"embeddable":true,"href":"https:\/\/onlinezooshop.md\/ro\/wp-json\/wp\/v2\/media\/9485"}],"wp:attachment":[{"href":"https:\/\/onlinezooshop.md\/ro\/wp-json\/wp\/v2\/media?parent=9484"}],"wp:term":[{"taxonomy":"product_cat","embeddable":true,"href":"https:\/\/onlinezooshop.md\/ro\/wp-json\/wp\/v2\/product_cat?post=9484"},{"taxonomy":"product_tag","embeddable":true,"href":"https:\/\/onlinezooshop.md\/ro\/wp-json\/wp\/v2\/product_tag?post=9484"}],"curies":[{"name":"wp","href":"https:\/\/api.w.org\/{rel}","templated":true}]}}