{"id":9490,"date":"2020-11-11T13:58:59","date_gmt":"2020-11-11T10:58:59","guid":{"rendered":"https:\/\/onlinezooshop.md\/?post_type=product&#038;p=9490"},"modified":"2025-12-15T12:49:55","modified_gmt":"2025-12-15T09:49:55","slug":"royal-canin-hair-skin-care-2kg","status":"publish","type":"product","link":"https:\/\/onlinezooshop.md\/ro\/magazin\/royal-canin-hair-skin-care-2kg\/","title":{"rendered":"Royal Canin hair &amp; skin care 2kg"},"content":{"rendered":"<p>Ingrediente:<\/p>\n<p>Proteine \u200b\u200banimale deshidratate (p\u0103s\u0103ri de curte), gr\u0103simi animale, izolat de proteine \u200b\u200bvegetale *, orez, f\u0103in\u0103 de cereale, fibre vegetale, gr\u00e2u, hidrolizat de proteine \u200b\u200banimale (arome), drojdie, ulei de soia, minerale, ulei de pe\u0219te, ulei de borage farmacie, extract de g\u0103lbenele erect (surs\u0103 de lutein\u0103).<\/p>\n<p>* L.I.P.: Proteine \u200b\u200bselectate pentru o absorb\u021bie maxim\u0103.<\/p>\n<p>Adaosuri (la 1kg)<\/p>\n<p>Suplimente nutritive: Vitamina A: 26.000 UI, Vitamina D3: 700 UI, E1 (fier): 37 mg, E2 (iod): 3.7 mg, E4 (cupru): 11 mg, E5 (mangan): 48 mg, E6 (zinc): 102 mg, E8 (seleniu): 0,06 mg, conservan\u021bi, antioxidan\u021bi.<\/p>\n<p>Con\u021binutul de nutrien\u021bi<\/p>\n<p>Proteine: 33% - Gr\u0103simi: 22% - Minerale: 6,9% - Total fibre: 5%<\/p>","protected":false},"excerpt":{"rendered":"<p>ROYAL CANIN HAIR &amp; SKIN CARE \u2014 pentru pisici mature cu scopul de a men\u021bine s\u0103n\u0103tatea pielii \u0219i a bl\u0103nii<\/p>\n<p>Produsul con\u021bine:<br \/>\n- O combina\u021bie unic\u0103 de nutrien\u021bi pentru a sus\u021bine func\u021bia de barier\u0103 a pielii.<br \/>\n- Proteine \u200b\u200bde \u00eenalt\u0103 calitate \u0219i aminoacizi speciali pentru a promova cre\u0219terea s\u0103n\u0103toas\u0103 a p\u0103rului \u0219i re\u00eennoirea celulelor pielii.<br \/>\n- Acizii gra\u0219i Omega 3 \u0219i Omega 6, care au un efect benefic asupra st\u0103rii pielii \u0219i a stratului.<\/p>","protected":false},"featured_media":12477,"template":"","meta":[],"product_cat":[68,69,75,79],"product_tag":[],"_links":{"self":[{"href":"https:\/\/onlinezooshop.md\/ro\/wp-json\/wp\/v2\/product\/9490"}],"collection":[{"href":"https:\/\/onlinezooshop.md\/ro\/wp-json\/wp\/v2\/product"}],"about":[{"href":"https:\/\/onlinezooshop.md\/ro\/wp-json\/wp\/v2\/types\/product"}],"wp:featuredmedia":[{"embeddable":true,"href":"https:\/\/onlinezooshop.md\/ro\/wp-json\/wp\/v2\/media\/12477"}],"wp:attachment":[{"href":"https:\/\/onlinezooshop.md\/ro\/wp-json\/wp\/v2\/media?parent=9490"}],"wp:term":[{"taxonomy":"product_cat","embeddable":true,"href":"https:\/\/onlinezooshop.md\/ro\/wp-json\/wp\/v2\/product_cat?post=9490"},{"taxonomy":"product_tag","embeddable":true,"href":"https:\/\/onlinezooshop.md\/ro\/wp-json\/wp\/v2\/product_tag?post=9490"}],"curies":[{"name":"wp","href":"https:\/\/api.w.org\/{rel}","templated":true}]}}