{"id":9497,"date":"2020-11-11T14:04:06","date_gmt":"2020-11-11T11:04:06","guid":{"rendered":"https:\/\/onlinezooshop.md\/?post_type=product&#038;p=9497"},"modified":"2025-12-15T12:53:09","modified_gmt":"2025-12-15T09:53:09","slug":"royal-canin-hairball-care-400g","status":"publish","type":"product","link":"https:\/\/onlinezooshop.md\/ro\/magazin\/royal-canin-hairball-care-400g\/","title":{"rendered":"Royal Canin hairball care 400gr"},"content":{"rendered":"<p>Ingrediente:<\/p>\n<p>Proteine \u200b\u200bdeshidratate de origine animal\u0103 (p\u0103s\u0103ri de curte), proteine \u200b\u200bvegetale izolate *, f\u0103in\u0103 din cereale, fibre vegetale, gr\u00e2u, orez, gr\u0103simi animale, hidrolizat de proteine \u200b\u200banimale (aditivi aromatizan\u021bi), minerale, drojdie, ulei de soia, ulei de pe\u0219te, coji semin\u021be de p\u0103tlagin\u0103 (0,5%), fructooligozaharide.<\/p>\n<p>* L.I.P.: Proteine \u200b\u200bselectate pentru o absorb\u021bie maxim\u0103.<\/p>\n<p>Adaosuri (la 1kg)<\/p>\n<p>Suplimente nutritive: Vitamina A: 25.000 UI, Vitamina D3: 1.000 UI, E1 (fier): 32 mg, E2 (iod): 3.2 mg, E4 (cupru): 10 mg, E5 (mangan): 42 mg, E6 (zinc): 88 mg, E8 (seleniu): 0,05 mg, conservan\u021bi, antioxidan\u021bi.<\/p>\n<p>Con\u021binutul de nutrien\u021bi<\/p>\n<p>Proteine: 34% - Gr\u0103simi: 15% - Minerale: 6,9% - Fibre totale: 6,9%<\/p>","protected":false},"excerpt":{"rendered":"<p>ROYAL CANIN HAIRBALL CARE \u2014Pentru pisicile adulte pentru a preveni formarea de bile de p\u0103r \u00een tractul gastrointestinal.<\/p>\n<p>- Complexul exclusiv pentru \u00ceNGRIJIREA PARULUI, care include o combina\u021bie de diferite tipuri de fibre, inclusiv semin\u021be de p\u0103tlagin\u0103 Psyllium (bogate \u00een mucusul plantei) \u0219i fibre insolubile, favorizeaz\u0103 tranzitul intestinal.<br \/>\n- Drept urmare, l\u00e2na \u00eenghi\u021bit\u0103 nu se acumuleaz\u0103 \u00een stomac \u0219i nu regurgit\u0103, ci este excretat\u0103 \u00een mod regulat \u00een fecale prin intestine.<\/p>","protected":false},"featured_media":12478,"template":"","meta":[],"product_cat":[68,69,75,79],"product_tag":[],"_links":{"self":[{"href":"https:\/\/onlinezooshop.md\/ro\/wp-json\/wp\/v2\/product\/9497"}],"collection":[{"href":"https:\/\/onlinezooshop.md\/ro\/wp-json\/wp\/v2\/product"}],"about":[{"href":"https:\/\/onlinezooshop.md\/ro\/wp-json\/wp\/v2\/types\/product"}],"wp:featuredmedia":[{"embeddable":true,"href":"https:\/\/onlinezooshop.md\/ro\/wp-json\/wp\/v2\/media\/12478"}],"wp:attachment":[{"href":"https:\/\/onlinezooshop.md\/ro\/wp-json\/wp\/v2\/media?parent=9497"}],"wp:term":[{"taxonomy":"product_cat","embeddable":true,"href":"https:\/\/onlinezooshop.md\/ro\/wp-json\/wp\/v2\/product_cat?post=9497"},{"taxonomy":"product_tag","embeddable":true,"href":"https:\/\/onlinezooshop.md\/ro\/wp-json\/wp\/v2\/product_tag?post=9497"}],"curies":[{"name":"wp","href":"https:\/\/api.w.org\/{rel}","templated":true}]}}