{"id":9498,"date":"2020-11-11T14:05:36","date_gmt":"2020-11-11T11:05:36","guid":{"rendered":"https:\/\/onlinezooshop.md\/?post_type=product&#038;p=9498"},"modified":"2025-12-15T12:42:14","modified_gmt":"2025-12-15T09:42:14","slug":"royal-canin-indoor-10kg","status":"publish","type":"product","link":"https:\/\/onlinezooshop.md\/ro\/magazin\/royal-canin-indoor-10kg\/","title":{"rendered":"Royal Canin indoor 10kg"},"content":{"rendered":"<p>Ingrediente:<\/p>\n<p>Gr\u00e2u, orez, proteine \u200b\u200banimale deshidratate (p\u0103s\u0103ri de curte), izolat de proteine \u200b\u200bvegetale *, f\u0103in\u0103 din cereale, gr\u0103simi animale, fibre vegetale, hidrolizat de proteine \u200b\u200banimale (aditivi aromatizan\u021bi), minerale, ulei de soia, drojdie \u0219i subproduse de fermenta\u021bie, pe\u0219te gr\u0103simi, fructo-oligozaharide, coaj\u0103 de psyllium \u0219i semin\u021be (0,5%).<\/p>\n<p>* L.I.P.: Proteine \u200b\u200bselectate pentru o absorb\u021bie maxim\u0103.<\/p>\n<p>Adaosuri (la 1kg)<\/p>\n<p>Suplimente nutritive: Vitamina A: 13500 ME, Vitamina D3: 700 ME, Fier: 40 mg, Iod: 4 mg, Mangan: 51 mg, Zinc: 154 mg, Celen: 0,08 mg - Aditivi tehnologici: Clinoptilolit de origine sedimentar\u0103: 10 d - Conservan\u021bi - Antioxidan\u021bi.<\/p>\n<p>Con\u021binutul de nutrien\u021bi<\/p>\n<p>Proteine: 27% - Gr\u0103simi: 13% - Minerale: 7,3% - Total fibre: 4% - Extractivi f\u0103r\u0103 azot: 43,2%<\/p>","protected":false},"excerpt":{"rendered":"<p>ROYAL CANIN INDOOR \u2014 Hran\u0103 pentru pisici de la 1 la 7 ani, care locuiesc \u00een interior<\/p>\n<p>O pisic\u0103 care tr\u0103ie\u0219te constant \u00een interior este limitat\u0103 \u00een mi\u0219care, a\u0219a c\u0103 \u00ee\u0219i petrece cea mai mare parte a timpului dormind \u0219i m\u00e2nc\u00e2nd.<\/p>\n<ul>\n<li>Activitatea sc\u0103zut\u0103 a pisicii provoac\u0103 mi\u0219c\u0103ri intestinale lente \u0219i, ca rezultat, apari\u021bia scaunelor libere cu miros nepl\u0103cut \u00een\u021bep\u0103tor<\/li>\n<li>Pisicile domestice prezint\u0103 un risc crescut de a deveni supraponderali.<\/li>\n<li>Linsul bl\u0103nii \u00een fiecare zi duce la formarea de bile de p\u0103r \u00een stomacul pisicii.<\/li>\n<\/ul>","protected":false},"featured_media":12476,"template":"","meta":[],"product_cat":[68,69,75,79],"product_tag":[],"_links":{"self":[{"href":"https:\/\/onlinezooshop.md\/ro\/wp-json\/wp\/v2\/product\/9498"}],"collection":[{"href":"https:\/\/onlinezooshop.md\/ro\/wp-json\/wp\/v2\/product"}],"about":[{"href":"https:\/\/onlinezooshop.md\/ro\/wp-json\/wp\/v2\/types\/product"}],"wp:featuredmedia":[{"embeddable":true,"href":"https:\/\/onlinezooshop.md\/ro\/wp-json\/wp\/v2\/media\/12476"}],"wp:attachment":[{"href":"https:\/\/onlinezooshop.md\/ro\/wp-json\/wp\/v2\/media?parent=9498"}],"wp:term":[{"taxonomy":"product_cat","embeddable":true,"href":"https:\/\/onlinezooshop.md\/ro\/wp-json\/wp\/v2\/product_cat?post=9498"},{"taxonomy":"product_tag","embeddable":true,"href":"https:\/\/onlinezooshop.md\/ro\/wp-json\/wp\/v2\/product_tag?post=9498"}],"curies":[{"name":"wp","href":"https:\/\/api.w.org\/{rel}","templated":true}]}}