{"id":9505,"date":"2020-11-11T14:10:04","date_gmt":"2020-11-11T11:10:04","guid":{"rendered":"https:\/\/onlinezooshop.md\/?post_type=product&#038;p=9505"},"modified":"2025-12-15T12:40:21","modified_gmt":"2025-12-15T09:40:21","slug":"royal-canin-indoor-long-hair-2kg","status":"publish","type":"product","link":"https:\/\/onlinezooshop.md\/ro\/magazin\/royal-canin-indoor-long-hair-2kg\/","title":{"rendered":"Royal Canin indoor long hair 2kg"},"content":{"rendered":"<p>Ingrediente:<\/p>\n<p>Orez, proteine \u200b\u200banimale deshidratate (p\u0103s\u0103ri de curte), izolat de proteine \u200b\u200bvegetale *, gr\u00e2u, gr\u0103simi animale, fibre vegetale, hidrolizat de proteine \u200b\u200banimale (arome), f\u0103in\u0103 de cereale, minerale, ulei de soia, drojdie \u0219i subproduse de fermenta\u021bie, pe\u0219te gr\u0103simi, coji \u0219i semin\u021be de p\u0103tlagin\u0103 (0,5%), fructooligozaharide, ulei de borage.<\/p>\n<p>* L.I.P.: Proteine \u200b\u200bselectate pentru o absorb\u021bie maxim\u0103.<\/p>\n<p>Adaosuri (la 1 kg)<\/p>\n<p>Suplimente nutritive: Vitamina A: 22000 ME, Vitamina D3: 800 ME, Fier: 38 mg, Iod: 3,9 mg, Mangan: 50 mg, Zinc: 150 mg, Celen: 0,06 mg - Aditivi tehnologici: Clinoptilolit de origine sedimentar\u0103 : 10 g - Conservan\u021bi - Antioxidan\u021bi.<\/p>\n<p>Con\u021binut nutrient:<\/p>\n<p>Proteine: 30% - Gr\u0103simi: 15% - Minerale: 8,1% - Fibre totale: 4,1% - Extractivi f\u0103r\u0103 azot: 37,3%<\/p>","protected":false},"excerpt":{"rendered":"<p>ROYAL CANIN INDOOR LONG HAIR \u2014 Hran\u0103 pentru pisici de interior, sterilizate<\/p>\n<p>Hrana uscat\u0103 complet\u0103 este potrivit\u0103 pentru pisicile cu v\u00e2rste cuprinse \u00eentre 1 \u0219i 7 ani, care locuiesc permanent acas\u0103 \u0219i cu p\u0103rul lung.<\/p>\n<p>Stilul de via\u021b\u0103 al unei pisici de interior \u0219i blana sa lung\u0103 sunt factori care determin\u0103 necesitatea unei diete speciale.<\/p>\n<ul>\n<li>La pisicile cu p\u0103r lung, care sunt \u00een mod constant \u00een interior, un num\u0103r mare de bulg\u0103ri de p\u0103r se acumuleaz\u0103 \u00een stomac.<\/li>\n<li>Complexul unic de nutrien\u021bi din furaje contribuie la re\u00eennoirea \u0219i conservarea frumuse\u021bii p\u0103rului lung la pisici.<\/li>\n<li>Statul \u00een acas\u0103 cre\u0219te riscul de supraponderalitate la pisici \u0219i \u00eencetine\u0219te tranzitul alimentelor \u00een intestin din cauza motilit\u0103\u021bii afectate a tractului digestiv.<\/li>\n<\/ul>","protected":false},"featured_media":12475,"template":"","meta":[],"product_cat":[68,69,75,79],"product_tag":[],"_links":{"self":[{"href":"https:\/\/onlinezooshop.md\/ro\/wp-json\/wp\/v2\/product\/9505"}],"collection":[{"href":"https:\/\/onlinezooshop.md\/ro\/wp-json\/wp\/v2\/product"}],"about":[{"href":"https:\/\/onlinezooshop.md\/ro\/wp-json\/wp\/v2\/types\/product"}],"wp:featuredmedia":[{"embeddable":true,"href":"https:\/\/onlinezooshop.md\/ro\/wp-json\/wp\/v2\/media\/12475"}],"wp:attachment":[{"href":"https:\/\/onlinezooshop.md\/ro\/wp-json\/wp\/v2\/media?parent=9505"}],"wp:term":[{"taxonomy":"product_cat","embeddable":true,"href":"https:\/\/onlinezooshop.md\/ro\/wp-json\/wp\/v2\/product_cat?post=9505"},{"taxonomy":"product_tag","embeddable":true,"href":"https:\/\/onlinezooshop.md\/ro\/wp-json\/wp\/v2\/product_tag?post=9505"}],"curies":[{"name":"wp","href":"https:\/\/api.w.org\/{rel}","templated":true}]}}