{"id":9509,"date":"2020-11-11T14:13:23","date_gmt":"2020-11-11T11:13:23","guid":{"rendered":"https:\/\/onlinezooshop.md\/?post_type=product&#038;p=9509"},"modified":"2025-12-12T16:56:51","modified_gmt":"2025-12-12T13:56:51","slug":"royal-canin-kitten-2kg","status":"publish","type":"product","link":"https:\/\/onlinezooshop.md\/ro\/magazin\/royal-canin-kitten-2kg\/","title":{"rendered":"Royal Canin kitten 2kg"},"content":{"rendered":"<p>Ingrediente:<\/p>\n<p>Izolat de proteine \u200b\u200bvegetale *, proteine \u200b\u200banimale deshidratate (carne de pas\u0103re), cereale, orez, gr\u0103simi animale, fibre vegetale, hidrolizat de proteine \u200b\u200banimale, minerale, drojdie \u0219i subproduse de fermenta\u021bie, ulei de pe\u0219te, ulei de soia, caren\u0103 \u0219i semin\u021be de psyllium, fructooligozaharide, hidrolizat de drojdie (surs\u0103 de manan oligozaharide), extract de g\u0103lbenele (surs\u0103 de lutein\u0103).<\/p>\n<p>* L.I.P.: Proteine \u200b\u200bselectate pentru o absorb\u021bie maxim\u0103.<\/p>\n<p>Adaosuri (la 1kg)<\/p>\n<p>Suplimente nutritive: Vitamina A: 20500 ME, Vitamina D3: 800 ME, Vitamina E: 600 mg, Fier: 31 mg, Iod: 3,1 mg, Mangan: 41 mg, Zinc: 122 mg, Seleniu: 0,05 mg - Aditivi tehnologici: Clinoptilolit de origine sedimentar\u0103: 10 g - Conservan\u021bi - Antioxidan\u021bi.<\/p>\n<p>Con\u021binutul de nutrien\u021bi<\/p>\n<p>Proteine: 36% - Gr\u0103simi: 18% - Minerale: 7,8% - Fibre totale: 2,3% - Extractivi f\u0103r\u0103 azot - 30,4%<\/p>","protected":false},"excerpt":{"rendered":"<p>ROYAL CANIN KITTEN \u2014 Hran\u0103 complex\u0103 pentru pisoia\u0219 p\u00een\u0103 la 12 luni<\/p>\n<p>\u00cen perioada de cre\u0219tere, sistemul digestiv al pisoiului nu este \u00eenc\u0103 pe deplin format. Combina\u021bia de proteine \u200b\u200bfoarte digerabile (L.I.P. *) \u0219i fibre de specialitate (semin\u021be de psyllium \u0219i FOS-MOS) echilibreaz\u0103 flora intestinal\u0103 \u0219i normalizeaz\u0103 scaunul.<br \/>\n* Proteine \u200b\u200bselectate pentru digestibilitate maxim\u0103<\/p>","protected":false},"featured_media":12470,"template":"","meta":[],"product_cat":[68,69,75,79],"product_tag":[],"_links":{"self":[{"href":"https:\/\/onlinezooshop.md\/ro\/wp-json\/wp\/v2\/product\/9509"}],"collection":[{"href":"https:\/\/onlinezooshop.md\/ro\/wp-json\/wp\/v2\/product"}],"about":[{"href":"https:\/\/onlinezooshop.md\/ro\/wp-json\/wp\/v2\/types\/product"}],"wp:featuredmedia":[{"embeddable":true,"href":"https:\/\/onlinezooshop.md\/ro\/wp-json\/wp\/v2\/media\/12470"}],"wp:attachment":[{"href":"https:\/\/onlinezooshop.md\/ro\/wp-json\/wp\/v2\/media?parent=9509"}],"wp:term":[{"taxonomy":"product_cat","embeddable":true,"href":"https:\/\/onlinezooshop.md\/ro\/wp-json\/wp\/v2\/product_cat?post=9509"},{"taxonomy":"product_tag","embeddable":true,"href":"https:\/\/onlinezooshop.md\/ro\/wp-json\/wp\/v2\/product_tag?post=9509"}],"curies":[{"name":"wp","href":"https:\/\/api.w.org\/{rel}","templated":true}]}}