{"id":9512,"date":"2020-11-11T14:23:20","date_gmt":"2020-11-11T11:23:20","guid":{"rendered":"https:\/\/onlinezooshop.md\/?post_type=product&#038;p=9512"},"modified":"2025-12-12T17:00:43","modified_gmt":"2025-12-12T14:00:43","slug":"royal-canin-kitten-sterilised-2kg","status":"publish","type":"product","link":"https:\/\/onlinezooshop.md\/ro\/magazin\/royal-canin-kitten-sterilised-2kg\/","title":{"rendered":"Royal Canin kitten sterilised 2kg"},"content":{"rendered":"<p>Ingrediente:<\/p>\n<p>Proteine \u200b\u200banimale deshidratate (p\u0103s\u0103ri de curte), orez, izolat de proteine \u200b\u200bvegetale *, gr\u0103simi animale, gr\u00e2u, fibre vegetale, hidrolizat de proteine \u200b\u200banimale (arome), minerale, drojdie \u0219i subproduse de fermenta\u021bie, ulei de pe\u0219te, ulei de soia, coji \u0219i semin\u021be patlagin\u0103, fructooligozaharide, hidrolizat de drojdie (surs\u0103 de mangan oligozaharide), extract de g\u0103lbenele (surs\u0103 de lutein\u0103).<\/p>\n<p>* L.I.P.: Proteine \u200b\u200bselectate pentru o absorb\u021bie maxim\u0103.<\/p>\n<p>Adaosuri (la 1 kg)<\/p>\n<p>Suplimente nutritive: Vitamina A: 19500 ME, Vitamina D3: 700 ME, Vitamina E: 600 mg, Fier: 37 mg, Iod: 3,7 mg, Mangan: 48 mg, Zinc: 145 mg, Celen: 0,06 mg - Aditivi tehnologici: Clinoptilolit de origine sedimentar\u0103: 10 g - Conservan\u021bi - Antioxidan\u021bi.<\/p>\n<p>Con\u021binut nutrient:<\/p>\n<p>Proteine: 34% - Gr\u0103simi: 12% - Minerale: 7,1% - Fibre totale: 9,8% - Extractivi f\u0103r\u0103 azot: 31,6%<\/p>","protected":false},"excerpt":{"rendered":"<p>Hran\u0103 pentru pisoi steriliza\u021bi, p\u00een\u0103 la 12 luni<\/p>\n<p>Hrana uscat\u0103 complet\u0103 este potrivit\u0103 pentru pisoii steriliza\u021bi din momentul interven\u021biei chirurgicale p\u00e2n\u0103 la 12 luni.<\/p>\n<p>CONTROLUL CRE\u0218TERII \u0218I AL GREUT\u0102\u021aII<\/p>\n<p>Dup\u0103 castrare, necesarul de energie al pisicu\u021bei se schimb\u0103, astfel \u00eenc\u00e2t riscul de exces de greutate cre\u0219te. Produsul este formulat cu un con\u021binut moderat de gr\u0103simi, contribuind la limitarea cre\u0219terii \u00een greutate f\u0103r\u0103 a reduce cantitatea de proteine, calciu \u0219i fosfor consumate pentru o cre\u0219tere armonioas\u0103.<\/p>","protected":false},"featured_media":12471,"template":"","meta":[],"product_cat":[68,69,75,79],"product_tag":[],"_links":{"self":[{"href":"https:\/\/onlinezooshop.md\/ro\/wp-json\/wp\/v2\/product\/9512"}],"collection":[{"href":"https:\/\/onlinezooshop.md\/ro\/wp-json\/wp\/v2\/product"}],"about":[{"href":"https:\/\/onlinezooshop.md\/ro\/wp-json\/wp\/v2\/types\/product"}],"wp:featuredmedia":[{"embeddable":true,"href":"https:\/\/onlinezooshop.md\/ro\/wp-json\/wp\/v2\/media\/12471"}],"wp:attachment":[{"href":"https:\/\/onlinezooshop.md\/ro\/wp-json\/wp\/v2\/media?parent=9512"}],"wp:term":[{"taxonomy":"product_cat","embeddable":true,"href":"https:\/\/onlinezooshop.md\/ro\/wp-json\/wp\/v2\/product_cat?post=9512"},{"taxonomy":"product_tag","embeddable":true,"href":"https:\/\/onlinezooshop.md\/ro\/wp-json\/wp\/v2\/product_tag?post=9512"}],"curies":[{"name":"wp","href":"https:\/\/api.w.org\/{rel}","templated":true}]}}