{"id":9514,"date":"2020-11-11T14:24:46","date_gmt":"2020-11-11T11:24:46","guid":{"rendered":"https:\/\/onlinezooshop.md\/?post_type=product&#038;p=9514"},"modified":"2025-12-15T12:34:45","modified_gmt":"2025-12-15T09:34:45","slug":"royal-canin-light-weight-care-2kg","status":"publish","type":"product","link":"https:\/\/onlinezooshop.md\/ro\/magazin\/royal-canin-light-weight-care-2kg\/","title":{"rendered":"Royal Canin Light weight care 1,5\u043a\u0433"},"content":{"rendered":"<p>Ingrediente:<br \/>\nIzolat de proteine \u200b\u200bvegetale *, proteine \u200b\u200banimale deshidratate (p\u0103s\u0103ri de curte), fibre vegetale, gr\u00e2u, orez, f\u0103in\u0103 din cereale, hidrolizat de proteine \u200b\u200banimale (aditivi aromatizan\u021bi), gr\u0103simi animale, minerale, drojdie, ulei de pe\u0219te, coji \u0219i semin\u021be de p\u0103tlagin\u0103 ( 0,5%), ulei de soia.<\/p>\n<p>* L.I.P.: Proteine \u200b\u200bselectate pentru o absorb\u021bie maxim\u0103.<\/p>\n<p>Adaosuri (la 1 kg)<br \/>\nSuplimente nutritive: Vitamina A: 20.000 UI, Vitamina D3: 700 UI, E1 (Fier): 35 mg, E2 (Iod): 3.5 mg, E4 (Cupru): 11 mg, E5 (Mangan): 45 mg, E6 (zinc): 81 mg, E8 (seleniu): 0,05 mg, L-carnitin\u0103: 210 mg, conservan\u021bi, antioxidan\u021bi.<\/p>\n<p>Con\u021binut nutrient:<br \/>\nProteine: 40% - Gr\u0103simi: 10% - Minerale: 7,2% - Fibre totale: 7,6%<\/p>","protected":false},"excerpt":{"rendered":"<div class=\"woocommerce-product-details__short-description\">\n<p>ROYAL CANIN LIGHT WEIGHT CARE \u2014 Eficien\u021b\u0103 dovedit\u0103: REDUCEREA CONSUMULUI DE CALORII CU 17% PE ZI<\/p>\n<\/div>","protected":false},"featured_media":12473,"template":"","meta":[],"product_cat":[68,69,75,79],"product_tag":[],"_links":{"self":[{"href":"https:\/\/onlinezooshop.md\/ro\/wp-json\/wp\/v2\/product\/9514"}],"collection":[{"href":"https:\/\/onlinezooshop.md\/ro\/wp-json\/wp\/v2\/product"}],"about":[{"href":"https:\/\/onlinezooshop.md\/ro\/wp-json\/wp\/v2\/types\/product"}],"wp:featuredmedia":[{"embeddable":true,"href":"https:\/\/onlinezooshop.md\/ro\/wp-json\/wp\/v2\/media\/12473"}],"wp:attachment":[{"href":"https:\/\/onlinezooshop.md\/ro\/wp-json\/wp\/v2\/media?parent=9514"}],"wp:term":[{"taxonomy":"product_cat","embeddable":true,"href":"https:\/\/onlinezooshop.md\/ro\/wp-json\/wp\/v2\/product_cat?post=9514"},{"taxonomy":"product_tag","embeddable":true,"href":"https:\/\/onlinezooshop.md\/ro\/wp-json\/wp\/v2\/product_tag?post=9514"}],"curies":[{"name":"wp","href":"https:\/\/api.w.org\/{rel}","templated":true}]}}