{"id":9519,"date":"2020-11-11T14:28:29","date_gmt":"2020-11-11T11:28:29","guid":{"rendered":"https:\/\/onlinezooshop.md\/?post_type=product&#038;p=9519"},"modified":"2025-12-12T16:53:34","modified_gmt":"2025-12-12T13:53:34","slug":"royal-canin-motherbabycat-400g","status":"publish","type":"product","link":"https:\/\/onlinezooshop.md\/ro\/magazin\/royal-canin-motherbabycat-400g\/","title":{"rendered":"Royal Canin Baby cat 400\u0433"},"content":{"rendered":"<p>Ingrediente:<\/p>\n<p>Proteine \u200b\u200bdeshidratate de origine animal\u0103 (p\u0103s\u0103ri de curte), gr\u0103simi animale, orez, izolat de proteine \u200b\u200bvegetale *, f\u0103in\u0103 de cereale, hidrolizat de proteine \u200b\u200banimale (aditivi aromatizan\u021bi), fibre vegetale, drojdie \u0219i subproduse de fermenta\u021bie, ulei de pe\u0219te, ulei de soia, minerale, fructooligozaharide, hidrolizat de drojdie (surs\u0103 de manano oligozaharide), extract de g\u0103lbenele (surs\u0103 de lutein\u0103).<\/p>\n<p>* L.I.P.: Proteine \u200b\u200bselectate pentru o absorb\u021bie maxim\u0103.<\/p>\n<p>Adaosuri (la 1kg)<\/p>\n<p>Suplimente nutritive: Vitamina A: 25000 ME, Vitamina D3: 1000 ME, Fier: 40 mg, Iod: 4 mg, Mangan: 52 mg, Zinc: 154 mg, Celen: 0,06 mg - Ajutoare de procesare: Clinoptilolit de origine sedimentar\u0103: 5 d - Conservan\u021bi - Antioxidan\u021bi.<\/p>\n<p>Con\u021binutul de nutrien\u021bi<\/p>\n<p>Proteine: 34% - Gr\u0103simi: 25% - Minerale: 7,1% - Fibre totale: 1,8% - Extractivi f\u0103r\u0103 azot: 26,6%<\/p>","protected":false},"excerpt":{"rendered":"<p>ROYAL CANIN MOTHER&amp;BABY CAT \u2014 M\u00e2ncare complet\u0103 pentru pisoi de la 1 la 4 luni, precum \u0219i pentru pisici \u00een timpul sarcinii \u0219i al\u0103pt\u0103rii<\/p>\n<p>Dup\u0103 na\u0219tere, \u00een perioada cuprins\u0103 \u00eentre 4 \u0219i 12 s\u0103pt\u0103m\u00e2ni, imunitatea primit\u0103 de pisoi de la mam\u0103 sl\u0103be\u0219te treptat, iar propriile sale ap\u0103r\u0103ri nu sunt \u00eenc\u0103 pe deplin active. MOTHER &amp; BABYCAT ajut\u0103 la sus\u021binerea ap\u0103r\u0103rii naturale a unui pisoi \u00een prima faz\u0103 a cre\u0219terii datorit\u0103 prebioticelor \u0219i a unui complex antioxidant de vitamina E, vitamina C, taurin\u0103 \u0219i lutein\u0103.<\/p>","protected":false},"featured_media":12469,"template":"","meta":[],"product_cat":[68,69,75,79],"product_tag":[],"_links":{"self":[{"href":"https:\/\/onlinezooshop.md\/ro\/wp-json\/wp\/v2\/product\/9519"}],"collection":[{"href":"https:\/\/onlinezooshop.md\/ro\/wp-json\/wp\/v2\/product"}],"about":[{"href":"https:\/\/onlinezooshop.md\/ro\/wp-json\/wp\/v2\/types\/product"}],"wp:featuredmedia":[{"embeddable":true,"href":"https:\/\/onlinezooshop.md\/ro\/wp-json\/wp\/v2\/media\/12469"}],"wp:attachment":[{"href":"https:\/\/onlinezooshop.md\/ro\/wp-json\/wp\/v2\/media?parent=9519"}],"wp:term":[{"taxonomy":"product_cat","embeddable":true,"href":"https:\/\/onlinezooshop.md\/ro\/wp-json\/wp\/v2\/product_cat?post=9519"},{"taxonomy":"product_tag","embeddable":true,"href":"https:\/\/onlinezooshop.md\/ro\/wp-json\/wp\/v2\/product_tag?post=9519"}],"curies":[{"name":"wp","href":"https:\/\/api.w.org\/{rel}","templated":true}]}}