{"id":9520,"date":"2020-11-11T14:29:52","date_gmt":"2020-11-11T11:29:52","guid":{"rendered":"https:\/\/onlinezooshop.md\/?post_type=product&#038;p=9520"},"modified":"2025-12-15T12:35:12","modified_gmt":"2025-12-15T09:35:12","slug":"royal-canin-oral-care-8kg","status":"publish","type":"product","link":"https:\/\/onlinezooshop.md\/ro\/magazin\/royal-canin-oral-care-8kg\/","title":{"rendered":"Royal Canin Oral care 8kg"},"content":{"rendered":"<p>Ingrediente:<\/p>\n<p>Proteine \u200b\u200bdeshidratate de origine animal\u0103 (p\u0103s\u0103ri de curte), izolat de proteine \u200b\u200bvegetale *, gr\u00e2u, orez, gr\u0103simi animale, f\u0103in\u0103 din cereale, fibre vegetale, hidrolizat de proteine \u200b\u200banimale (aditivi aromatizan\u021bi), minerale, ulei de pe\u0219te, ulei de soia, fructooligozaharide, coaj\u0103 \u0219i semin\u021be de p\u0103tlagin\u0103.<\/p>\n<p>* L.I.P.: Proteine \u200b\u200bselectate pentru o absorb\u021bie maxim\u0103.<\/p>\n<p>Adaosuri (la 1 kg)<\/p>\n<p>Suplimente nutritive: Vitamina A: 24.500 UI, Vitamina D3: 700 UI, E1 (fier): 36 mg, E2 (iod): 3,6 mg, E4 (cupru): 11 mg, E5 (mangan): 47 mg, E6 (zinc): 99 mg, E8 (seleniu): 0,06 mg, conservan\u021bi, antioxidan\u021bi.<\/p>\n<p>Con\u021binut nutrient:<\/p>\n<p>Proteine: 30% - Gr\u0103simi: 15% - Minerale: 7% - Fibre totale: 5,2%<\/p>","protected":false},"excerpt":{"rendered":"<p>ROYAL CANIN ORAL CARE \u2014 Eficien\u021b\u0103 dovedit\u0103:   reduce formarea pietrei dentare p\u00een\u0103 \u0219a 59% \u00een 28 zile<\/p>\n<p><em>Piatra dentar\u0103 se formeaz\u0103 atunci c\u00e2nd placa se acumuleaz\u0103 puternic \u0219i poate duce la miros nepl\u0103cut al gurii \u0219i boli ale gingiilor. Igiena oral\u0103 joac\u0103 un rol critic \u00een men\u021binerea s\u0103n\u0103t\u0103\u021bii pisicii.\u00a0<\/em><\/p>\n<p>ORAL CARE \u2013o formul\u0103 atent echilibrat\u0103 care ajut\u0103 la men\u021binerea s\u0103n\u0103t\u0103\u021bii bucale prin reducerea ratei de formare a pietrei dentare.<\/p>\n<p><em>Ac\u021biune dubl\u0103 a produsului:\u00a0<\/em><br \/>\n- Ac\u021biune mecanic\u0103: forma, textura \u0219i dimensiunea crochetelor ORAL CARE sunt special concepute pentru ac\u021biuni vizate \u0219i \u00eencurajeaz\u0103 pisica s\u0103 mestece bine m\u00e2ncarea. Acest lucru promoveaz\u0103 cur\u0103\u021barea mecanic\u0103 a din\u021bilor \u0219i previne formarea pl\u0103cii.<br \/>\n- Ac\u021biune chimic\u0103: formula este \u00eembog\u0103\u021bit\u0103 cu substan\u021be active (chelatori de calciu), care leag\u0103 calciul con\u021binut \u00een saliv\u0103, prevenind mineralizarea pl\u0103cii dentare.<\/p>","protected":false},"featured_media":12474,"template":"","meta":[],"product_cat":[68,69,75,79],"product_tag":[],"_links":{"self":[{"href":"https:\/\/onlinezooshop.md\/ro\/wp-json\/wp\/v2\/product\/9520"}],"collection":[{"href":"https:\/\/onlinezooshop.md\/ro\/wp-json\/wp\/v2\/product"}],"about":[{"href":"https:\/\/onlinezooshop.md\/ro\/wp-json\/wp\/v2\/types\/product"}],"wp:featuredmedia":[{"embeddable":true,"href":"https:\/\/onlinezooshop.md\/ro\/wp-json\/wp\/v2\/media\/12474"}],"wp:attachment":[{"href":"https:\/\/onlinezooshop.md\/ro\/wp-json\/wp\/v2\/media?parent=9520"}],"wp:term":[{"taxonomy":"product_cat","embeddable":true,"href":"https:\/\/onlinezooshop.md\/ro\/wp-json\/wp\/v2\/product_cat?post=9520"},{"taxonomy":"product_tag","embeddable":true,"href":"https:\/\/onlinezooshop.md\/ro\/wp-json\/wp\/v2\/product_tag?post=9520"}],"curies":[{"name":"wp","href":"https:\/\/api.w.org\/{rel}","templated":true}]}}