{"id":9522,"date":"2020-11-11T14:31:28","date_gmt":"2020-11-11T11:31:28","guid":{"rendered":"https:\/\/onlinezooshop.md\/?post_type=product&#038;p=9522"},"modified":"2025-11-06T13:08:58","modified_gmt":"2025-11-06T10:08:58","slug":"royal-canin-outdoor-2kg","status":"publish","type":"product","link":"https:\/\/onlinezooshop.md\/ro\/magazin\/royal-canin-outdoor-2kg\/","title":{"rendered":"Royal Canin Outdoor 2kg"},"content":{"rendered":"<p>Ingrediente:<br \/>\nOrez, proteine \u200b\u200banimale deshidratate (p\u0103s\u0103ri de curte), gr\u00e2u, gr\u0103simi animale, izolat de proteine \u200b\u200bvegetale *, hidrolizat de proteine \u200b\u200banimale (arome), drojdie \u0219i subproduse de fermenta\u021bie, fibre vegetale, minerale, ulei de pe\u0219te, ulei de soia, fructooligozaharide, hidrolizat drojdie (surs\u0103 de oligozaharide mananice), ulei de borage, extract de g\u0103lbenele (surs\u0103 de lutein\u0103), hidrolizat din coji de crustacee (surs\u0103 de glucozamin\u0103), hidrolizat din cartilaj (surs\u0103 de condroitin\u0103).<\/p>\n<p>* L.I.P.: Proteine \u200b\u200bselectate pentru o absorb\u021bie maxim\u0103.<\/p>\n<p>Adaosuri (la 1 kg)<br \/>\nSuplimente nutritive: Vitamina A: 30500 ME, Vitamina D3: 800 ME, Fier: 40 mg, Iod: 4 mg, Mangan: 52 mg, Zinc: 154 mg, Celen: 0,07 mg - Conservan\u021bi - Antioxidan\u021bi.<\/p>\n<p>Con\u021binut nutrient:<br \/>\nProteine: 30% - Gr\u0103simi: 20% - Minerale: 7,2% - Fibre totale: 1,3% - Extractivi f\u0103r\u0103 azot: 36%<\/p>","protected":false},"excerpt":{"rendered":"<p>ROYAL CANIN OUTDOOR \u2014 hran\u0103 pentru pisici active, care des ies pe afar\u0103<\/p>\n<p>Se recomand\u0103 pisicilor \u00eentre 1 \u0219i 7 ani.<\/p>\n<p>O pisic\u0103 care este \u00een aer liber de obicei duce un stil de via\u021b\u0103 activ \u0219i cheltuie mult\u0103 energie, dar \u00een acela\u0219i timp este susceptibil\u0103 la efectele negative ale multor factori:<\/p>\n<ul>\n<li>O pisic\u0103 care merge adesea la plimbare este expus\u0103 riscului de boli infec\u021bioase \u0219i parazitare, precum \u0219i de r\u0103nire \u00een timpul luptelor \u0219i, prin urmare, are nevoie de o protec\u021bie imunitar\u0103 fiabil\u0103.<\/li>\n<li>Consum\u0103 mult\u0103 energie \u0219i trebuie s\u0103 se adapteze la schimb\u0103rile de temperatur\u0103 ambiant\u0103.<\/li>\n<li>Activitatea crescut\u0103 a pisicii necesit\u0103 dexteritate \u0219i articula\u021bii puternice.<\/li>\n<\/ul>","protected":false},"featured_media":9523,"template":"","meta":[],"product_cat":[68,69,75,79],"product_tag":[],"_links":{"self":[{"href":"https:\/\/onlinezooshop.md\/ro\/wp-json\/wp\/v2\/product\/9522"}],"collection":[{"href":"https:\/\/onlinezooshop.md\/ro\/wp-json\/wp\/v2\/product"}],"about":[{"href":"https:\/\/onlinezooshop.md\/ro\/wp-json\/wp\/v2\/types\/product"}],"wp:featuredmedia":[{"embeddable":true,"href":"https:\/\/onlinezooshop.md\/ro\/wp-json\/wp\/v2\/media\/9523"}],"wp:attachment":[{"href":"https:\/\/onlinezooshop.md\/ro\/wp-json\/wp\/v2\/media?parent=9522"}],"wp:term":[{"taxonomy":"product_cat","embeddable":true,"href":"https:\/\/onlinezooshop.md\/ro\/wp-json\/wp\/v2\/product_cat?post=9522"},{"taxonomy":"product_tag","embeddable":true,"href":"https:\/\/onlinezooshop.md\/ro\/wp-json\/wp\/v2\/product_tag?post=9522"}],"curies":[{"name":"wp","href":"https:\/\/api.w.org\/{rel}","templated":true}]}}