{"id":9528,"date":"2020-11-11T14:58:02","date_gmt":"2020-11-11T11:58:02","guid":{"rendered":"https:\/\/onlinezooshop.md\/?post_type=product&#038;p=9528"},"modified":"2025-12-12T16:49:41","modified_gmt":"2025-12-12T13:49:41","slug":"royal-canin-savour-exigent-400g","status":"publish","type":"product","link":"https:\/\/onlinezooshop.md\/ro\/magazin\/royal-canin-savour-exigent-400g\/","title":{"rendered":"Royal Canin Savour Exigent 400\u0433"},"content":{"rendered":"<p>Ingrediente:<\/p>\n<p>Orez, proteine \u200b\u200bvegetale izolate *, proteine \u200b\u200bdeshidratate de origine animal\u0103 (p\u0103s\u0103ri de curte), gr\u0103simi animale, gr\u00e2u, fibre vegetale, hidrolizat de proteine \u200b\u200banimale (arome), minerale, drojdie \u0219i subproduse de fermenta\u021bie, ulei de soia, fructooligozaharide, ulei de borage.<\/p>\n<p>* L.I.P.: Proteine \u200b\u200bselectate pentru o absorb\u021bie maxim\u0103.<\/p>\n<p>Adaosuri (la 1kg)<\/p>\n<p>Aditivi nutrien\u021bi: Vitamina A: 14500 ME, Vitamina D3: 800 ME, Fier: 37 mg, Iod: 3,7 mg, Mangan: 48 mg, Zinc: 143 mg, Seleniu: 0,08 mg - Aditivi tehnologici: Clinoptilolit de origine sedimentar\u0103 : 5 g, Bisulfat de sodiu: 4 g - Conservan\u021bi - Antioxidan\u021bi.<\/p>\n<p>Con\u021binutul de nutrien\u021bi<\/p>\n<p>Proteine: 33% - Gr\u0103simi: 16% - Minerale: 7,2% - Fibre totale: 3,1% - Extractivi f\u0103r\u0103 azot: 35,2%<\/p>","protected":false},"excerpt":{"rendered":"<p>ROYAL CANIN SAVOUR EXIGENT \u2014 Hran\u0103 pentru pisici preten\u021bioase cu privire la gustul produsului<\/p>\n<p>A avea preferin\u021be alimentare individuale \u00eenseamn\u0103 c\u0103 fiecare pisic\u0103 interpreteaz\u0103 diferit aroma, textura, gustul m\u00e2nc\u0103rii \u0219i senza\u021bia dup\u0103 consum. Fiecare hran\u0103 a familiei Exigent, pe l\u00e2ng\u0103 gustul s\u0103u, are \u0219i o serie de alte propriet\u0103\u021bi originale, specifice.<\/p>","protected":false},"featured_media":12468,"template":"","meta":[],"product_cat":[68,69,75,79],"product_tag":[],"_links":{"self":[{"href":"https:\/\/onlinezooshop.md\/ro\/wp-json\/wp\/v2\/product\/9528"}],"collection":[{"href":"https:\/\/onlinezooshop.md\/ro\/wp-json\/wp\/v2\/product"}],"about":[{"href":"https:\/\/onlinezooshop.md\/ro\/wp-json\/wp\/v2\/types\/product"}],"wp:featuredmedia":[{"embeddable":true,"href":"https:\/\/onlinezooshop.md\/ro\/wp-json\/wp\/v2\/media\/12468"}],"wp:attachment":[{"href":"https:\/\/onlinezooshop.md\/ro\/wp-json\/wp\/v2\/media?parent=9528"}],"wp:term":[{"taxonomy":"product_cat","embeddable":true,"href":"https:\/\/onlinezooshop.md\/ro\/wp-json\/wp\/v2\/product_cat?post=9528"},{"taxonomy":"product_tag","embeddable":true,"href":"https:\/\/onlinezooshop.md\/ro\/wp-json\/wp\/v2\/product_tag?post=9528"}],"curies":[{"name":"wp","href":"https:\/\/api.w.org\/{rel}","templated":true}]}}