{"id":9532,"date":"2020-11-11T15:06:12","date_gmt":"2020-11-11T12:06:12","guid":{"rendered":"https:\/\/onlinezooshop.md\/?post_type=product&#038;p=9532"},"modified":"2025-12-12T16:43:17","modified_gmt":"2025-12-12T13:43:17","slug":"royal-canin-urinary-care-10kg","status":"publish","type":"product","link":"https:\/\/onlinezooshop.md\/ro\/magazin\/royal-canin-urinary-care-10kg\/","title":{"rendered":"Royal Canin Urinary care 10kg"},"content":{"rendered":"<p>Ingrediente:<br \/>\nIzolat de proteine \u200b\u200bvegetale *, proteine \u200b\u200banimale deshidratate (p\u0103s\u0103ri de curte), f\u0103in\u0103 de cereale, orez, gr\u00e2u, fibre vegetale, gr\u0103simi animale, hidrolizat de proteine \u200b\u200banimale (arome), minerale, drojdie, ulei de soia, ulei de pe\u0219te, extract de g\u0103lbenele erect (sursa de lutein\u0103).<\/p>\n<p>* L.I.P.: Proteine \u200b\u200bselectate pentru o absorb\u021bie maxim\u0103.<\/p>\n<p>Adaosuri (la 1 kg)<br \/>\nSuplimente nutritive: Vitamina A: 20.500 UI, Vitamina D3: 700 UI, E1 (fier): 40 mg, E2 (iod): 4 mg, E4 (cupru): 12 mg, E5 (mangan): 52 mg, E6 (zinc ): 109 mg, E8 (seleniu): 0,07 mg, conservan\u021bi, antioxidan\u021bi.<\/p>\n<p>Con\u021binut nutrient:<br \/>\nProteine: 33% - Gr\u0103simi: 13% - Minerale: 6,6% - Total fibre: 5%<\/p>","protected":false},"excerpt":{"rendered":"<p>Eficien\u021b\u0103 dovedit\u0103: x2 PREVENIREA PIETRELOR \u00ceN CALEA URINAR\u0102 \u00ceN 10 ZILE<\/p>\n<p><i>Cristalele se pot forma chiar \u00een urina pisicilor s\u0103n\u0103toase. Mai mul\u021bi factori, inclusiv pH-ul urinei, cresc riscul ca cristalele s\u0103 se transforme \u00een pietre. A m\u00e2nca bine poate ajuta la reducerea ratei de formare a cristalelor urinare.<\/i><\/p>\n<p>URINARY CARE\u00a0\u2013 o formul\u0103 atent echilibrat\u0103 pentru a sus\u021bine s\u0103n\u0103tatea tractului urinar.<\/p>\n<p>Produsul normalizeaz\u0103 concentra\u021bia de minerale din urin\u0103 \u0219i men\u021bine un pH sc\u0103zut al urinei prin sub\u021bierea acesteia.<\/p>\n<p>Datorit\u0103 formulei unice, se creeaz\u0103 condi\u021bii nefavorabile pentru formarea pietrelor \u00een tractul urinar.<\/p>\n<p>Eficien\u021b\u0103 dovedit\u0103: rezultate vizibile dup\u0103 10 zile de hr\u0103nire numai cu URINARY CARE<\/p>\n<p>Riscul de urolitiaz\u0103 este de dou\u0103 ori mai mic *.<\/p>\n<p>* \u00cen compara\u021bie cu hrana obi\u0219nuit\u0103 pentru pisici (studiu intern Royal Canin, 2014). S-a dovedit c\u0103 produsul este eficient, \u00een special \u00eempotriva form\u0103rii cristalelor de struvit.<\/p>","protected":false},"featured_media":12466,"template":"","meta":[],"product_cat":[68,69,75,79],"product_tag":[],"_links":{"self":[{"href":"https:\/\/onlinezooshop.md\/ro\/wp-json\/wp\/v2\/product\/9532"}],"collection":[{"href":"https:\/\/onlinezooshop.md\/ro\/wp-json\/wp\/v2\/product"}],"about":[{"href":"https:\/\/onlinezooshop.md\/ro\/wp-json\/wp\/v2\/types\/product"}],"wp:featuredmedia":[{"embeddable":true,"href":"https:\/\/onlinezooshop.md\/ro\/wp-json\/wp\/v2\/media\/12466"}],"wp:attachment":[{"href":"https:\/\/onlinezooshop.md\/ro\/wp-json\/wp\/v2\/media?parent=9532"}],"wp:term":[{"taxonomy":"product_cat","embeddable":true,"href":"https:\/\/onlinezooshop.md\/ro\/wp-json\/wp\/v2\/product_cat?post=9532"},{"taxonomy":"product_tag","embeddable":true,"href":"https:\/\/onlinezooshop.md\/ro\/wp-json\/wp\/v2\/product_tag?post=9532"}],"curies":[{"name":"wp","href":"https:\/\/api.w.org\/{rel}","templated":true}]}}