{"id":9535,"date":"2020-11-11T15:20:50","date_gmt":"2020-11-11T12:20:50","guid":{"rendered":"https:\/\/onlinezooshop.md\/?post_type=product&#038;p=9535"},"modified":"2023-05-04T00:18:21","modified_gmt":"2023-05-03T21:18:21","slug":"royal-canin-bengal-adult-2kg","status":"publish","type":"product","link":"https:\/\/onlinezooshop.md\/ro\/magazin\/royal-canin-bengal-adult-2kg\/","title":{"rendered":"Royal Canin Bengal adult 2kg"},"content":{"rendered":"<p>Ingrediente:<\/p>\n<p>Proteine \u200b\u200banimale deshidratate (p\u0103s\u0103ri de curte), izolat de proteine \u200b\u200bvegetale *, gr\u00e2u, gr\u0103simi animale, gluten de porumb, porumb, hidrolizat de proteine \u200b\u200banimale (arome), orez, fibre vegetale, extract de cicoare, minerale, ulei de pe\u0219te, ulei de soia, drojdie \u0219i subproduse de fermenta\u021bie, fructooligozaharide, ulei de borage, extract de g\u0103lbenele (surs\u0103 de lutein\u0103).<\/p>\n<p>* L.I.P.: Proteine \u200b\u200bselectate pentru o absorb\u021bie maxim\u0103.<\/p>\n<p>Adaosuri (la 1kg)<\/p>\n<p>Vitamina A: 31000 ME, Vitamina D3: 800 ME, E1 (fier): 32 mg, E2 (iod): 3,2 mg, E4 (cupru): 10 mg, E5 (mangan): 42 mg, E6 (zinc) : 126 mg, E8 (seleniu): 0,07 mg - Aditivi tehnologici: clinoptilolit de origine sedimentar\u0103: 10 g - conservan\u021bi - antioxidan\u021bi.<\/p>\n<p>Con\u021binutul de nutrien\u021bi<\/p>\n<p>Proteine: 40% - Gr\u0103simi: 18% - Minerale: 7,7% - Fibre totale: 3,8%<\/p>","protected":false},"excerpt":{"rendered":"<div class=\"woocommerce-product-details__short-description\">\n<p>ROYAL CANIN BENGAL ADULT \u2014 Hran\u0103 uscat\u0103 special pentru pisici bengale adulte peste 12 luni.<\/p>\n<\/div>\n<form class=\"cart\" action=\"https:\/\/zooroyal.md\/ru\/shop\/%d0%b4%d0%bb%d1%8f-%d0%ba%d0%be%d1%88%d0%b5%d0%ba\/%d0%ba%d0%be%d1%80%d0%bc%d0%b0-%d0%b4%d0%bb%d1%8f-%d0%ba%d0%be%d1%88%d0%b5%d0%ba\/%d1%81%d1%83%d1%85%d0%b8%d0%b5-%d0%ba%d0%be%d1%80%d0%bc%d0%b0\/royal-canin-%d1%81%d1%83%d1%85%d0%b8%d0%b5-%d0%ba%d0%be%d1%80%d0%bc%d0%b0\/%d0%ba%d0%be%d1%80%d0%bc%d0%b0-%d0%bf%d0%be-%d0%bf%d0%be%d1%80%d0%be%d0%b4%d0%b5-%d0%b4%d0%bb%d1%8f-%d0%ba%d0%be%d1%88%d0%b5%d0%ba\/royal-canin-fbn-bengal-2k\/\" enctype=\"multipart\/form-data\" method=\"post\" data-trp-original-action=\"https:\/\/zooroyal.md\/ru\/shop\/%d0%b4%d0%bb%d1%8f-%d0%ba%d0%be%d1%88%d0%b5%d0%ba\/%d0%ba%d0%be%d1%80%d0%bc%d0%b0-%d0%b4%d0%bb%d1%8f-%d0%ba%d0%be%d1%88%d0%b5%d0%ba\/%d1%81%d1%83%d1%85%d0%b8%d0%b5-%d0%ba%d0%be%d1%80%d0%bc%d0%b0\/royal-canin-%d1%81%d1%83%d1%85%d0%b8%d0%b5-%d0%ba%d0%be%d1%80%d0%bc%d0%b0\/%d0%ba%d0%be%d1%80%d0%bc%d0%b0-%d0%bf%d0%be-%d0%bf%d0%be%d1%80%d0%be%d0%b4%d0%b5-%d0%b4%d0%bb%d1%8f-%d0%ba%d0%be%d1%88%d0%b5%d0%ba\/royal-canin-fbn-bengal-2k\/\">\n<div class=\"quantity\"><\/div>\n<input type=\"hidden\" name=\"trp-form-language\" value=\"ro\"\/><\/form>","protected":false},"featured_media":9536,"template":"","meta":[],"product_cat":[68,69,75,78],"product_tag":[],"_links":{"self":[{"href":"https:\/\/onlinezooshop.md\/ro\/wp-json\/wp\/v2\/product\/9535"}],"collection":[{"href":"https:\/\/onlinezooshop.md\/ro\/wp-json\/wp\/v2\/product"}],"about":[{"href":"https:\/\/onlinezooshop.md\/ro\/wp-json\/wp\/v2\/types\/product"}],"wp:featuredmedia":[{"embeddable":true,"href":"https:\/\/onlinezooshop.md\/ro\/wp-json\/wp\/v2\/media\/9536"}],"wp:attachment":[{"href":"https:\/\/onlinezooshop.md\/ro\/wp-json\/wp\/v2\/media?parent=9535"}],"wp:term":[{"taxonomy":"product_cat","embeddable":true,"href":"https:\/\/onlinezooshop.md\/ro\/wp-json\/wp\/v2\/product_cat?post=9535"},{"taxonomy":"product_tag","embeddable":true,"href":"https:\/\/onlinezooshop.md\/ro\/wp-json\/wp\/v2\/product_tag?post=9535"}],"curies":[{"name":"wp","href":"https:\/\/api.w.org\/{rel}","templated":true}]}}