{"id":9541,"date":"2020-11-11T15:26:41","date_gmt":"2020-11-11T12:26:41","guid":{"rendered":"https:\/\/onlinezooshop.md\/?post_type=product&#038;p=9541"},"modified":"2023-05-03T23:49:13","modified_gmt":"2023-05-03T20:49:13","slug":"royal-canin-british-shorthair-adult-400g","status":"publish","type":"product","link":"https:\/\/onlinezooshop.md\/ro\/magazin\/royal-canin-british-shorthair-adult-400g\/","title":{"rendered":"Royal Canin British Shorthair adult 400gr"},"content":{"rendered":"<p>Ingrediente:<\/p>\n<p>Izolat de proteine \u200b\u200bvegetale *, proteine \u200b\u200banimale deshidratate (pas\u0103re), orez, gr\u00e2u, gr\u0103simi animale, fibre vegetale, hidrolizat de proteine \u200b\u200banimale (arome), f\u0103in\u0103 de cereale, ulei de pe\u0219te, ulei de soia, minerale, drojdie \u0219i produse secundare fermenta\u021bie, fructooligozaharide, hidrolizat de drojdie (surs\u0103 de mangan oligozaharide), ulei de borage, extract de g\u0103lbenele (surs\u0103 de lutein\u0103), hidrolizat din coaj\u0103 de crustaceu (surs\u0103 de glucozamin\u0103), hidrolizat din cartilaj (surs\u0103 de condroitin\u0103)<\/p>\n<p>* L.I.P.: Proteine \u200b\u200bselectate pentru o absorb\u021bie maxim\u0103.<\/p>\n<p>Adaosuri (la 1kg)<\/p>\n<p>Vitamina A: 31.000 UI, Vitamina D3: 800 UI, E1 (fier): 40 mg, E2 (iod): 4 mg, E4 (cupru): 12 mg, E5 (mangan): 51 mg, E6 (zinc): 154 mg, E8 (seleniu): 0,08 mg, L-carnitin\u0103: 200 mg, taurin\u0103: 3 g - aditivi tehnologici: clinoptilolit de origine sedimentar\u0103: 10 g - conservan\u021bi - antioxidan\u021bi.<\/p>\n<p>Con\u021binutul de nutrien\u021bi<\/p>\n<p>Proteine: 34% - Gr\u0103simi: 19% - Minerale: 6,8% - Fibre totale: 5,3%<\/p>","protected":false},"excerpt":{"rendered":"<div class=\"woocommerce-product-details__short-description\">\n<p>ROYAL CANIN BRITISH SHORTHAIR ADULT \u2014Hrana completa pentru pisicile britanice cu par scurt de peste 12 luni<\/p>\n<\/div>\n<form class=\"cart\" action=\"https:\/\/zooroyal.md\/ru\/shop\/%d0%b4%d0%bb%d1%8f-%d0%ba%d0%be%d1%88%d0%b5%d0%ba\/%d0%ba%d0%be%d1%80%d0%bc%d0%b0-%d0%b4%d0%bb%d1%8f-%d0%ba%d0%be%d1%88%d0%b5%d0%ba\/%d1%81%d1%83%d1%85%d0%b8%d0%b5-%d0%ba%d0%be%d1%80%d0%bc%d0%b0\/royal-canin-%d1%81%d1%83%d1%85%d0%b8%d0%b5-%d0%ba%d0%be%d1%80%d0%bc%d0%b0\/%d0%ba%d0%be%d1%80%d0%bc%d0%b0-%d0%bf%d0%be-%d0%bf%d0%be%d1%80%d0%be%d0%b4%d0%b5-%d0%b4%d0%bb%d1%8f-%d0%ba%d0%be%d1%88%d0%b5%d0%ba\/royal-canin-fbn-british-shorthair-400-g\/\" enctype=\"multipart\/form-data\" method=\"post\" data-trp-original-action=\"https:\/\/zooroyal.md\/ru\/shop\/%d0%b4%d0%bb%d1%8f-%d0%ba%d0%be%d1%88%d0%b5%d0%ba\/%d0%ba%d0%be%d1%80%d0%bc%d0%b0-%d0%b4%d0%bb%d1%8f-%d0%ba%d0%be%d1%88%d0%b5%d0%ba\/%d1%81%d1%83%d1%85%d0%b8%d0%b5-%d0%ba%d0%be%d1%80%d0%bc%d0%b0\/royal-canin-%d1%81%d1%83%d1%85%d0%b8%d0%b5-%d0%ba%d0%be%d1%80%d0%bc%d0%b0\/%d0%ba%d0%be%d1%80%d0%bc%d0%b0-%d0%bf%d0%be-%d0%bf%d0%be%d1%80%d0%be%d0%b4%d0%b5-%d0%b4%d0%bb%d1%8f-%d0%ba%d0%be%d1%88%d0%b5%d0%ba\/royal-canin-fbn-british-shorthair-400-g\/\">\n<div class=\"quantity\"><\/div>\n<input type=\"hidden\" name=\"trp-form-language\" value=\"ro\"\/><\/form>","protected":false},"featured_media":9539,"template":"","meta":[],"product_cat":[68,69,75,78],"product_tag":[],"_links":{"self":[{"href":"https:\/\/onlinezooshop.md\/ro\/wp-json\/wp\/v2\/product\/9541"}],"collection":[{"href":"https:\/\/onlinezooshop.md\/ro\/wp-json\/wp\/v2\/product"}],"about":[{"href":"https:\/\/onlinezooshop.md\/ro\/wp-json\/wp\/v2\/types\/product"}],"wp:featuredmedia":[{"embeddable":true,"href":"https:\/\/onlinezooshop.md\/ro\/wp-json\/wp\/v2\/media\/9539"}],"wp:attachment":[{"href":"https:\/\/onlinezooshop.md\/ro\/wp-json\/wp\/v2\/media?parent=9541"}],"wp:term":[{"taxonomy":"product_cat","embeddable":true,"href":"https:\/\/onlinezooshop.md\/ro\/wp-json\/wp\/v2\/product_cat?post=9541"},{"taxonomy":"product_tag","embeddable":true,"href":"https:\/\/onlinezooshop.md\/ro\/wp-json\/wp\/v2\/product_tag?post=9541"}],"curies":[{"name":"wp","href":"https:\/\/api.w.org\/{rel}","templated":true}]}}