{"id":9545,"date":"2020-11-11T15:38:26","date_gmt":"2020-11-11T12:38:26","guid":{"rendered":"https:\/\/onlinezooshop.md\/?post_type=product&#038;p=9545"},"modified":"2023-05-05T14:10:14","modified_gmt":"2023-05-05T11:10:14","slug":"royal-canin-british-shorthair-kitten-400g","status":"publish","type":"product","link":"https:\/\/onlinezooshop.md\/ro\/magazin\/royal-canin-british-shorthair-kitten-400g\/","title":{"rendered":"Royal Canin British Shorthair kitten 400gr"},"content":{"rendered":"<p>Ingrediente:<\/p>\n<p>Izolat de proteine \u200b\u200bvegetale *, proteine \u200b\u200banimale deshidratate (pas\u0103re), orez, gr\u00e2u, gr\u0103simi animale, fibre vegetale, hidrolizat de proteine \u200b\u200banimale (arome), f\u0103in\u0103 de cereale, ulei de pe\u0219te, ulei de soia, minerale, drojdie \u0219i produse secundare fermenta\u021bie, fructooligozaharide, hidrolizat de drojdie (surs\u0103 de mangan oligozaharide), ulei de borage, extract de g\u0103lbenele (surs\u0103 de lutein\u0103), hidrolizat din coaj\u0103 de crustaceu (surs\u0103 de glucozamin\u0103), hidrolizat din cartilaj (surs\u0103 de condroitin\u0103)<\/p>\n<p>* L.I.P.: Proteine \u200b\u200bselectate pentru o absorb\u021bie maxim\u0103.<\/p>\n<p>Adaosuri (la 1kg)<\/p>\n<p>Vitamina A: 32.000 UI, vitamina D3: 900 UI, vitamina E: 650 UI, E1 (fier): 37 mg, E2 (iod): 3.7 mg, E4 (cupru): 11 mg, E5 (mangan): 48 mg, E6 (zinc): 145 mg, E8 (seleniu): 0,07 mg, L-carnitin\u0103: 50 mg - ajutoare de procesare: clinoptilolit de origine sedimentar\u0103: 10 g - conservan\u021bi - antioxidan\u021bi.<\/p>\n<p>Con\u021binutul de nutrien\u021bi<\/p>\n<p>Proteine: 38% - Gr\u0103simi: 20% - Minerale: 7,8% - Total fibre: 2,2%<\/p>","protected":false},"excerpt":{"rendered":"<div class=\"woocommerce-product-details__short-description\">\n<p>ROYAL CANIN BRITISH SHORTHAIR KITTEN \u2014 hran\u0103 complet\u0103 pentru pisoi British Shorthair de la 4 la 12 luni<\/p>\n<\/div>\n<form class=\"cart\" action=\"https:\/\/zooroyal.md\/ru\/shop\/%d0%b4%d0%bb%d1%8f-%d0%ba%d0%be%d1%88%d0%b5%d0%ba\/%d0%ba%d0%be%d1%80%d0%bc%d0%b0-%d0%b4%d0%bb%d1%8f-%d0%ba%d0%be%d1%88%d0%b5%d0%ba\/%d1%81%d1%83%d1%85%d0%b8%d0%b5-%d0%ba%d0%be%d1%80%d0%bc%d0%b0\/royal-canin-%d1%81%d1%83%d1%85%d0%b8%d0%b5-%d0%ba%d0%be%d1%80%d0%bc%d0%b0\/%d0%ba%d0%be%d1%80%d0%bc%d0%b0-%d0%bf%d0%be-%d0%bf%d0%be%d1%80%d0%be%d0%b4%d0%b5-%d0%b4%d0%bb%d1%8f-%d0%ba%d0%be%d1%88%d0%b5%d0%ba\/royal-canin-fhn-kitten-british-shorthair-400g\/\" enctype=\"multipart\/form-data\" method=\"post\" data-trp-original-action=\"https:\/\/zooroyal.md\/ru\/shop\/%d0%b4%d0%bb%d1%8f-%d0%ba%d0%be%d1%88%d0%b5%d0%ba\/%d0%ba%d0%be%d1%80%d0%bc%d0%b0-%d0%b4%d0%bb%d1%8f-%d0%ba%d0%be%d1%88%d0%b5%d0%ba\/%d1%81%d1%83%d1%85%d0%b8%d0%b5-%d0%ba%d0%be%d1%80%d0%bc%d0%b0\/royal-canin-%d1%81%d1%83%d1%85%d0%b8%d0%b5-%d0%ba%d0%be%d1%80%d0%bc%d0%b0\/%d0%ba%d0%be%d1%80%d0%bc%d0%b0-%d0%bf%d0%be-%d0%bf%d0%be%d1%80%d0%be%d0%b4%d0%b5-%d0%b4%d0%bb%d1%8f-%d0%ba%d0%be%d1%88%d0%b5%d0%ba\/royal-canin-fhn-kitten-british-shorthair-400g\/\">\n<div class=\"quantity\"><\/div>\n<input type=\"hidden\" name=\"trp-form-language\" value=\"ro\"\/><\/form>","protected":false},"featured_media":9544,"template":"","meta":[],"product_cat":[68,69,75,78],"product_tag":[],"_links":{"self":[{"href":"https:\/\/onlinezooshop.md\/ro\/wp-json\/wp\/v2\/product\/9545"}],"collection":[{"href":"https:\/\/onlinezooshop.md\/ro\/wp-json\/wp\/v2\/product"}],"about":[{"href":"https:\/\/onlinezooshop.md\/ro\/wp-json\/wp\/v2\/types\/product"}],"wp:featuredmedia":[{"embeddable":true,"href":"https:\/\/onlinezooshop.md\/ro\/wp-json\/wp\/v2\/media\/9544"}],"wp:attachment":[{"href":"https:\/\/onlinezooshop.md\/ro\/wp-json\/wp\/v2\/media?parent=9545"}],"wp:term":[{"taxonomy":"product_cat","embeddable":true,"href":"https:\/\/onlinezooshop.md\/ro\/wp-json\/wp\/v2\/product_cat?post=9545"},{"taxonomy":"product_tag","embeddable":true,"href":"https:\/\/onlinezooshop.md\/ro\/wp-json\/wp\/v2\/product_tag?post=9545"}],"curies":[{"name":"wp","href":"https:\/\/api.w.org\/{rel}","templated":true}]}}