{"id":9546,"date":"2020-11-11T15:39:41","date_gmt":"2020-11-11T12:39:41","guid":{"rendered":"https:\/\/onlinezooshop.md\/?post_type=product&#038;p=9546"},"modified":"2025-12-12T16:09:36","modified_gmt":"2025-12-12T13:09:36","slug":"royal-canin-maine-coon-adult-10kg","status":"publish","type":"product","link":"https:\/\/onlinezooshop.md\/ro\/magazin\/royal-canin-maine-coon-adult-10kg\/","title":{"rendered":"Royal Canin Maine Coon adult 10kg"},"content":{"rendered":"<p>Ingrediente:<br \/>\nProteine \u200b\u200banimale deshidratate (p\u0103s\u0103ri de curte), orez, izolat de proteine \u200b\u200bvegetale *, gr\u0103simi animale, f\u0103in\u0103 din cereale, fibre vegetale, hidrolizat de proteine \u200b\u200banimale (arome), minerale, ulei de pe\u0219te, ulei de soia, coc\u0103 \u0219i semin\u021be de psyllium, drojdie \u0219i subproduse de fermenta\u021bie, fructooligozaharide, hidrolizat de drojdie (surs\u0103 de mangan oligozaharide), ulei de borage, extract de ceai verde (surs\u0103 de polifenoli), hidrolizat din coaj\u0103 de crustacee (surs\u0103 de glucozamin\u0103), extract de g\u0103lbenele (surs\u0103 de hidrolizat de lutein\u0103).<\/p>\n<p>* L.I.P.: Proteine \u200b\u200bselectate pentru o absorb\u021bie maxim\u0103.<\/p>\n<p>Adaosuri (la 1 kg)<br \/>\nVitamina A: 30.500 UI, Vitamina D3: 800 UI, E1 (fier): 40 mg, E2 (iod): 4 mg, E4 (cupru): 12 mg, E5 (mangan): 51 mg, E6 (zinc): 154 mg, E8 (seleniu): 0,08 mg, taurin\u0103: 3 g - aditivi tehnologici: clinoptilolit de origine sedimentar\u0103: 10 g - aditivi senzoriali: extract de ceai (surs\u0103 de polifenoli): 0,6 g - conservan\u021bi - antioxidan\u021bi.<\/p>\n<p>Con\u021binut nutrient:<br \/>\nProteine: 31% - Gr\u0103simi: 20% - Minerale: 7,4% - Fibre totale: 5%<\/p>","protected":false},"excerpt":{"rendered":"<div class=\"woocommerce-product-details__short-description\">\n<p>ROYAL CANIN MAINE COON ADULT- HRAN\u0102 COMPLET\u0102 PENTRU PISICI DIN RASA MAINE-COON, CU V\u00ceRSTA MAI MARE DE 15 LUNI<\/p>\n<\/div>\n<form class=\"cart\" action=\"https:\/\/zooroyal.md\/ru\/shop\/%d0%b4%d0%bb%d1%8f-%d0%ba%d0%be%d1%88%d0%b5%d0%ba\/%d0%ba%d0%be%d1%80%d0%bc%d0%b0-%d0%b4%d0%bb%d1%8f-%d0%ba%d0%be%d1%88%d0%b5%d0%ba\/%d1%81%d1%83%d1%85%d0%b8%d0%b5-%d0%ba%d0%be%d1%80%d0%bc%d0%b0\/royal-canin-%d1%81%d1%83%d1%85%d0%b8%d0%b5-%d0%ba%d0%be%d1%80%d0%bc%d0%b0\/%d0%ba%d0%be%d1%80%d0%bc%d0%b0-%d0%bf%d0%be-%d0%bf%d0%be%d1%80%d0%be%d0%b4%d0%b5-%d0%b4%d0%bb%d1%8f-%d0%ba%d0%be%d1%88%d0%b5%d0%ba\/royal-canin-fbn-maine-coon-10kg\/\" enctype=\"multipart\/form-data\" method=\"post\" data-trp-original-action=\"https:\/\/zooroyal.md\/ru\/shop\/%d0%b4%d0%bb%d1%8f-%d0%ba%d0%be%d1%88%d0%b5%d0%ba\/%d0%ba%d0%be%d1%80%d0%bc%d0%b0-%d0%b4%d0%bb%d1%8f-%d0%ba%d0%be%d1%88%d0%b5%d0%ba\/%d1%81%d1%83%d1%85%d0%b8%d0%b5-%d0%ba%d0%be%d1%80%d0%bc%d0%b0\/royal-canin-%d1%81%d1%83%d1%85%d0%b8%d0%b5-%d0%ba%d0%be%d1%80%d0%bc%d0%b0\/%d0%ba%d0%be%d1%80%d0%bc%d0%b0-%d0%bf%d0%be-%d0%bf%d0%be%d1%80%d0%be%d0%b4%d0%b5-%d0%b4%d0%bb%d1%8f-%d0%ba%d0%be%d1%88%d0%b5%d0%ba\/royal-canin-fbn-maine-coon-10kg\/\">\n<div class=\"quantity\"><\/div>\n<input type=\"hidden\" name=\"trp-form-language\" value=\"ro\"\/><\/form>","protected":false},"featured_media":12457,"template":"","meta":[],"product_cat":[68,69,75,78],"product_tag":[],"_links":{"self":[{"href":"https:\/\/onlinezooshop.md\/ro\/wp-json\/wp\/v2\/product\/9546"}],"collection":[{"href":"https:\/\/onlinezooshop.md\/ro\/wp-json\/wp\/v2\/product"}],"about":[{"href":"https:\/\/onlinezooshop.md\/ro\/wp-json\/wp\/v2\/types\/product"}],"wp:featuredmedia":[{"embeddable":true,"href":"https:\/\/onlinezooshop.md\/ro\/wp-json\/wp\/v2\/media\/12457"}],"wp:attachment":[{"href":"https:\/\/onlinezooshop.md\/ro\/wp-json\/wp\/v2\/media?parent=9546"}],"wp:term":[{"taxonomy":"product_cat","embeddable":true,"href":"https:\/\/onlinezooshop.md\/ro\/wp-json\/wp\/v2\/product_cat?post=9546"},{"taxonomy":"product_tag","embeddable":true,"href":"https:\/\/onlinezooshop.md\/ro\/wp-json\/wp\/v2\/product_tag?post=9546"}],"curies":[{"name":"wp","href":"https:\/\/api.w.org\/{rel}","templated":true}]}}