{"id":9551,"date":"2020-11-11T15:43:31","date_gmt":"2020-11-11T12:43:31","guid":{"rendered":"https:\/\/onlinezooshop.md\/?post_type=product&#038;p=9551"},"modified":"2025-12-12T16:11:57","modified_gmt":"2025-12-12T13:11:57","slug":"royal-canin-maine-coon-kitten-2kg","status":"publish","type":"product","link":"https:\/\/onlinezooshop.md\/ro\/magazin\/royal-canin-maine-coon-kitten-2kg\/","title":{"rendered":"Royal Canin Maine Coon kitten 2kg"},"content":{"rendered":"<p>Ingrediente:<br \/>\nProteine \u200b\u200banimale deshidratate (p\u0103s\u0103ri de curte), gr\u0103simi animale, orez, proteine \u200b\u200bvegetale izolate *, gr\u00e2u, f\u0103in\u0103 din cereale, fibre vegetale, hidrolizat de proteine \u200b\u200banimale (arome), drojdie \u0219i subproduse de fermenta\u021bie, ulei de pe\u0219te, ulei de soia, mineral substan\u021be, fructooligozaharide, coaj\u0103 \u0219i semin\u021be de psyllium, hidrolizat de drojdie (surs\u0103 de mangan oligozaharide), ulei de borage, extract de g\u0103lbenele (surs\u0103 de lutein\u0103), hidrolizat din coaj\u0103 de crustacee (surs\u0103 de glucozamin\u0103), hidrolizat de cartilaj (surs\u0103)<\/p>\n<p>* L.I.P.: Proteine \u200b\u200bselectate pentru o absorb\u021bie maxim\u0103.<\/p>\n<p>Adaosuri (la 1 kg)<br \/>\nVitamina A: 33.500 UI, vitamina D3: 900 UI, vitamina E: 670 mg, E1 (fier): 34 mg, E2 (iod): 3,4 mg, E4 (cupru): 10 mg, E5 (mangan): 44 mg, E6 (zinc): 131 mg, E8 (seleniu): 0,07 mg - aditivi tehnologici: clinoptilolit de origine sedimentar\u0103: 10 g - conservan\u021bi - antioxidan\u021bi.<\/p>\n<p>Con\u021binut nutrient:<br \/>\nProteine: 36% - Gr\u0103simi: 23% - Minerale: 8,2% - Fibre totale: 2,8%<\/p>","protected":false},"excerpt":{"rendered":"<div class=\"woocommerce-product-details__short-description\">\n<p>ROYAL CANIN MAINE COON KITTEN \u2014HRAN\u0102 COMPLET\u0102 PENTRU PISICI DIN RASA MAINE-COON V\u00c2RST\u0102 DE 3-15 LUNI<\/p>\n<\/div>\n<form class=\"cart\" action=\"https:\/\/zooroyal.md\/ru\/shop\/%d0%b4%d0%bb%d1%8f-%d0%ba%d0%be%d1%88%d0%b5%d0%ba\/%d0%ba%d0%be%d1%80%d0%bc%d0%b0-%d0%b4%d0%bb%d1%8f-%d0%ba%d0%be%d1%88%d0%b5%d0%ba\/%d1%81%d1%83%d1%85%d0%b8%d0%b5-%d0%ba%d0%be%d1%80%d0%bc%d0%b0\/royal-canin-%d1%81%d1%83%d1%85%d0%b8%d0%b5-%d0%ba%d0%be%d1%80%d0%bc%d0%b0\/%d0%ba%d0%be%d1%80%d0%bc%d0%b0-%d0%bf%d0%be-%d0%bf%d0%be%d1%80%d0%be%d0%b4%d0%b5-%d0%b4%d0%bb%d1%8f-%d0%ba%d0%be%d1%88%d0%b5%d0%ba\/royal-canin-fbn-kitten-maine-coon-2-k\/\" enctype=\"multipart\/form-data\" method=\"post\" data-trp-original-action=\"https:\/\/zooroyal.md\/ru\/shop\/%d0%b4%d0%bb%d1%8f-%d0%ba%d0%be%d1%88%d0%b5%d0%ba\/%d0%ba%d0%be%d1%80%d0%bc%d0%b0-%d0%b4%d0%bb%d1%8f-%d0%ba%d0%be%d1%88%d0%b5%d0%ba\/%d1%81%d1%83%d1%85%d0%b8%d0%b5-%d0%ba%d0%be%d1%80%d0%bc%d0%b0\/royal-canin-%d1%81%d1%83%d1%85%d0%b8%d0%b5-%d0%ba%d0%be%d1%80%d0%bc%d0%b0\/%d0%ba%d0%be%d1%80%d0%bc%d0%b0-%d0%bf%d0%be-%d0%bf%d0%be%d1%80%d0%be%d0%b4%d0%b5-%d0%b4%d0%bb%d1%8f-%d0%ba%d0%be%d1%88%d0%b5%d0%ba\/royal-canin-fbn-kitten-maine-coon-2-k\/\">\n<div class=\"quantity\"><\/div>\n<input type=\"hidden\" name=\"trp-form-language\" value=\"ro\"\/><\/form>","protected":false},"featured_media":12460,"template":"","meta":[],"product_cat":[68,69,75,78],"product_tag":[],"_links":{"self":[{"href":"https:\/\/onlinezooshop.md\/ro\/wp-json\/wp\/v2\/product\/9551"}],"collection":[{"href":"https:\/\/onlinezooshop.md\/ro\/wp-json\/wp\/v2\/product"}],"about":[{"href":"https:\/\/onlinezooshop.md\/ro\/wp-json\/wp\/v2\/types\/product"}],"wp:featuredmedia":[{"embeddable":true,"href":"https:\/\/onlinezooshop.md\/ro\/wp-json\/wp\/v2\/media\/12460"}],"wp:attachment":[{"href":"https:\/\/onlinezooshop.md\/ro\/wp-json\/wp\/v2\/media?parent=9551"}],"wp:term":[{"taxonomy":"product_cat","embeddable":true,"href":"https:\/\/onlinezooshop.md\/ro\/wp-json\/wp\/v2\/product_cat?post=9551"},{"taxonomy":"product_tag","embeddable":true,"href":"https:\/\/onlinezooshop.md\/ro\/wp-json\/wp\/v2\/product_tag?post=9551"}],"curies":[{"name":"wp","href":"https:\/\/api.w.org\/{rel}","templated":true}]}}