{"id":9552,"date":"2020-11-11T15:44:57","date_gmt":"2020-11-11T12:44:57","guid":{"rendered":"https:\/\/onlinezooshop.md\/?post_type=product&#038;p=9552"},"modified":"2023-05-03T23:33:27","modified_gmt":"2023-05-03T20:33:27","slug":"royal-canin-persian-adult-10kg","status":"publish","type":"product","link":"https:\/\/onlinezooshop.md\/ro\/magazin\/royal-canin-persian-adult-10kg\/","title":{"rendered":"Royal Canin Persian adult 10kg"},"content":{"rendered":"<p>Ingrediente:<\/p>\n<p>Proteine \u200b\u200banimale deshidratate (p\u0103s\u0103ri de curte), f\u0103in\u0103 de cereale, izolat de proteine \u200b\u200bvegetale *, gr\u0103simi animale, orez, fibre vegetale, hidrolizat de proteine \u200b\u200banimale (arome), drojdie \u0219i subproduse de fermenta\u021bie, minerale, gr\u00e2u, ulei de pe\u0219te, coaj\u0103 \u0219i semin\u021be de patlagin\u0103, ulei de soia, fructooligozaharide, hidrolizat de drojdie (surs\u0103 de mangan oligozaharide), ulei de borage, extract de g\u0103lbenele (surs\u0103 de lutein\u0103).<\/p>\n<p>* L.I.P.: Proteine \u200b\u200bselectate pentru o absorb\u021bie maxim\u0103.<\/p>\n<p>Adaosuri (la 1 kg)<\/p>\n<p>Vitamina A: 32.000 UI, Vitamina D3: 900 UI, Vitamina E: 650 mg, E1 (fier): 38 mg, E2 (iod): 3,8 mg, E4 (cupru): 12 mg, E5 (mangan): 50 mg, E6 (zinc): 150 mg, E8 (seleniu): 0,08 mg - aditivi tehnologici: clinoptilolit de origine sedimentar\u0103: 10 g - conservan\u021bi - antioxidan\u021bi.<\/p>\n<p>Con\u021binut nutrient:<\/p>\n<p>Proteine: 30% - Gr\u0103simi: 22% - Minerale: 7,4% - Total fibre: 4,7%<\/p>","protected":false},"excerpt":{"rendered":"<div class=\"woocommerce-product-details__short-description\">\n<p>ROYAL CANIN PERSIAN ADULT \u2014 HRAN\u0102 PENTRU PISICI PERSIENE<\/p>\n<\/div>\n<form class=\"cart\" action=\"https:\/\/zooroyal.md\/ru\/shop\/%d0%b4%d0%bb%d1%8f-%d0%ba%d0%be%d1%88%d0%b5%d0%ba\/%d0%ba%d0%be%d1%80%d0%bc%d0%b0-%d0%b4%d0%bb%d1%8f-%d0%ba%d0%be%d1%88%d0%b5%d0%ba\/%d1%81%d1%83%d1%85%d0%b8%d0%b5-%d0%ba%d0%be%d1%80%d0%bc%d0%b0\/royal-canin-%d1%81%d1%83%d1%85%d0%b8%d0%b5-%d0%ba%d0%be%d1%80%d0%bc%d0%b0\/%d0%ba%d0%be%d1%80%d0%bc%d0%b0-%d0%bf%d0%be-%d0%bf%d0%be%d1%80%d0%be%d0%b4%d0%b5-%d0%b4%d0%bb%d1%8f-%d0%ba%d0%be%d1%88%d0%b5%d0%ba\/royal-canin-fbn-persian-10k\/\" enctype=\"multipart\/form-data\" method=\"post\" data-trp-original-action=\"https:\/\/zooroyal.md\/ru\/shop\/%d0%b4%d0%bb%d1%8f-%d0%ba%d0%be%d1%88%d0%b5%d0%ba\/%d0%ba%d0%be%d1%80%d0%bc%d0%b0-%d0%b4%d0%bb%d1%8f-%d0%ba%d0%be%d1%88%d0%b5%d0%ba\/%d1%81%d1%83%d1%85%d0%b8%d0%b5-%d0%ba%d0%be%d1%80%d0%bc%d0%b0\/royal-canin-%d1%81%d1%83%d1%85%d0%b8%d0%b5-%d0%ba%d0%be%d1%80%d0%bc%d0%b0\/%d0%ba%d0%be%d1%80%d0%bc%d0%b0-%d0%bf%d0%be-%d0%bf%d0%be%d1%80%d0%be%d0%b4%d0%b5-%d0%b4%d0%bb%d1%8f-%d0%ba%d0%be%d1%88%d0%b5%d0%ba\/royal-canin-fbn-persian-10k\/\">\n<div class=\"quantity\"><\/div>\n<input type=\"hidden\" name=\"trp-form-language\" value=\"ro\"\/><\/form>","protected":false},"featured_media":9553,"template":"","meta":[],"product_cat":[68,69,75,78],"product_tag":[],"_links":{"self":[{"href":"https:\/\/onlinezooshop.md\/ro\/wp-json\/wp\/v2\/product\/9552"}],"collection":[{"href":"https:\/\/onlinezooshop.md\/ro\/wp-json\/wp\/v2\/product"}],"about":[{"href":"https:\/\/onlinezooshop.md\/ro\/wp-json\/wp\/v2\/types\/product"}],"wp:featuredmedia":[{"embeddable":true,"href":"https:\/\/onlinezooshop.md\/ro\/wp-json\/wp\/v2\/media\/9553"}],"wp:attachment":[{"href":"https:\/\/onlinezooshop.md\/ro\/wp-json\/wp\/v2\/media?parent=9552"}],"wp:term":[{"taxonomy":"product_cat","embeddable":true,"href":"https:\/\/onlinezooshop.md\/ro\/wp-json\/wp\/v2\/product_cat?post=9552"},{"taxonomy":"product_tag","embeddable":true,"href":"https:\/\/onlinezooshop.md\/ro\/wp-json\/wp\/v2\/product_tag?post=9552"}],"curies":[{"name":"wp","href":"https:\/\/api.w.org\/{rel}","templated":true}]}}