{"id":9563,"date":"2020-11-11T15:53:03","date_gmt":"2020-11-11T12:53:03","guid":{"rendered":"https:\/\/onlinezooshop.md\/?post_type=product&#038;p=9563"},"modified":"2025-12-12T16:34:10","modified_gmt":"2025-12-12T13:34:10","slug":"royal-canin-neutered-young-female-35kg","status":"publish","type":"product","link":"https:\/\/onlinezooshop.md\/ro\/magazin\/royal-canin-neutered-young-female-35kg\/","title":{"rendered":"Royal Canin Neutered Satiety Balance 3,5\u043a\u0433"},"content":{"rendered":"<p>Hrana pentru pisici castrate \/sterlizate cu hipersensibilitate a pielii \u0219i a p\u0103rului din momentul interven\u021biei chirurgicale p\u00e2n\u0103 la 7 ani<\/p>\n<p>Indica\u021bii:<br \/>\npisici sterilizate cu piele sensibil\u0103 p\u00een\u0103 la 7 ani<br \/>\nAjutor efectiv pentru pielea sensibil\u0103:<br \/>\nEPA \/ DHA: reglarea func\u021biilor pielii. Acizii gra\u0219i omega 3 g\u0103si\u021bi \u00een uleiul de pe\u0219te pot ajuta la reducerea inflama\u021biei.<br \/>\nAcid gamma linolenic: strat s\u0103n\u0103tos. Uleiul de borag\u0103 este o surs\u0103 unic\u0103 (20%) de acid gamma-linolenic (acid gras Omega 6), care contribuie la catifelarea \u0219i str\u0103lucirea stratului.<br \/>\nVitamine \u0219i oligoelemente: protec\u021bie a pielii. Biotina (o vitamin\u0103 B) men\u021bine echilibrul natural al pielii. Zincul \u00eent\u0103re\u0219te structura pielii \u0219i a stratului (sinteza keratinei). Cuprul \u00eembun\u0103t\u0103\u021be\u0219te culoarea stratului. Diluarea urinei<br \/>\nO cre\u0219tere a volumului de urin\u0103 reduce simultan con\u021binutul de minerale din acesta, din care se formeaz\u0103 cristale de struvit \u0219i oxalat. Astfel, se creeaz\u0103 condi\u021bii nefavorabile pentru formarea pietrelor \u00een tractul urinar.<br \/>\nControlul greut\u0103\u021bii<\/p>","protected":false},"excerpt":{"rendered":"<div class=\"woocommerce-product-details__short-description\">\n<p>NEUTERED YOUNG FEMALE \u2014Hrana pentru pisici sterilizate din momentul interven\u021biei chirurgicale p\u00e2n\u0103 la 7 ani<\/p>\n<\/div>","protected":false},"featured_media":12465,"template":"","meta":[],"product_cat":[68,69,75,76],"product_tag":[],"_links":{"self":[{"href":"https:\/\/onlinezooshop.md\/ro\/wp-json\/wp\/v2\/product\/9563"}],"collection":[{"href":"https:\/\/onlinezooshop.md\/ro\/wp-json\/wp\/v2\/product"}],"about":[{"href":"https:\/\/onlinezooshop.md\/ro\/wp-json\/wp\/v2\/types\/product"}],"wp:featuredmedia":[{"embeddable":true,"href":"https:\/\/onlinezooshop.md\/ro\/wp-json\/wp\/v2\/media\/12465"}],"wp:attachment":[{"href":"https:\/\/onlinezooshop.md\/ro\/wp-json\/wp\/v2\/media?parent=9563"}],"wp:term":[{"taxonomy":"product_cat","embeddable":true,"href":"https:\/\/onlinezooshop.md\/ro\/wp-json\/wp\/v2\/product_cat?post=9563"},{"taxonomy":"product_tag","embeddable":true,"href":"https:\/\/onlinezooshop.md\/ro\/wp-json\/wp\/v2\/product_tag?post=9563"}],"curies":[{"name":"wp","href":"https:\/\/api.w.org\/{rel}","templated":true}]}}