{"id":9564,"date":"2020-11-11T15:55:18","date_gmt":"2020-11-11T12:55:18","guid":{"rendered":"https:\/\/onlinezooshop.md\/?post_type=product&#038;p=9564"},"modified":"2025-12-12T16:35:50","modified_gmt":"2025-12-12T13:35:50","slug":"royal-canin-neutered-young-female-15kg","status":"publish","type":"product","link":"https:\/\/onlinezooshop.md\/ro\/magazin\/royal-canin-neutered-young-female-15kg\/","title":{"rendered":"Royal Canin Neutered Satiety Balance 1,5\u043a\u0433"},"content":{"rendered":"<p>Ingrediente:<\/p>\n<p>Proteine \u200b\u200banimale deshidratate (carne de pas\u0103re), porumb, orez, gluten de gr\u00e2u *, gluten de porumb, hidrolizat de proteine \u200b\u200banimale, fibre vegetale, gr\u0103simi animale, pulp\u0103 de sfecl\u0103, minerale, ulei de pe\u0219te, ulei de soia, fructooligozaharide, extract de g\u0103lbenele (surs\u0103 de lutein\u0103 ).<\/p>\n<p>Adaosuri (la kg)<\/p>\n<p>Suplimente nutritive:<br \/>\nVitamina A: 20.500 UI, Vitamina D3: 700 UI, Fier: 46 mg, Iod: 4,6 mg, Cupru: 8 mg, Mangan: 60 mg, Zinc: 179 mg, Seleniu: 0,08 mg.<br \/>\nAntioxodan\u021bi.<\/p>\n<p>Con\u021binut nutrient:<\/p>\n<p>Proteine \u200b\u200b37 g, Gr\u0103simi 10 g, Minerale 8,4 g, Carbohidra\u021bi 28,1 g, Fibre alimentare 11 g, Omega 6 2,48 g, Omega 3 0,51 g, EPA + DHA 0,27 g, Calciu 1 , 14 g, Fosfor 1,04 g, sodiu 0,9 g, acid linoleic 2,36 g, L-carnitin\u0103 5 mg, energie de schimb (metabolic\u0103) 361,8 kcal<\/p>\n<p>COMPLEX ANTIOXIDANT SINERGIC:<\/p>\n<p>Vitamina E 60 mg, Vitamina C 30 mg, Taurina 210 mg, Luteina 0,5 mg<\/p>\n<p>* L. I. P. (Protein\u0103 sc\u0103zut\u0103 indigestibil\u0103): proteine \u200b\u200bde \u00eenalt\u0103 calitate cu digestibilitate maxim\u0103.<\/p>","protected":false},"excerpt":{"rendered":"<div class=\"woocommerce-product-details__short-description\">\n<p>NEUTERED YOUNG FEMALE \u2014Hrana pentru pisici sterilizate din momentul interven\u021biei chirurgicale p\u00e2n\u0103 la 7 ani<\/p>\n<\/div>","protected":false},"featured_media":12465,"template":"","meta":[],"product_cat":[68,69,75,76],"product_tag":[],"_links":{"self":[{"href":"https:\/\/onlinezooshop.md\/ro\/wp-json\/wp\/v2\/product\/9564"}],"collection":[{"href":"https:\/\/onlinezooshop.md\/ro\/wp-json\/wp\/v2\/product"}],"about":[{"href":"https:\/\/onlinezooshop.md\/ro\/wp-json\/wp\/v2\/types\/product"}],"wp:featuredmedia":[{"embeddable":true,"href":"https:\/\/onlinezooshop.md\/ro\/wp-json\/wp\/v2\/media\/12465"}],"wp:attachment":[{"href":"https:\/\/onlinezooshop.md\/ro\/wp-json\/wp\/v2\/media?parent=9564"}],"wp:term":[{"taxonomy":"product_cat","embeddable":true,"href":"https:\/\/onlinezooshop.md\/ro\/wp-json\/wp\/v2\/product_cat?post=9564"},{"taxonomy":"product_tag","embeddable":true,"href":"https:\/\/onlinezooshop.md\/ro\/wp-json\/wp\/v2\/product_tag?post=9564"}],"curies":[{"name":"wp","href":"https:\/\/api.w.org\/{rel}","templated":true}]}}