{"id":9581,"date":"2020-11-11T16:19:19","date_gmt":"2020-11-11T13:19:19","guid":{"rendered":"https:\/\/onlinezooshop.md\/?post_type=product&#038;p=9581"},"modified":"2025-12-12T16:32:53","modified_gmt":"2025-12-12T13:32:53","slug":"royal-canin-sensible-15kg","status":"publish","type":"product","link":"https:\/\/onlinezooshop.md\/ro\/magazin\/royal-canin-sensible-15kg\/","title":{"rendered":"Royal Canin Sensible 15kg"},"content":{"rendered":"<p>Ingrediente:<\/p>\n<p>Gr\u0103simi animale, orez, proteine \u200b\u200bdeshidratate de origine animal\u0103 (p\u0103s\u0103ri de curte), gr\u00e2u, proteine \u200b\u200bdeshidratate de origine animal\u0103 (carne de porc), izolat de proteine \u200b\u200bvegetale *, f\u0103in\u0103 din cereale, hidrolizat de proteine \u200b\u200banimale (arome), minerale, fibre vegetale, drojdie etc. subproduse de fermenta\u021bie, ulei de pe\u0219te, ulei de soia, fructooligozaharide<\/p>\n<p>* L.I.P.: Proteine \u200b\u200bselectate pentru o absorb\u021bie maxim\u0103.<\/p>\n<p>Adaosuri (la 1kg)<\/p>\n<p>Suplimente nutritive: Vitamina A: 18500 ME, Vitamina D3: 1000 ME, Fier: 37 mg, Iod: 3,7 mg, Mangan: 48 mg, Zinc: 145 mg, Celen: 0,09 mg - Ajutoare de procesare: Bisulfat de sodiu: 10 g, Clinoptilolit de origine sedimentar\u0103: 5 g - Conservan\u021bi - Antioxidan\u021bi.<\/p>\n<p>Con\u021binutul de nutrien\u021bi<\/p>\n<p>Proteine: 33% - Gr\u0103simi: 22% - Minerale: 7,4% - Fibre totale: 1,6% - Extractivi f\u0103r\u0103 azot: 30,5%<\/p>","protected":false},"excerpt":{"rendered":"<p>ROYAL CANIN SENSIBLE \u2014Hrana pentru pisici cu un sistem digestiv sensibil<\/p>\n<ul>\n<li>Sensible 33 a fost special formulat pentru a ajuta la men\u021binerea s\u0103n\u0103t\u0103\u021bii sistemului digestiv al pisicii.<\/li>\n<li>Un echilibru optim al microflorei intestinale promoveaz\u0103, de asemenea, o digestie bun\u0103, men\u021bin\u00e2nd pisica confortabil\u0103.<\/li>\n<\/ul>","protected":false},"featured_media":12463,"template":"","meta":[],"product_cat":[68,69,75,76],"product_tag":[],"_links":{"self":[{"href":"https:\/\/onlinezooshop.md\/ro\/wp-json\/wp\/v2\/product\/9581"}],"collection":[{"href":"https:\/\/onlinezooshop.md\/ro\/wp-json\/wp\/v2\/product"}],"about":[{"href":"https:\/\/onlinezooshop.md\/ro\/wp-json\/wp\/v2\/types\/product"}],"wp:featuredmedia":[{"embeddable":true,"href":"https:\/\/onlinezooshop.md\/ro\/wp-json\/wp\/v2\/media\/12463"}],"wp:attachment":[{"href":"https:\/\/onlinezooshop.md\/ro\/wp-json\/wp\/v2\/media?parent=9581"}],"wp:term":[{"taxonomy":"product_cat","embeddable":true,"href":"https:\/\/onlinezooshop.md\/ro\/wp-json\/wp\/v2\/product_cat?post=9581"},{"taxonomy":"product_tag","embeddable":true,"href":"https:\/\/onlinezooshop.md\/ro\/wp-json\/wp\/v2\/product_tag?post=9581"}],"curies":[{"name":"wp","href":"https:\/\/api.w.org\/{rel}","templated":true}]}}