{"id":9583,"date":"2020-11-11T16:20:24","date_gmt":"2020-11-11T13:20:24","guid":{"rendered":"https:\/\/onlinezooshop.md\/?post_type=product&#038;p=9583"},"modified":"2025-12-12T16:28:37","modified_gmt":"2025-12-12T13:28:37","slug":"skin-coat-1-5-kg","status":"publish","type":"product","link":"https:\/\/onlinezooshop.md\/ro\/magazin\/skin-coat-1-5-kg\/","title":{"rendered":"Royal Canin Skin &#038; Coat 1,5\u043a\u0433"},"content":{"rendered":"<p>Ingrediente: proteine \u200b\u200banimale deshidratate (carne de pas\u0103re), cereale, izolat de proteine \u200b\u200bvegetale *, f\u0103in\u0103 de cereale, fibre vegetale, gr\u0103simi animale, hidrolizat de proteine \u200b\u200banimale (arome), minerale, ulei de pe\u0219te, ulei de soia, fructooligozaharide, ulei de borage farmacie, semin\u021be de coaj\u0103 \u0219i plantain, extract de g\u0103lbenele (surs\u0103 de lutein\u0103).<\/p>\n<p>Suplimente (per kg) ***: Suplimente nutritive: Vitamina A: 29000 ME, Vitamina D3: 800 ME, Fier: 35 mg, Iod: 3,5 mg, Cupru: 11 mg, Mangan: 46 mg, Zinc: 138 mg, Seleniu: 0,07 mg - Aditivi tehnologici: Bisulfat de sodiu: 5 g - Conservan\u021bi - Antioxidan\u021bi. *** Este indicat\u0103 cantitatea de substan\u021be ad\u0103ugat\u0103 la re\u021bet\u0103, cu excep\u021bia con\u021binutului lor natural din componentele furajelor.<\/p>\n<p>Con\u021binut de nutrien\u021bi (la 100 g de furaje): Proteine: 36, Gr\u0103simi: 14, Carbohidra\u021bi: 33, Total fibre: 3,5, Fibre alimentare: 10,2, Calciu: 1,16, Fosfor: 1, Potasiu: 0 8, sodiu: 0,7, clor: 0,93, magneziu: 0,07, cupru: 1,5, zinc: 17,1, taurin\u0103: 0,23, vitamina A: 3200, vitamina E: 59, omega- 6: 3.31, Omega-3: 0.92, EPA + DHA: 0.43 Energie metabolic\u0103: * 384 * Calculat conform NRC 2006.<\/p>","protected":false},"excerpt":{"rendered":"<p>\u0418\u043d\u0433\u0440\u0435\u0434\u0438\u0435\u043d\u0442\u044b: \u0414\u0435\u0433\u0438\u0434\u0440\u0430\u0442\u0438\u0440\u043e\u0432\u0430\u043d\u043d\u044b\u0435 \u0431\u0435\u043b\u043a\u0438 \u0436\u0438\u0432\u043e\u0442\u043d\u043e\u0433\u043e \u043f\u0440\u043e\u0438\u0441\u0445\u043e\u0436\u0434\u0435\u043d\u0438\u044f (\u043f\u0442\u0438\u0446\u0430), \u0437\u043b\u0430\u043a\u0438, \u0438\u0437\u043e\u043b\u044f\u0442 \u0440\u0430\u0441\u0442\u0438\u0442\u0435\u043b\u044c\u043d\u044b\u0445 \u0431\u0435\u043b\u043a\u043e\u0432*, \u043c\u0443\u043a\u0430 \u0438\u0437 \u0437\u0435\u0440\u043d\u043e\u0432\u044b\u0445 \u043a\u0443\u043b\u044c\u0442\u0443\u0440, \u0440\u0430\u0441\u0442\u0438\u0442\u0435\u043b\u044c\u043d\u0430\u044f \u043a\u043b\u0435\u0442\u0447\u0430\u0442\u043a\u0430, \u0436\u0438\u0432\u043e\u0442\u043d\u044b\u0435 \u0436\u0438\u0440\u044b, \u0433\u0438\u0434\u0440\u043e\u043b\u0438\u0437\u0430\u0442 \u0431\u0435\u043b\u043a\u043e\u0432<\/p>","protected":false},"featured_media":12464,"template":"","meta":[],"product_cat":[68,69,75,76],"product_tag":[],"_links":{"self":[{"href":"https:\/\/onlinezooshop.md\/ro\/wp-json\/wp\/v2\/product\/9583"}],"collection":[{"href":"https:\/\/onlinezooshop.md\/ro\/wp-json\/wp\/v2\/product"}],"about":[{"href":"https:\/\/onlinezooshop.md\/ro\/wp-json\/wp\/v2\/types\/product"}],"wp:featuredmedia":[{"embeddable":true,"href":"https:\/\/onlinezooshop.md\/ro\/wp-json\/wp\/v2\/media\/12464"}],"wp:attachment":[{"href":"https:\/\/onlinezooshop.md\/ro\/wp-json\/wp\/v2\/media?parent=9583"}],"wp:term":[{"taxonomy":"product_cat","embeddable":true,"href":"https:\/\/onlinezooshop.md\/ro\/wp-json\/wp\/v2\/product_cat?post=9583"},{"taxonomy":"product_tag","embeddable":true,"href":"https:\/\/onlinezooshop.md\/ro\/wp-json\/wp\/v2\/product_tag?post=9583"}],"curies":[{"name":"wp","href":"https:\/\/api.w.org\/{rel}","templated":true}]}}