{"id":9594,"date":"2020-11-12T11:47:15","date_gmt":"2020-11-12T08:47:15","guid":{"rendered":"https:\/\/onlinezooshop.md\/?post_type=product&#038;p=9594"},"modified":"2025-11-06T11:55:09","modified_gmt":"2025-11-06T08:55:09","slug":"royal-canin-fibre-response-cat-400g","status":"publish","type":"product","link":"https:\/\/onlinezooshop.md\/ro\/magazin\/royal-canin-fibre-response-cat-400g\/","title":{"rendered":"Royal Canin Fibre response cat 400gr"},"content":{"rendered":"<p>Ingrediente:<\/p>\n<p>Proteine \u200b\u200bdeshidratate de pas\u0103re, orez, porumb, gluten de gr\u00e2u *, gr\u0103simi animale, gluten de porumb, coji \u0219i semin\u021be de psyllium, hidrolizat de proteine \u200b\u200banimale, extract de cicoare, minerale, praf de ou, ulei de pe\u0219te, drojdie, ulei de soia, fructooligozaharide (FOS), extract de drojdie (surs\u0103 de oligozaharide mananice), extract de g\u0103lbenele (surs\u0103 de lutein\u0103).<\/p>\n<p>Adaosuri (la kg):<\/p>\n<p>Suplimente nutritive:<br \/>\nVitamina A: 22.000 UI, Vitamina D3: 800 UI, Fier: 39 mg, Iod: 3 mg, Cupru: 7 mg, Mangan: 51 mg, Zinc: 168 mg, Seleniu: 0,07 mg.<br \/>\nAntioxodan\u021bi.<\/p>\n<p>Con\u021binut nutrient:<\/p>\n<p>Proteine \u200b\u200b31 g, Gr\u0103simi 15 g, Carbohidra\u021bi 28,9 g, Fibre alimentare 11,7 g, Fibre totale 2,9 g, Omega 6 2,77 g Omega 3 0,61 g, EPA + DHA 0,32 g, Calciu 1,06 g, fosfor 1 g, sodiu 0,5 g, energie de schimb (metabolic\u0103) 388,6 kcal<\/p>\n<p>* L. I. P. (Protein\u0103 sc\u0103zut\u0103 indigestibil\u0103): proteine \u200b\u200bde \u00eenalt\u0103 calitate cu digestibilitate maxim\u0103.<\/p>","protected":false},"excerpt":{"rendered":"<p>ROYAL CANIN FIBRE RESPONSE CAT \u2014 Dieta pentru pisici cu indigestie<\/p>\n<p>Indica\u021bii:<\/p>\n<ul>\n<li>Constipa\u021bie acut\u0103 sau cronic\u0103<\/li>\n<\/ul>\n<p>Contraindica\u021bii<\/p>\n<ul>\n<li>Obstructie intestinala<\/li>\n<li>Extinderea intestinului gros (megacolon)<\/li>\n<\/ul>\n<p>Not\u0103: Dietele veterinare, inclusiv Royal Canin Fibre Response Cat, sunt concepute pentru a fi administrate sub supravegherea unui medic veterinar. Royal Canin v\u0103 recomand\u0103 s\u0103 solicita\u021bi \u00eentotdeauna sfatul medicului veterinar \u00eenainte de a \u00eencepe sau de a continua cu dieta veterinar\u0103.<\/p>","protected":false},"featured_media":9593,"template":"","meta":[],"product_cat":[68,69,75,77],"product_tag":[],"_links":{"self":[{"href":"https:\/\/onlinezooshop.md\/ro\/wp-json\/wp\/v2\/product\/9594"}],"collection":[{"href":"https:\/\/onlinezooshop.md\/ro\/wp-json\/wp\/v2\/product"}],"about":[{"href":"https:\/\/onlinezooshop.md\/ro\/wp-json\/wp\/v2\/types\/product"}],"wp:featuredmedia":[{"embeddable":true,"href":"https:\/\/onlinezooshop.md\/ro\/wp-json\/wp\/v2\/media\/9593"}],"wp:attachment":[{"href":"https:\/\/onlinezooshop.md\/ro\/wp-json\/wp\/v2\/media?parent=9594"}],"wp:term":[{"taxonomy":"product_cat","embeddable":true,"href":"https:\/\/onlinezooshop.md\/ro\/wp-json\/wp\/v2\/product_cat?post=9594"},{"taxonomy":"product_tag","embeddable":true,"href":"https:\/\/onlinezooshop.md\/ro\/wp-json\/wp\/v2\/product_tag?post=9594"}],"curies":[{"name":"wp","href":"https:\/\/api.w.org\/{rel}","templated":true}]}}