{"id":9599,"date":"2020-11-12T11:53:11","date_gmt":"2020-11-12T08:53:11","guid":{"rendered":"https:\/\/onlinezooshop.md\/?post_type=product&#038;p=9599"},"modified":"2025-11-06T11:52:23","modified_gmt":"2025-11-06T08:52:23","slug":"royal-canin-gastro-intestinal-moderate-calorie-cat-2kg","status":"publish","type":"product","link":"https:\/\/onlinezooshop.md\/ro\/magazin\/royal-canin-gastro-intestinal-moderate-calorie-cat-2kg\/","title":{"rendered":"Royal Canin Gastro-intestinal moderate calorie cat 2kg"},"content":{"rendered":"<p>Ingrediente:<\/p>\n<p>Orez, proteine \u200b\u200bde pas\u0103re deshidratate, gluten de gr\u00e2u *, gluten de porumb, fibre vegetale, hidrolizat de proteine \u200b\u200banimale, gr\u0103simi animale, minerale, ulei de soia, past\u0103 de sfecl\u0103, praf de ou, ulei de pe\u0219te, drojdie, fructooligozaharide (FOS), coaj\u0103 \u0219i semin\u021be patlagin\u0103, hidrolizat de drojdie (surs\u0103 de oligozaharide de manan), extract de g\u0103lbenele (surs\u0103 de lutein\u0103).<\/p>\n<p>Adaosuri (la 1kg):<\/p>\n<p>Suplimente nutritive:<br \/>\nVitamina A: 22.600 UI, Vitamina D3: 800 UI, Fier: 35 mg, Iod: 2,7 mg, Cupru: 6 mg, Mangan: 46 mg, Zinc: 152 mg, Seleniu: 0,06 mg.<br \/>\nAntioxodan\u021bi.<\/p>\n<p>Con\u021binut nutrient:<\/p>\n<p>Proteine \u200b\u200b35 g, Gr\u0103simi 13 g, Carbohidra\u021bi 27,3 g, Fibre alimentare 11,1 g, Total fibre 5 g, Omega 6 3,09 g, Omega 3 0,64 g, EPA + DHA 0,3 g, Calciu 1 , 04 g, fosfor 0,99 g, sodiu 0,5 g, energie de schimb (metabolic\u0103) 371,9 kcal<\/p>\n<p>* L. I. P. (Protein\u0103 sc\u0103zut\u0103 indigestibil\u0103): proteine \u200b\u200bde \u00eenalt\u0103 calitate cu digestibilitate maxim\u0103.<\/p>","protected":false},"excerpt":{"rendered":"<p>ROYAL CANIN GASTRO INTESTINAL MODERATE CALORIE CAT \u2014 Dieta pentru pisici cu indigestie<\/p>\n<p>Indica\u021bii:<\/p>\n<ul>\n<li>Diaree acut\u0103 \u0219i cronic\u0103<\/li>\n<li>Inflama\u021bia intestinal\u0103 cronic\u0103<\/li>\n<li>Digestibilitate slab\u0103 \u0219i absorb\u021bie a nutrien\u021bilor<\/li>\n<li>Proliferarea bacteriilor \u00een intestinul sub\u021bire<\/li>\n<li>Colita<\/li>\n<li>Gastrit\u0103<\/li>\n<li>Pancreatit\u0103<\/li>\n<li>Enteropatie exudativ\u0103<\/li>\n<\/ul>\n<p>Contraindica\u021bii<\/p>\n<ul>\n<li>Nu sunt<\/li>\n<\/ul>\n<p>Not\u0103: Dietele veterinare, inclusiv Royal Canin Gastro Intestinal Calorie moderat\u0103, sunt concepute pentru a fi administrate sub supravegherea unui medic veterinar. Royal Canin v\u0103 recomand\u0103 s\u0103 solicita\u021bi \u00eentotdeauna sfatul medicului veterinar \u00eenainte de a \u00eencepe sau de a continua cu dieta veterinar\u0103.<\/p>","protected":false},"featured_media":9598,"template":"","meta":[],"product_cat":[68,69,75,77],"product_tag":[],"_links":{"self":[{"href":"https:\/\/onlinezooshop.md\/ro\/wp-json\/wp\/v2\/product\/9599"}],"collection":[{"href":"https:\/\/onlinezooshop.md\/ro\/wp-json\/wp\/v2\/product"}],"about":[{"href":"https:\/\/onlinezooshop.md\/ro\/wp-json\/wp\/v2\/types\/product"}],"wp:featuredmedia":[{"embeddable":true,"href":"https:\/\/onlinezooshop.md\/ro\/wp-json\/wp\/v2\/media\/9598"}],"wp:attachment":[{"href":"https:\/\/onlinezooshop.md\/ro\/wp-json\/wp\/v2\/media?parent=9599"}],"wp:term":[{"taxonomy":"product_cat","embeddable":true,"href":"https:\/\/onlinezooshop.md\/ro\/wp-json\/wp\/v2\/product_cat?post=9599"},{"taxonomy":"product_tag","embeddable":true,"href":"https:\/\/onlinezooshop.md\/ro\/wp-json\/wp\/v2\/product_tag?post=9599"}],"curies":[{"name":"wp","href":"https:\/\/api.w.org\/{rel}","templated":true}]}}