{"id":9601,"date":"2020-11-12T11:57:04","date_gmt":"2020-11-12T08:57:04","guid":{"rendered":"https:\/\/onlinezooshop.md\/?post_type=product&#038;p=9601"},"modified":"2025-11-06T11:51:49","modified_gmt":"2025-11-06T08:51:49","slug":"royal-canin-hepatic-cat-2kg","status":"publish","type":"product","link":"https:\/\/onlinezooshop.md\/ro\/magazin\/royal-canin-hepatic-cat-2kg\/","title":{"rendered":"Royal Canin Hepatic Cat 2kg"},"content":{"rendered":"<p>Ingrediente:<\/p>\n<p>Orez, gr\u0103simi animale, porumb, gluten de gr\u00e2u *, proteine \u200b\u200bdeshidratate de origine animal\u0103 (porc) *, gluten de porumb, fibre vegetale, hidrolizat de proteine \u200b\u200banimale, minerale, pulp\u0103 de cicoare, ulei de pe\u0219te, ulei de soia, fructooligozaharide (FOS), hidrolizat de drojdie (surs\u0103 de manano-oligozaharide), extract de g\u0103lbenele (surs\u0103 de lutein\u0103).<\/p>\n<p>Adaosuri (la kg):<\/p>\n<p>Suplimente nutritive:<br \/>\nVitamina A: 15.600 UI, Vitamina D3: 800 UI, Fier: 12 mg, Iod: 5,8 mg, Cupru: 5 mg, Mangan: 57 mg, Zinc: 225 mg, Seleniu: 0,41 mg.<br \/>\nAntioxodan\u021bi.<\/p>\n<p>Con\u021binut nutrient:<\/p>\n<p>Proteine \u200b\u200b26 g, Gr\u0103simi 22 g, Carbohidra\u021bi 28,6 g, Fibre alimentare 11 g, Fibre totale 5 g, Omega 6 4,81 g, Omega 3 0,9, EPA + DHA 0,35 g, Calciu 0,65 g , Fosfor 0,59 g, sodiu 0,3 g, cupru 0,5 mg, zinc 25 mg, energie de schimb (metabolic\u0103) 411 kcal<\/p>\n<p>* L. I. P. (Protein\u0103 sc\u0103zut\u0103 indigestibil\u0103): proteine \u200b\u200bde \u00eenalt\u0103 calitate cu digestibilitate maxim\u0103.<\/p>","protected":false},"excerpt":{"rendered":"<p>ROYAL CANIN HEPATIC CAT 2KG \u2014 DIET\u0102 VETERINAR\u0102 COMPLET\u0102 PENTRU PISI PENTRU BOLILE FICATULUI<\/p>\n<p>Indica\u021bii:<\/p>\n<ul>\n<li>Colangit\u0103 (colangiohepatit\u0103)<\/li>\n<li>Colestaza<\/li>\n<li>Anastomoz\u0103 portocavalie<\/li>\n<li>Encefalopatie hepatica<\/li>\n<li>Insuficien\u021b\u0103 hepatic\u0103<\/li>\n<li>Tulbur\u0103ri de metabolism al cuprului<\/li>\n<\/ul>\n<p>Contraindica\u021bii:<\/p>\n<ul>\n<li>Sarcin\u0103, al\u0103ptarea, cre\u0219tere<\/li>\n<li>Hiperlipidemie<\/li>\n<li>Lipidoz\u0103 hepatic\u0103 felin\u0103 (cu excep\u021bia cazului \u00een care este prezent\u0103 encefalopatie hepatic\u0103)<\/li>\n<\/ul>\n<p>Not\u0103: Dietele veterinare, inclusiv Royal Canin Hepatic, sunt concepute pentru a fi administrate sub supravegherea unui medic veterinar. Royal Canin v\u0103 recomand\u0103 s\u0103 solicita\u021bi \u00eentotdeauna sfatul medicului veterinar \u00eenainte de a \u00eencepe sau de a continua cu dieta veterinar\u0103.<\/p>","protected":false},"featured_media":9602,"template":"","meta":[],"product_cat":[68,69,75,77],"product_tag":[],"_links":{"self":[{"href":"https:\/\/onlinezooshop.md\/ro\/wp-json\/wp\/v2\/product\/9601"}],"collection":[{"href":"https:\/\/onlinezooshop.md\/ro\/wp-json\/wp\/v2\/product"}],"about":[{"href":"https:\/\/onlinezooshop.md\/ro\/wp-json\/wp\/v2\/types\/product"}],"wp:featuredmedia":[{"embeddable":true,"href":"https:\/\/onlinezooshop.md\/ro\/wp-json\/wp\/v2\/media\/9602"}],"wp:attachment":[{"href":"https:\/\/onlinezooshop.md\/ro\/wp-json\/wp\/v2\/media?parent=9601"}],"wp:term":[{"taxonomy":"product_cat","embeddable":true,"href":"https:\/\/onlinezooshop.md\/ro\/wp-json\/wp\/v2\/product_cat?post=9601"},{"taxonomy":"product_tag","embeddable":true,"href":"https:\/\/onlinezooshop.md\/ro\/wp-json\/wp\/v2\/product_tag?post=9601"}],"curies":[{"name":"wp","href":"https:\/\/api.w.org\/{rel}","templated":true}]}}