{"id":9603,"date":"2020-11-12T12:05:57","date_gmt":"2020-11-12T09:05:57","guid":{"rendered":"https:\/\/onlinezooshop.md\/?post_type=product&#038;p=9603"},"modified":"2025-11-06T11:50:35","modified_gmt":"2025-11-06T08:50:35","slug":"royal-canin-hypoallergenic-cat-25kg","status":"publish","type":"product","link":"https:\/\/onlinezooshop.md\/ro\/magazin\/royal-canin-hypoallergenic-cat-25kg\/","title":{"rendered":"Royal Canin Hypoallergenic Cat 2,5kg"},"content":{"rendered":"<p>Ingrediente:<\/p>\n<p>Orez, hidrolizat de izolat de proteine \u200b\u200bdin soia, gr\u0103simi animale, fibre vegetale, minerale, hidrolizat de ficat de pas\u0103re, ulei de soia, pulp\u0103 de sfecl\u0103, ulei de pe\u0219te, fructooligozaharide (FOS), ulei de borage, extract de g\u0103lbenele (surs\u0103 de lutein\u0103).<\/p>\n<p>Adaosuri (la kg):<\/p>\n<p>Suplimente nutritive:<br \/>\nVitamina A: 25.300 UI, Vitamina D3: 800 UI, Fier: 41 mg, Iod: 3 mg, Cupru: 10 mg, Mangan: 55 mg, Zinc: 206 mg.<br \/>\nAntioxodan\u021bi.<\/p>\n<p>Con\u021binut nutrient:<\/p>\n<p>Proteine \u200b\u200b25,5 g, Gr\u0103simi 20 g, Carbohidra\u021bi 34,5 g, Fibre alimentare 8,2 g, Fibre totale 3,6 g, Omega 6 4,74 g, Omega 3 0,83 g, EPA + DHA 0,32 g, acid linoleic 4,56 g, calciu 0,73 g, fosfor 0,7 g, sodiu 0,6 g, cupru 1,5 mg, zinc 25,9 mg, vitamina A 2500 UI, biotin\u0103 0,33 mg, Acid pantotenic 14,9 mg, niacin\u0103 50 mg, arginin\u0103 1,84 g, energie de schimb (metabolic\u0103) 410 kcal<\/p>\n<p>* L. I. P. (Protein\u0103 sc\u0103zut\u0103 indigestibil\u0103): proteine \u200b\u200bde \u00eenalt\u0103 calitate cu digestibilitate maxim\u0103.<\/p>","protected":false},"excerpt":{"rendered":"<p>ROYAL CANIN HYPOALLERGENIC CAT 2,5 KG \u2014 DIETA PENTRU PISI CU ALERGII ALIMENTARE \/ Intoleran\u021b\u0103<\/p>\n<p>Indica\u021bii:<\/p>\n<ul>\n<li>Dieta de eliminare (8-12 s\u0103pt\u0103m\u00e2ni)<\/li>\n<li>Alergie de natur\u0103 alimentar\u0103, manifestat\u0103 prin tulbur\u0103ri ale pielii \u0219i \/ sau ale tractului digestiv<\/li>\n<li>Intoleran\u021b\u0103 la m\u00e2ncare<\/li>\n<li>Inflama\u021bia intestinal\u0103 cronic\u0103<\/li>\n<li>Diaree cronic\u0103<\/li>\n<li>Proliferarea bacteriilor \u00een intestinul sub\u021bire<\/li>\n<li>Constipa\u021bie (dac\u0103 nu exist\u0103 reac\u021bie la fibre)<\/li>\n<\/ul>\n<p>Contraindica\u021bii:<\/p>\n<ul>\n<li>Nu sunt<\/li>\n<\/ul>\n<p>Not\u0103: Dietele veterinare, inclusiv Royal Canin Fibre Hupoallergenic Cat, sunt concepute pentru a fi administrate sub supravegherea unui medic veterinar. Royal Canin v\u0103 recomand\u0103 s\u0103 solicita\u021bi \u00eentotdeauna sfatul medicului veterinar \u00eenainte de a \u00eencepe sau de a continua cu dieta veterinar\u0103.<\/p>","protected":false},"featured_media":9605,"template":"","meta":[],"product_cat":[68,69,75,77],"product_tag":[],"_links":{"self":[{"href":"https:\/\/onlinezooshop.md\/ro\/wp-json\/wp\/v2\/product\/9603"}],"collection":[{"href":"https:\/\/onlinezooshop.md\/ro\/wp-json\/wp\/v2\/product"}],"about":[{"href":"https:\/\/onlinezooshop.md\/ro\/wp-json\/wp\/v2\/types\/product"}],"wp:featuredmedia":[{"embeddable":true,"href":"https:\/\/onlinezooshop.md\/ro\/wp-json\/wp\/v2\/media\/9605"}],"wp:attachment":[{"href":"https:\/\/onlinezooshop.md\/ro\/wp-json\/wp\/v2\/media?parent=9603"}],"wp:term":[{"taxonomy":"product_cat","embeddable":true,"href":"https:\/\/onlinezooshop.md\/ro\/wp-json\/wp\/v2\/product_cat?post=9603"},{"taxonomy":"product_tag","embeddable":true,"href":"https:\/\/onlinezooshop.md\/ro\/wp-json\/wp\/v2\/product_tag?post=9603"}],"curies":[{"name":"wp","href":"https:\/\/api.w.org\/{rel}","templated":true}]}}