{"id":9612,"date":"2020-11-12T12:32:05","date_gmt":"2020-11-12T09:32:05","guid":{"rendered":"https:\/\/onlinezooshop.md\/?post_type=product&#038;p=9612"},"modified":"2025-11-06T11:47:54","modified_gmt":"2025-11-06T08:47:54","slug":"royal-canin-renal-cat-400g","status":"publish","type":"product","link":"https:\/\/onlinezooshop.md\/ro\/magazin\/royal-canin-renal-cat-400g\/","title":{"rendered":"Royal Canin Renal Cat 400gr"},"content":{"rendered":"<p>Ingrediente:<\/p>\n<p>F\u0103in\u0103 de porumb, orez, gr\u0103simi animale, gluten de gr\u00e2u *, izolat de proteine \u200b\u200bdin soia *, fibre vegetale, porumb, gluten de porumb, hidrolizat de proteine \u200b\u200banimale, minerale, pulp\u0103 de cicoare, proteine \u200b\u200bde pas\u0103re deshidratate, ulei de pe\u0219te, ulei de soia, fructooligozaharide (FOS), coaj\u0103 \u0219i semin\u021be de psyllium, extract de g\u0103lbenele (surs\u0103 de lutein\u0103).<\/p>\n<p>Adaosuri (la kg):<\/p>\n<p>Suplimente nutritive:<br \/>\nVitamina A: 20.800 UI, Vitamina D3: 800 UI, Fier: 48 mg, Iod: 4,8 mg, Cupru: 15 mg, Mangan: 62 mg, Zinc: 187 mg.<\/p>\n<p>Aditivi tehnologici:<br \/>\nClinoptilolit de origine sedimentar\u0103 - 2 g<\/p>\n<p>Antioxodan\u021bi.<\/p>\n<p>Con\u021binut nutrient:<\/p>\n<p>Proteine \u200b\u200b23 g, Gr\u0103simi 17 g, Carbohidra\u021bi 38,1 g, Fibre alimentare 10,7 g, Fibre totale 4,7 g, Minerale 5,7 g, Omega 6 3,29 g, Omega 3 0,93 g, EPA + DHA 0,42 g, calciu 0,6 g, fosfor 0,3 g, sodiu 0,4 g, energie de schimb (metabolic\u0103) 392,4 kcal<\/p>\n<p>COMPLEX ANTIOXIDANT SINERGIC:<\/p>\n<p>Vitamina E 60 mg, Vitamina C 30 mg, Taurina 230 mg, Luteina 0,5 mg<\/p>\n<p>* L. I. P. (Protein\u0103 sc\u0103zut\u0103 indigestibil\u0103): proteine \u200b\u200bde \u00eenalt\u0103 calitate cu digestibilitate maxim\u0103.<\/p>","protected":false},"excerpt":{"rendered":"<p>ROYAL CANIN RENAL CAT 400GR \u2014  Insuficien\u021b\u0103 renal\u0103<\/p>\n<p>Indica\u021bii:<\/p>\n<ul>\n<li>Insuficien\u021b\u0103 renal\u0103 cronic\u0103 (CRF)<\/li>\n<li>Prevenirea reapari\u021biei calculilor cu oxalat de calciu la pisicile cu func\u021bie renal\u0103 afectat\u0103<\/li>\n<li>Prevenirea reapari\u021biei urolitiazei (urate, cistine) cauzat\u0103 de sc\u0103derea pH-ului urinei<\/li>\n<\/ul>\n<p>Contraindica\u021bii:<\/p>\n<ul>\n<li>Sarcin\u0103, al\u0103ptarea, cre\u0219tere<\/li>\n<\/ul>\n<p>AVERTISMENT: Dietele veterinare, inclusiv Royal Canin Renal, sunt concepute pentru a fi administrate sub supravegherea unui medic veterinar. Royal Canin v\u0103 recomand\u0103 s\u0103 solicita\u021bi \u00eentotdeauna sfatul medicului veterinar \u00eenainte de a \u00eencepe sau de a continua cu dieta veterinar\u0103.<\/p>","protected":false},"featured_media":9611,"template":"","meta":[],"product_cat":[68,69,75,77],"product_tag":[],"_links":{"self":[{"href":"https:\/\/onlinezooshop.md\/ro\/wp-json\/wp\/v2\/product\/9612"}],"collection":[{"href":"https:\/\/onlinezooshop.md\/ro\/wp-json\/wp\/v2\/product"}],"about":[{"href":"https:\/\/onlinezooshop.md\/ro\/wp-json\/wp\/v2\/types\/product"}],"wp:featuredmedia":[{"embeddable":true,"href":"https:\/\/onlinezooshop.md\/ro\/wp-json\/wp\/v2\/media\/9611"}],"wp:attachment":[{"href":"https:\/\/onlinezooshop.md\/ro\/wp-json\/wp\/v2\/media?parent=9612"}],"wp:term":[{"taxonomy":"product_cat","embeddable":true,"href":"https:\/\/onlinezooshop.md\/ro\/wp-json\/wp\/v2\/product_cat?post=9612"},{"taxonomy":"product_tag","embeddable":true,"href":"https:\/\/onlinezooshop.md\/ro\/wp-json\/wp\/v2\/product_tag?post=9612"}],"curies":[{"name":"wp","href":"https:\/\/api.w.org\/{rel}","templated":true}]}}