{"id":9621,"date":"2020-11-12T12:56:47","date_gmt":"2020-11-12T09:56:47","guid":{"rendered":"https:\/\/onlinezooshop.md\/?post_type=product&#038;p=9621"},"modified":"2025-11-06T11:45:54","modified_gmt":"2025-11-06T08:45:54","slug":"royal-canin-urinary-s-o-400g","status":"publish","type":"product","link":"https:\/\/onlinezooshop.md\/ro\/magazin\/royal-canin-urinary-s-o-400g\/","title":{"rendered":"Royal Canin Urinary S\/O FELINE 400\u0433"},"content":{"rendered":"<p>Ingrediente:<\/p>\n<p>Orez, gluten de gr\u00e2u *, proteine \u200b\u200banimale deshidratate (p\u0103s\u0103ri de curte), f\u0103in\u0103 de porumb, gr\u0103simi animale, hidrolizat de proteine \u200b\u200banimale (aditivi aromatizan\u021bi), gluten de porumb, minerale, fibre vegetale, ulei de pe\u0219te, ulei de soia, fructooligozaharide, extract de g\u0103lbenele ( surs\u0103 de lutein\u0103).<\/p>\n<p>Adaosuri (la 1 kg):<\/p>\n<p>Suplimente nutritive: Vitamina A: 21500 ME, Vitamina D3: 800 ME, Fier: 37 mg, Iod: 3,7 mg, Cupru: 11 mg, Mangan: 48 mg, Zinc: 136 mg, Celeniu: 0,06 mg - Conservan\u021bi - Antioxidan\u021bi.<\/p>\n<p>Con\u021binut nutrient:<\/p>\n<p>Proteine: 34,5% - Gr\u0103simi: 15% - Minerale: 8,9% - Fibre alimentare: 2,9% - Calciu: 0,9% - Fosfor: 0,9% - Sodiu: 1,3% - Cloruri : 2,26% - Potasiu: 1% - Magneziu: 0,05% - Sulf: 0,7% - Taurin\u0103 total\u0103: 0,23% - Substan\u021be care acidific\u0103 urina: Sulfat de calciu (1,25%), DL-metionin\u0103 (0,39%) - EPA \u0219i DHA: 0,37%.<\/p>\n<p>* L. I. P. (Protein\u0103 sc\u0103zut\u0103 indigestibil\u0103): proteine \u200b\u200bde \u00eenalt\u0103 calitate cu digestibilitate maxim\u0103.<\/p>","protected":false},"excerpt":{"rendered":"<p>ROYAL CANIN URINARY S\/O 400G \u2014DIETA PENTRU PISOI CU BOLILE SISTEMULUI URINAR DISTAL<\/p>\n<p>Indica\u021bii:<\/p>\n<ul>\n<li>Dizolvarea struvitei<\/li>\n<li>Prevenirea reapari\u021biei urolitiazei cauzat\u0103 de struvit \u0219i oxalat de calciu<\/li>\n<\/ul>\n<p>Contraindica\u021bii:<\/p>\n<ul>\n<li>Sarcin\u0103, al\u0103ptarea, cre\u0219tere<\/li>\n<li>Insuficien\u021b\u0103 renal\u0103 cronic\u0103<\/li>\n<li>Acidoza metabolic\u0103<\/li>\n<li>Insuficienta cardiaca<\/li>\n<li>Hipertonie<\/li>\n<li>Utilizarea medicamentelor utilizate pentru acidificarea urinei<\/li>\n<\/ul>\n<p>Not\u0103: Dietele veterinare, inclusiv Royal Canin Urinary S \/ O, sunt concepute pentru a fi administrate sub supravegherea unui medic veterinar. Royal Canin v\u0103 recomand\u0103 s\u0103 solicita\u021bi \u00eentotdeauna sfatul medicului veterinar \u00eenainte de a \u00eencepe sau de a continua cu dieta veterinar\u0103.<\/p>","protected":false},"featured_media":9619,"template":"","meta":[],"product_cat":[68,69,75,77],"product_tag":[],"_links":{"self":[{"href":"https:\/\/onlinezooshop.md\/ro\/wp-json\/wp\/v2\/product\/9621"}],"collection":[{"href":"https:\/\/onlinezooshop.md\/ro\/wp-json\/wp\/v2\/product"}],"about":[{"href":"https:\/\/onlinezooshop.md\/ro\/wp-json\/wp\/v2\/types\/product"}],"wp:featuredmedia":[{"embeddable":true,"href":"https:\/\/onlinezooshop.md\/ro\/wp-json\/wp\/v2\/media\/9619"}],"wp:attachment":[{"href":"https:\/\/onlinezooshop.md\/ro\/wp-json\/wp\/v2\/media?parent=9621"}],"wp:term":[{"taxonomy":"product_cat","embeddable":true,"href":"https:\/\/onlinezooshop.md\/ro\/wp-json\/wp\/v2\/product_cat?post=9621"},{"taxonomy":"product_tag","embeddable":true,"href":"https:\/\/onlinezooshop.md\/ro\/wp-json\/wp\/v2\/product_tag?post=9621"}],"curies":[{"name":"wp","href":"https:\/\/api.w.org\/{rel}","templated":true}]}}