{"id":9622,"date":"2020-11-12T13:02:14","date_gmt":"2020-11-12T10:02:14","guid":{"rendered":"https:\/\/onlinezooshop.md\/?post_type=product&#038;p=9622"},"modified":"2025-12-08T16:06:01","modified_gmt":"2025-12-08T13:06:01","slug":"royal-canin-digest-sensitive-care-85gx12sht","status":"publish","type":"product","link":"https:\/\/onlinezooshop.md\/ro\/magazin\/royal-canin-digest-sensitive-care-85gx12sht\/","title":{"rendered":"Royal Canin digest sensitive care, 85\u0433*12\u0448\u0442."},"content":{"rendered":"<p>Ingrediente:<\/p>\n<p>Carne \u0219i m\u0103runtaie, cereale, produse vegetale, minerale, extracte din proteine \u200b\u200bvegetale, diferite zaharuri.<\/p>\n<p>Adaosuri (la 1 kg)<\/p>\n<p>Suplimente nutritive: Vitamina D3: 200 UI, E1 (fier): 3,6 mg, E2 (iod): 0,35 mg, E4 (cupru): 2,8 mg, E5 (mangan): 1 mg, E6 (zinc) ): 11 mg. Aditivi tehnologici: clinoptilolit de origine sedimentar\u0103: 2 g.<\/p>\n<p>Con\u021binut nutrient:<\/p>\n<p>Proteine: 9,50% - Gr\u0103simi: 4% - Minerale: 1,7% - Total fibre: 0,6%<\/p>","protected":false},"excerpt":{"rendered":"<p>Royal Canin Digest Sensitive Care \u2014 Hrana umed\u0103 pentru pisici cu digestie sensibil\u0103<\/p>\n<p>Buc\u0103\u021bi \u00een sos pentru a \u00eembun\u0103t\u0103\u021bi digestia la pisicile domestice adulte de peste 1 an<\/p>\n<p>Pisicile care nu sunt \u00een aer liber sunt inactive fizic \u0219i inactive, astfel \u00eenc\u00e2t s\u0103 poat\u0103 \u00eent\u00e2mpina probleme digestive.<\/p>\n<ul>\n<li>Peste 500 de specii de bacterii coexist\u0103 \u00een mod echilibrat \u00een tractul digestiv al unei pisici.<\/li>\n<li>Dac\u0103 digestia este perturbat\u0103, acest echilibru poate fi perturbat, ceea ce poate duce la efecte nedorite: acumularea de gaze \u0219i scaune libere cu miros \u00een\u021bep\u0103tor.<\/li>\n<li>Pisicile cu digestie sensibil\u0103 necesit\u0103 o diet\u0103 care con\u021bine proteine \u200b\u200bdigerabile \u0219i \u00eei ajut\u0103 s\u0103 \u00ee\u0219i men\u021bin\u0103 greutatea ideal\u0103.<\/li>\n<\/ul>","protected":false},"featured_media":12421,"template":"","meta":[],"product_cat":[68,69,70,74],"product_tag":[],"_links":{"self":[{"href":"https:\/\/onlinezooshop.md\/ro\/wp-json\/wp\/v2\/product\/9622"}],"collection":[{"href":"https:\/\/onlinezooshop.md\/ro\/wp-json\/wp\/v2\/product"}],"about":[{"href":"https:\/\/onlinezooshop.md\/ro\/wp-json\/wp\/v2\/types\/product"}],"wp:featuredmedia":[{"embeddable":true,"href":"https:\/\/onlinezooshop.md\/ro\/wp-json\/wp\/v2\/media\/12421"}],"wp:attachment":[{"href":"https:\/\/onlinezooshop.md\/ro\/wp-json\/wp\/v2\/media?parent=9622"}],"wp:term":[{"taxonomy":"product_cat","embeddable":true,"href":"https:\/\/onlinezooshop.md\/ro\/wp-json\/wp\/v2\/product_cat?post=9622"},{"taxonomy":"product_tag","embeddable":true,"href":"https:\/\/onlinezooshop.md\/ro\/wp-json\/wp\/v2\/product_tag?post=9622"}],"curies":[{"name":"wp","href":"https:\/\/api.w.org\/{rel}","templated":true}]}}