{"id":9625,"date":"2020-11-12T13:04:27","date_gmt":"2020-11-12T10:04:27","guid":{"rendered":"https:\/\/onlinezooshop.md\/?post_type=product&#038;p=9625"},"modified":"2025-12-08T16:06:39","modified_gmt":"2025-12-08T13:06:39","slug":"royal-canin-hairball-care-85gx12sht","status":"publish","type":"product","link":"https:\/\/onlinezooshop.md\/ro\/magazin\/royal-canin-hairball-care-85gx12sht\/","title":{"rendered":"Royal Canin hairball care, 85\u0433*12\u0448\u0442."},"content":{"rendered":"<p>Ingrediente:<\/p>\n<p>Carne \u0219i m\u0103runtaie, cereale, produse vegetale, extracte din proteine \u200b\u200bvegetale, minerale, uleiuri \u0219i gr\u0103simi, diferite zaharuri, drojdie.<\/p>\n<p>Adaosuri (la 1 kg)<\/p>\n<p>Suplimente nutritive: Vitamina D3: 150 UI, E1 (fier): 2 mg, E2 (iod): 0,3 mg, E4 (cupru): 2,3 mg, E5 (mangan): 0,6 mg, E6 (zinc) ): 6 mg. Aditivi tehnologici: clinoptilolit de origine sedimentar\u0103: 2 g.<\/p>\n<p>Con\u021binut nutrient:<\/p>\n<p>Proteine: 7% - Gr\u0103simi: 2,7% - Minerale: 1,6% - Total fibre: 1%<\/p>","protected":false},"excerpt":{"rendered":"<p>Royal Canin Hairball Care \u2014M\u00e2ncare complet\u0103 pentru pisici adulte (buc\u0103\u021bi mici \u00een sos)<\/p>\n<p>Hran\u0103 specializat\u0103 pentru pisici cu sensibilit\u0103\u021bi fiziologice individuale. Formulele umede con\u021bin substan\u021be nutritive vizate pentru a asigura rezultate vizibile \u00een timp<\/p>","protected":false},"featured_media":12423,"template":"","meta":[],"product_cat":[68,69,70,74],"product_tag":[],"_links":{"self":[{"href":"https:\/\/onlinezooshop.md\/ro\/wp-json\/wp\/v2\/product\/9625"}],"collection":[{"href":"https:\/\/onlinezooshop.md\/ro\/wp-json\/wp\/v2\/product"}],"about":[{"href":"https:\/\/onlinezooshop.md\/ro\/wp-json\/wp\/v2\/types\/product"}],"wp:featuredmedia":[{"embeddable":true,"href":"https:\/\/onlinezooshop.md\/ro\/wp-json\/wp\/v2\/media\/12423"}],"wp:attachment":[{"href":"https:\/\/onlinezooshop.md\/ro\/wp-json\/wp\/v2\/media?parent=9625"}],"wp:term":[{"taxonomy":"product_cat","embeddable":true,"href":"https:\/\/onlinezooshop.md\/ro\/wp-json\/wp\/v2\/product_cat?post=9625"},{"taxonomy":"product_tag","embeddable":true,"href":"https:\/\/onlinezooshop.md\/ro\/wp-json\/wp\/v2\/product_tag?post=9625"}],"curies":[{"name":"wp","href":"https:\/\/api.w.org\/{rel}","templated":true}]}}