{"id":9641,"date":"2020-11-12T13:45:36","date_gmt":"2020-11-12T10:45:36","guid":{"rendered":"https:\/\/onlinezooshop.md\/?post_type=product&#038;p=9641"},"modified":"2025-12-08T15:41:18","modified_gmt":"2025-12-08T12:41:18","slug":"royal-canin-british-shorthair-85gx12sht","status":"publish","type":"product","link":"https:\/\/onlinezooshop.md\/ro\/magazin\/royal-canin-british-shorthair-85gx12sht\/","title":{"rendered":"Royal Canin British Shorthair, 85\u0433*12\u0448\u0442."},"content":{"rendered":"<p>Ingrediente:<\/p>\n<p>Carne \u0219i m\u0103runtaie, cereale, pe\u0219te \u0219i m\u0103runtaie, extracte de proteine \u200b\u200bvegetale, uleiuri \u0219i gr\u0103simi, m\u0103runtaie vegetal\u0103, minerale, diferite zaharuri, drojdie.<\/p>\n<p>Adaosuri (la 1 kg)<\/p>\n<p>Vitamina D3: 260 UI, E1 (fier): 8 mg, E2 (iod): 0,33 mg, E4 (cupru): 2,6 mg, E5 (mangan): 2,5 mg, E6 (zinc): 25 mg.<\/p>\n<p>Con\u021binut nutrient:<\/p>\n<p>Proteine: 9% - Gr\u0103simi: 3,2% - Minerale: 1,2% - Total fibre: 0,8%<\/p>","protected":false},"excerpt":{"rendered":"<div class=\"woocommerce-product-details__short-description\">\n<p>Royal Canin British Shorthair \u2014 M\u00e2ncare umed\u0103 pentru pisicile britanice cu p\u0103r scurt, peste 12 luni<\/p>\n<\/div>\n<form class=\"cart\" action=\"http:\/\/zooroyal.md\/ru\/shop\/%d0%b4%d0%bb%d1%8f-%d0%ba%d0%be%d1%88%d0%b5%d0%ba\/%d0%ba%d0%be%d1%80%d0%bc%d0%b0-%d0%b4%d0%bb%d1%8f-%d0%ba%d0%be%d1%88%d0%b5%d0%ba\/%d0%b2%d0%bb%d0%b0%d0%b6%d0%bd%d1%8b%d0%b5-%d0%ba%d0%be%d1%80%d0%bc%d0%b0-%d0%b4%d0%bb%d1%8f-%d0%ba%d0%be%d1%88%d0%b5%d0%ba\/royal-canin-%d0%b2%d0%bb%d0%b0%d0%b6%d0%bd%d1%8b%d0%b5-%d0%ba%d0%be%d1%80%d0%bc%d0%b0-%d0%b4%d0%bb%d1%8f-%d0%ba%d0%be%d1%88%d0%b5%d0%ba\/%d0%ba%d0%be%d1%80%d0%bc%d0%b0-%d0%bf%d0%be-%d0%bf%d0%be%d1%80%d0%be%d0%b4%d0%b5\/royal-canin-british-shorthair-85-g\/\" enctype=\"multipart\/form-data\" method=\"post\" data-trp-original-action=\"http:\/\/zooroyal.md\/ru\/shop\/%d0%b4%d0%bb%d1%8f-%d0%ba%d0%be%d1%88%d0%b5%d0%ba\/%d0%ba%d0%be%d1%80%d0%bc%d0%b0-%d0%b4%d0%bb%d1%8f-%d0%ba%d0%be%d1%88%d0%b5%d0%ba\/%d0%b2%d0%bb%d0%b0%d0%b6%d0%bd%d1%8b%d0%b5-%d0%ba%d0%be%d1%80%d0%bc%d0%b0-%d0%b4%d0%bb%d1%8f-%d0%ba%d0%be%d1%88%d0%b5%d0%ba\/royal-canin-%d0%b2%d0%bb%d0%b0%d0%b6%d0%bd%d1%8b%d0%b5-%d0%ba%d0%be%d1%80%d0%bc%d0%b0-%d0%b4%d0%bb%d1%8f-%d0%ba%d0%be%d1%88%d0%b5%d0%ba\/%d0%ba%d0%be%d1%80%d0%bc%d0%b0-%d0%bf%d0%be-%d0%bf%d0%be%d1%80%d0%be%d0%b4%d0%b5\/royal-canin-british-shorthair-85-g\/\">\n<div class=\"quantity\"><\/div>\n<input type=\"hidden\" name=\"trp-form-language\" value=\"ro\"\/><\/form>","protected":false},"featured_media":9642,"template":"","meta":[],"product_cat":[68,69,70,72],"product_tag":[],"_links":{"self":[{"href":"https:\/\/onlinezooshop.md\/ro\/wp-json\/wp\/v2\/product\/9641"}],"collection":[{"href":"https:\/\/onlinezooshop.md\/ro\/wp-json\/wp\/v2\/product"}],"about":[{"href":"https:\/\/onlinezooshop.md\/ro\/wp-json\/wp\/v2\/types\/product"}],"wp:featuredmedia":[{"embeddable":true,"href":"https:\/\/onlinezooshop.md\/ro\/wp-json\/wp\/v2\/media\/9642"}],"wp:attachment":[{"href":"https:\/\/onlinezooshop.md\/ro\/wp-json\/wp\/v2\/media?parent=9641"}],"wp:term":[{"taxonomy":"product_cat","embeddable":true,"href":"https:\/\/onlinezooshop.md\/ro\/wp-json\/wp\/v2\/product_cat?post=9641"},{"taxonomy":"product_tag","embeddable":true,"href":"https:\/\/onlinezooshop.md\/ro\/wp-json\/wp\/v2\/product_tag?post=9641"}],"curies":[{"name":"wp","href":"https:\/\/api.w.org\/{rel}","templated":true}]}}