{"id":9649,"date":"2020-11-12T13:56:13","date_gmt":"2020-11-12T10:56:13","guid":{"rendered":"https:\/\/onlinezooshop.md\/?post_type=product&#038;p=9649"},"modified":"2025-12-08T16:31:06","modified_gmt":"2025-12-08T13:31:06","slug":"royal-canin-gastro-intestinal-moderate-calorie-85gx12sht","status":"publish","type":"product","link":"https:\/\/onlinezooshop.md\/ro\/magazin\/royal-canin-gastro-intestinal-moderate-calorie-85gx12sht\/","title":{"rendered":"Royal Canin gastro-intestinal moderate calorie, 85\u0433*12\u0448\u0442."},"content":{"rendered":"<p><strong>Ingrediente:<\/strong><\/p>\n<p>Carne de pui \u0219i carne de porc, ficat de pas\u0103re, f\u0103in\u0103 de porumb, gluten de porumb, celuloz\u0103, pulbere de albu\u0219 de ou, minerale (inclusiv microelemente \u00een form\u0103 chelat\u0103), ulei de pe\u0219te, aditiv gelifiant, hidrolizat de drojdie (surs\u0103 de oligozaharide de manan), extract de g\u0103lbenele erect (surs\u0103 de lutein\u0103), vitamine.<\/p>\n<p><strong>Adaosuri (la kg):<\/strong><\/p>\n<p><strong>Suplimente nutritive:<\/strong><br \/>\nVitamina D3: 220 UI, Fier: 7 mg, Iod: 0,02 mg, Cupru: 0,01 mg, Mangan: 2 mg, Zinc: 20 mg.<br \/>\nAntioxodan\u021bi.<\/p>\n<p><strong>Con\u021binut nutrient:<\/strong><\/p>\n<p>Proteine \u200b\u200b7 g, Gr\u0103simi 2,7 g, Carbohidra\u021bi 4,6 g, Fibre alimentare 2 g, Fibre totale 1 g, Omega 6 0,5 g, Omega 3 0,06 g, EPA + DHA 0,05 g, Calciu 0 , 38 g, Fosfor 0,24 g, sodiu 0,1 g, potasiu 0,11 g, energie de schimb 70,8 kcal<\/p>","protected":false},"excerpt":{"rendered":"<p>ROYAL CANIN GASTRO INTESTINAL MODERATE CALORIE- hran\u0103 medicinal\u0103 umed\u0103 pentru pisici cu tulbur\u0103ri digestive<\/p>\n<ul>\n<li>Diaree acut\u0103 \u0219i cronic\u0103<\/li>\n<li>Inflama\u021bia intestinal\u0103 cronic\u0103<\/li>\n<li>Digestibilitate slab\u0103 \u0219i absorb\u021bie a nutrien\u021bilor<\/li>\n<li>Proliferarea bacteriilor \u00een intestinul sub\u021bire<\/li>\n<li>Colita<\/li>\n<li>Gastrit\u0103<\/li>\n<li>Pancreatit\u0103<\/li>\n<li>Enteropatie exudativ\u0103<\/li>\n<\/ul>\n<p>Contraindica\u021bii<\/p>\n<ul>\n<li>Nu sunt<\/li>\n<\/ul>\n<p>AVERTISMENT: Dietele veterinare, inclusiv Royal Canin Gastro Intestinal Calorie Moderate, sunt concepute pentru a fi administrate sub supravegherea unui medic veterinar. Royal Canin v\u0103 recomand\u0103 s\u0103 solicita\u021bi \u00eentotdeauna sfatul medicului veterinar \u00eenainte de a \u00eencepe sau de a continua cu dieta veterinar\u0103.<\/p>","protected":false},"featured_media":12428,"template":"","meta":[],"product_cat":[68,69,70,73],"product_tag":[],"_links":{"self":[{"href":"https:\/\/onlinezooshop.md\/ro\/wp-json\/wp\/v2\/product\/9649"}],"collection":[{"href":"https:\/\/onlinezooshop.md\/ro\/wp-json\/wp\/v2\/product"}],"about":[{"href":"https:\/\/onlinezooshop.md\/ro\/wp-json\/wp\/v2\/types\/product"}],"wp:featuredmedia":[{"embeddable":true,"href":"https:\/\/onlinezooshop.md\/ro\/wp-json\/wp\/v2\/media\/12428"}],"wp:attachment":[{"href":"https:\/\/onlinezooshop.md\/ro\/wp-json\/wp\/v2\/media?parent=9649"}],"wp:term":[{"taxonomy":"product_cat","embeddable":true,"href":"https:\/\/onlinezooshop.md\/ro\/wp-json\/wp\/v2\/product_cat?post=9649"},{"taxonomy":"product_tag","embeddable":true,"href":"https:\/\/onlinezooshop.md\/ro\/wp-json\/wp\/v2\/product_tag?post=9649"}],"curies":[{"name":"wp","href":"https:\/\/api.w.org\/{rel}","templated":true}]}}