{"id":9652,"date":"2020-11-12T13:58:46","date_gmt":"2020-11-12T10:58:46","guid":{"rendered":"https:\/\/onlinezooshop.md\/?post_type=product&#038;p=9652"},"modified":"2025-12-08T16:33:02","modified_gmt":"2025-12-08T13:33:02","slug":"royal-canin-renal-beef-85gx12sht","status":"publish","type":"product","link":"https:\/\/onlinezooshop.md\/ro\/magazin\/royal-canin-renal-beef-85gx12sht\/","title":{"rendered":"Royal Canin Renal beef, 85\u0433*12\u0448\u0442."},"content":{"rendered":"<p><strong>Ingrediente:<\/strong><\/p>\n<p>Pasari, vita, faina de grau, carne de porc, ulei de floarea soarelui, faina de porumb, minerale (inclusiv carbonat de calciu, citrat de potasiu, zeolit), celuloza, ulei de peste, fructooligozaharide (FOS), taurina, metionina, extract de galbenele vertical (surs\u0103 de lutein\u0103), oligoelemente (\u00een form\u0103 chelat\u0103), vitamine.<\/p>\n<p><strong>Adaosuri (la kg):<\/strong><\/p>\n<p><strong>Suplimente nutritive:<\/strong><br \/>\nVitamina D3: 230 UI, E1 (fier): 3 mg, E2 (iod): 0,17 mg, E4 (cupru): 1,4 mg, E5 (mangan): 1 mg, E6 (zinc): 10 mg.<\/p>\n<p><strong>Con\u021binut nutrient:<\/strong><\/p>\n<p>Proteine \u200b\u200b6,8 g, Gr\u0103simi 6,6 g, Carbohidra\u021bi 4,6 g, Fibre alimentare 1 g, Fibre totale 0,8 g, Omega 6 2,4 g, Omega 3 0,09 g, EPA + DHA 0,13 g, calciu 0,13 g, fosfor 0,08 g, sodiu 0,1 g, potasiu 0,19 g, vitamina D 35 ME, energie metabolic\u0103 99,2 kcal<\/p>","protected":false},"excerpt":{"rendered":"<p>ROYAL CANIN RENAL WITH BEEF 85G- hran\u0103 medicamentoas\u0103 umed\u0103 pentru pisici cu insuficien\u021b\u0103 renal\u0103 cronic\u0103<\/p>\n<p>Royal Canin Renal With Beef- hran\u0103 dietetic\u0103 cu carne de vit\u0103 pentru pisici cu insuficien\u021b\u0103 renal\u0103 cronic\u0103<\/p>\n<p>Indica\u021bii:<\/p>\n<ul>\n<li>Insuficien\u021b\u0103 renal\u0103 cronic\u0103 (CRF)<\/li>\n<li>Prevenirea reapari\u021biei calculilor cu oxalat de calciu la pisicile cu func\u021bie renal\u0103 afectat\u0103<\/li>\n<li>Prevenirea reapari\u021biei urolitiazei (urate, cistine) cauzat\u0103 de sc\u0103derea pH-ului urinei<\/li>\n<\/ul>\n<p>Contraindica\u021bii<\/p>\n<ul>\n<li>Sarcin\u0103<\/li>\n<li>Lacta\u021bie<\/li>\n<li>Cre\u0219tere<\/li>\n<\/ul>\n<p>AVERTISMENT: Dietele veterinare, inclusiv Royal Canin Renal With Beef, sunt concepute pentru a fi administrate sub supravegherea unui medic veterinar. Royal Canin v\u0103 recomand\u0103 s\u0103 solicita\u021bi \u00eentotdeauna sfatul medicului veterinar \u00eenainte de a \u00eencepe sau de a continua cu dieta veterinar\u0103.<\/p>","protected":false},"featured_media":12430,"template":"","meta":[],"product_cat":[68,69,70,73],"product_tag":[],"_links":{"self":[{"href":"https:\/\/onlinezooshop.md\/ro\/wp-json\/wp\/v2\/product\/9652"}],"collection":[{"href":"https:\/\/onlinezooshop.md\/ro\/wp-json\/wp\/v2\/product"}],"about":[{"href":"https:\/\/onlinezooshop.md\/ro\/wp-json\/wp\/v2\/types\/product"}],"wp:featuredmedia":[{"embeddable":true,"href":"https:\/\/onlinezooshop.md\/ro\/wp-json\/wp\/v2\/media\/12430"}],"wp:attachment":[{"href":"https:\/\/onlinezooshop.md\/ro\/wp-json\/wp\/v2\/media?parent=9652"}],"wp:term":[{"taxonomy":"product_cat","embeddable":true,"href":"https:\/\/onlinezooshop.md\/ro\/wp-json\/wp\/v2\/product_cat?post=9652"},{"taxonomy":"product_tag","embeddable":true,"href":"https:\/\/onlinezooshop.md\/ro\/wp-json\/wp\/v2\/product_tag?post=9652"}],"curies":[{"name":"wp","href":"https:\/\/api.w.org\/{rel}","templated":true}]}}