{"id":9654,"date":"2020-11-12T14:00:24","date_gmt":"2020-11-12T11:00:24","guid":{"rendered":"https:\/\/onlinezooshop.md\/?post_type=product&#038;p=9654"},"modified":"2025-12-08T16:33:40","modified_gmt":"2025-12-08T13:33:40","slug":"royal-canin-renal-chicken-85gx12sht","status":"publish","type":"product","link":"https:\/\/onlinezooshop.md\/ro\/magazin\/royal-canin-renal-chicken-85gx12sht\/","title":{"rendered":"Royal Canin Renal chicken, 85\u0433*12\u0448\u0442."},"content":{"rendered":"<p>Ingrediente:<\/p>\n<p>Pui \u0219i porc, f\u0103in\u0103 de gr\u00e2u, ulei de floarea soarelui, f\u0103in\u0103 de porumb, minerale (inclusiv carbonat de calciu, citrat de potasiu, zeolit), celuloz\u0103, ulei de pe\u0219te, taurin\u0103, DL-metionin\u0103, fructooligozaharide (FOS), extract de g\u0103lbenele (surs\u0103 de lutein\u0103), oligoelemente (sub form\u0103 chelat\u0103), vitamine.<\/p>\n<p>Adaosuri (la kg)**:<\/p>\n<p>Suplimente nutritive:<\/p>\n<p>Vitamina D3: 275 UI, E1 (fier): 4 mg, E2 (iod): 0,11 mg, E4 (cupru): 0,9 mg, E5 (mangan): 1,4 mg, E6 (zinc): 14 mg<\/p>\n<p>Con\u021binut nutrient:<\/p>\n<p>Proteine \u200b\u200b8 g, Gr\u0103simi 8 g, Carbohidra\u021bi 5 g, Fibre alimentare 0,8 g, Fibre totale 0,5 g, Omega 6 2,5 g, Omega 3 0,12 g, EPA + DHA 0,16 g, Calciu 0 , 14 g, fosfor 0,08 g, sodiu 0,1 g, potasiu 0,23 g, vitamina D 45 ME, energie metabolic\u0103 * 118,2 kcal<\/p>\n<p>* Calculat conform NRC 2006.<br \/>\n** Aten\u021bie: este indicat\u0103 doar cantitatea de substan\u021be ad\u0103ugat\u0103 la re\u021bet\u0103, f\u0103r\u0103 a \u021bine cont de con\u021binutul lor natural din componentele furajelor. Consulta\u021bi suma total\u0103 \u00een sec\u021biunea Con\u021binut nutrien\u021bi.<\/p>","protected":false},"excerpt":{"rendered":"<p>ROYAL CANIN RENAL WITH CHICKEN \u2014 ALIMENTARE MEDICINAL\u0102 UMED\u0102 PENTRU PISI PENTRU ECHIPAMENT RENAL CRONIC (PUI)<\/p>\n<p>Royal Canin Renal With Chicken \u2014 hran\u0103 dietetic\u0103 cu pui pentru pisici cu insuficien\u021b\u0103 renal\u0103 cronic\u0103.<\/p>\n<p>Indica\u021bii:<\/p>\n<ul>\n<li>Insuficien\u021b\u0103 renal\u0103 cronic\u0103 (CRF)<\/li>\n<li>Prevenirea reapari\u021biei calculilor cu oxalat de calciu la pisicile cu func\u021bie renal\u0103 afectat\u0103<\/li>\n<li>Prevenirea reapari\u021biei urolitiazei (urate, cistine) cauzat\u0103 de sc\u0103derea pH-ului urinei<\/li>\n<\/ul>\n<p>Contraindica\u021bii<\/p>\n<ul>\n<li>Sarcin\u0103<\/li>\n<li>Lacta\u021bie<\/li>\n<li>Cre\u0219tere<\/li>\n<\/ul>\n<p>AVERTISMENT: Dietele veterinare, inclusiv Royal Canin Renal With Chicken, sunt concepute pentru a fi administrate sub supravegherea unui medic veterinar. Royal Canin v\u0103 recomand\u0103 s\u0103 solicita\u021bi \u00eentotdeauna sfatul medicului veterinar \u00eenainte de a \u00eencepe sau de a continua cu dieta veterinar\u0103.<\/p>","protected":false},"featured_media":12431,"template":"","meta":[],"product_cat":[68,69,70,73],"product_tag":[],"_links":{"self":[{"href":"https:\/\/onlinezooshop.md\/ro\/wp-json\/wp\/v2\/product\/9654"}],"collection":[{"href":"https:\/\/onlinezooshop.md\/ro\/wp-json\/wp\/v2\/product"}],"about":[{"href":"https:\/\/onlinezooshop.md\/ro\/wp-json\/wp\/v2\/types\/product"}],"wp:featuredmedia":[{"embeddable":true,"href":"https:\/\/onlinezooshop.md\/ro\/wp-json\/wp\/v2\/media\/12431"}],"wp:attachment":[{"href":"https:\/\/onlinezooshop.md\/ro\/wp-json\/wp\/v2\/media?parent=9654"}],"wp:term":[{"taxonomy":"product_cat","embeddable":true,"href":"https:\/\/onlinezooshop.md\/ro\/wp-json\/wp\/v2\/product_cat?post=9654"},{"taxonomy":"product_tag","embeddable":true,"href":"https:\/\/onlinezooshop.md\/ro\/wp-json\/wp\/v2\/product_tag?post=9654"}],"curies":[{"name":"wp","href":"https:\/\/api.w.org\/{rel}","templated":true}]}}