{"id":9656,"date":"2020-11-12T14:02:37","date_gmt":"2020-11-12T11:02:37","guid":{"rendered":"https:\/\/onlinezooshop.md\/?post_type=product&#038;p=9656"},"modified":"2025-12-08T16:38:41","modified_gmt":"2025-12-08T13:38:41","slug":"royal-canin-renal-fish-85gx12sht","status":"publish","type":"product","link":"https:\/\/onlinezooshop.md\/ro\/magazin\/royal-canin-renal-fish-85gx12sht\/","title":{"rendered":"Royal Canin Renal fish, 85\u0433*12\u0448\u0442."},"content":{"rendered":"<p>INGREDIENTE: carne \u0219i organe, cereale, pe\u0219te \u0219i organe (pe\u0219te 4%), organe vegetale, uleiuri \u0219i gr\u0103simi, minerale, surse de carbohidra\u021bi. Surse de proteine: pui, porc, somon.<\/p>\n<p>SUPLIMENTE (per 1 kg): Suplimente nutritive: Vitamina D3: 190 ME, Fier: 4 mg, Iod: 0,36 mg, Cupru: 2,9 mg, Mangan: 1,4 mg, Zinc: 14 mg. Aditivi tehnologici: Clinoptilolit de origine sedimentar\u0103: 0,2 mg.<\/p>\n<p>CON\u021aINUT DE NUTRIEN\u021aI: Proteine: 6,6% - Gr\u0103simi: 6,0% - Minerale: 1,1% - Fibre alimentare: 1,0% - Umiditate: 80,0% - Calciu: 0,14% - Fosfor: 0,09% - Potasiu: 0,18% - sodiu: 0,08% - magneziu: 0,016% - cloruri: 0,13% - sulf: 0,13% - vitamina D (total): 330,0 ME \/ kg - Hidroxiprolin\u0103: 0,05% - Acizi gra\u0219i esen\u021biali (acid linoleic, acid arahidonic): 1,54% - Substan\u021be care alcalinizeaz\u0103 urina: citrat de potasiu, carbonat de calciu.<\/p>","protected":false},"excerpt":{"rendered":"<p>Conserve alimentare complete pentru pisici adulte cu pe\u0219ti pentru a men\u021bine func\u021bia renal\u0103 \u00een insuficien\u021ba renal\u0103 acut\u0103 sau cronic\u0103. Dieta veterinar\u0103.<\/p>\n<p>Indica\u021bii:<\/p>\n<ul>\n<li>Insuficien\u021b\u0103 renal\u0103 cronic\u0103 (CRF)<\/li>\n<li>Prevenirea reapari\u021biei calculilor cu oxalat de calciu la pisicile cu func\u021bie renal\u0103 afectat\u0103<\/li>\n<li>Prevenirea reapari\u021biei urolitiazei (urate, cistine) cauzat\u0103 de sc\u0103derea pH-ului urinei<\/li>\n<\/ul>\n<p>Contraindica\u021bii<\/p>\n<ul>\n<li>Sarcin\u0103<\/li>\n<li>Lacta\u021bie<\/li>\n<li>Cre\u0219tere<\/li>\n<\/ul>\n<p>AVERTISMENT: Dietele veterinare, inclusiv Royal Canin Renal With Fish, sunt concepute pentru a fi administrate sub supravegherea unui medic veterinar. Royal Canin v\u0103 recomand\u0103 s\u0103 solicita\u021bi \u00eentotdeauna sfatul medicului veterinar \u00eenainte de a \u00eencepe sau de a continua cu dieta veterinar\u0103.<\/p>","protected":false},"featured_media":12434,"template":"","meta":[],"product_cat":[68,69,70,73],"product_tag":[],"_links":{"self":[{"href":"https:\/\/onlinezooshop.md\/ro\/wp-json\/wp\/v2\/product\/9656"}],"collection":[{"href":"https:\/\/onlinezooshop.md\/ro\/wp-json\/wp\/v2\/product"}],"about":[{"href":"https:\/\/onlinezooshop.md\/ro\/wp-json\/wp\/v2\/types\/product"}],"wp:featuredmedia":[{"embeddable":true,"href":"https:\/\/onlinezooshop.md\/ro\/wp-json\/wp\/v2\/media\/12434"}],"wp:attachment":[{"href":"https:\/\/onlinezooshop.md\/ro\/wp-json\/wp\/v2\/media?parent=9656"}],"wp:term":[{"taxonomy":"product_cat","embeddable":true,"href":"https:\/\/onlinezooshop.md\/ro\/wp-json\/wp\/v2\/product_cat?post=9656"},{"taxonomy":"product_tag","embeddable":true,"href":"https:\/\/onlinezooshop.md\/ro\/wp-json\/wp\/v2\/product_tag?post=9656"}],"curies":[{"name":"wp","href":"https:\/\/api.w.org\/{rel}","templated":true}]}}