{"id":9658,"date":"2020-11-12T14:04:09","date_gmt":"2020-11-12T11:04:09","guid":{"rendered":"https:\/\/onlinezooshop.md\/?post_type=product&#038;p=9658"},"modified":"2025-12-08T16:32:23","modified_gmt":"2025-12-08T13:32:23","slug":"royal-canin-urinary-s-o-chicken-85gh12sht","status":"publish","type":"product","link":"https:\/\/onlinezooshop.md\/ro\/magazin\/royal-canin-urinary-s-o-chicken-85gh12sht\/","title":{"rendered":"Royal Canin Urinary S\/O, 85\u0433*12\u0448\u0442."},"content":{"rendered":"<p>Ingrediente:<\/p>\n<p>Carne \u0219i m\u0103runtaie, pe\u0219te \u0219i m\u0103runtaie, cereale, m\u0103runtaie vegetal\u0103, extracte din proteine \u200b\u200bvegetale, minerale, uleiuri \u0219i gr\u0103simi, surse de carbohidra\u021bi.<\/p>\n<p>Adaosuri:<\/p>\n<p>Suplimente nutritive:<\/p>\n<p>Vitamina D3: 170 ME, Fier: 2 mg, Iod: 0,25 mg, Cupru: 2 mg, Mangan: 0,5 mg, Zinc: 5 mg.<\/p>\n<p>Con\u021binut nutrient:<\/p>\n<p>Proteine: 9,5% - Gr\u0103simi: 2,7% - Minerale: 1,7% - Fibre alimentare: 1,3% - Umiditate: 81,5% - Taurin\u0103 (total): 0,085% - Calciu: 0,22 % - Fosfor: 0,19% - sodiu: 0,26% - magneziu: 0,01% - potasiu: 0,16% - cloruri: 0,33% - sulf: 0,16% - substan\u021be care acidific\u0103 urina: calciu sulfat: 0,25% - DL-metionin\u0103: 0,03%.<\/p>","protected":false},"excerpt":{"rendered":"<p>ROYAL CANIN URINARY S\/O MODERATE CALORIE \u2014TRATAMENTUL BOLII DE URINA (DISOLU\u021aIA RAPID\u0102 A STRUVITELOR)<\/p>\n<p>Indica\u021bii:<\/p>\n<ul>\n<li>Cistita idiopatic\u0103<\/li>\n<li>Urolitiaza struvit\u0103<\/li>\n<li>Prevenirea reapari\u021biei urolitiazei cauzat\u0103 de struvit \u0219i oxalat de calciu<\/li>\n<\/ul>\n<p>Contraindica\u021bii:<\/p>\n<ul>\n<li>Sarcin\u0103, al\u0103ptarea, cre\u0219tere<\/li>\n<li>Insuficien\u021b\u0103 renal\u0103 cronic\u0103<\/li>\n<li>Acidoza metabolic\u0103<\/li>\n<li>Insuficienta cardiaca<\/li>\n<li>Hipertonie<\/li>\n<li>Utilizarea medicamentelor utilizate pentru acidificarea urinei<\/li>\n<\/ul>\n<p>Not\u0103: Dietele veterinare, inclusiv Royal Canin URINARY S \/ O MODERATE CALORIE, sunt concepute pentru a fi administrate sub supravegherea unui medic veterinar. Royal Canin v\u0103 recomand\u0103 s\u0103 solicita\u021bi \u00eentotdeauna sfatul medicului veterinar \u00eenainte de a \u00eencepe sau de a continua cu dieta veterinar\u0103.<\/p>","protected":false},"featured_media":12433,"template":"","meta":[],"product_cat":[68,69,70,73],"product_tag":[],"_links":{"self":[{"href":"https:\/\/onlinezooshop.md\/ro\/wp-json\/wp\/v2\/product\/9658"}],"collection":[{"href":"https:\/\/onlinezooshop.md\/ro\/wp-json\/wp\/v2\/product"}],"about":[{"href":"https:\/\/onlinezooshop.md\/ro\/wp-json\/wp\/v2\/types\/product"}],"wp:featuredmedia":[{"embeddable":true,"href":"https:\/\/onlinezooshop.md\/ro\/wp-json\/wp\/v2\/media\/12433"}],"wp:attachment":[{"href":"https:\/\/onlinezooshop.md\/ro\/wp-json\/wp\/v2\/media?parent=9658"}],"wp:term":[{"taxonomy":"product_cat","embeddable":true,"href":"https:\/\/onlinezooshop.md\/ro\/wp-json\/wp\/v2\/product_cat?post=9658"},{"taxonomy":"product_tag","embeddable":true,"href":"https:\/\/onlinezooshop.md\/ro\/wp-json\/wp\/v2\/product_tag?post=9658"}],"curies":[{"name":"wp","href":"https:\/\/api.w.org\/{rel}","templated":true}]}}