{"id":9684,"date":"2020-11-12T16:32:39","date_gmt":"2020-11-12T13:32:39","guid":{"rendered":"https:\/\/onlinezooshop.md\/?post_type=product&#038;p=9684"},"modified":"2025-12-08T15:40:48","modified_gmt":"2025-12-08T12:40:48","slug":"royal-canin-neutered-adult-maintenance-100gx12sht","status":"publish","type":"product","link":"https:\/\/onlinezooshop.md\/ro\/magazin\/royal-canin-neutered-adult-maintenance-100gx12sht\/","title":{"rendered":"Royal Canin Neutered Maintenance, 85\u0433*12\u0448\u0442."},"content":{"rendered":"<p>Ingrediente:<\/p>\n<p>Ficat de porc, carne de porc \u0219i p\u0103s\u0103ri de curte, f\u0103in\u0103 de gr\u00e2u, celuloz\u0103, gluten de gr\u00e2u, minerale, gelifiant, taurin\u0103, hidrolizat de drojdie (surs\u0103 de oligozaharide de manan), extract de g\u0103lbenele (surs\u0103 de lutein\u0103), vitamine.<\/p>\n<p>Adaosuri (la kg)<\/p>\n<p>Suplimente nutritive:<br \/>\nVitamina D3: 270 UI, Fier: 11 mg, Iod: 0,4 mg, Cupru: 3 mg, Mangan: 3,3 mg, Zinc: 33 mg.<\/p>\n<p>Con\u021binut nutrient:<\/p>\n<p>Proteine \u200b\u200b10 g, Gr\u0103simi 3,5 g, Carbohidra\u021bi 3,9 g, Fibre alimentare 2 g, Fibre totale 1,5 g, Omega 6 0,65 g, Omega 3 0,04 g, Calciu 0,32 g, Fosfor 0 , 23 g, sodiu 0,15 g, potasiu 0,13 g, vitamina D3 31 UI, energie metabolic\u0103 85 kcal<\/p>","protected":false},"excerpt":{"rendered":"<p>Royal Canin Neutered Adult Maintenance \u2014Pentru pisici castrate \/ sterilizate din momentul interven\u021biei chirurgicale p\u00e2n\u0103 la 7 ani (buc\u0103\u021bi \u00een sos)<\/p>","protected":false},"featured_media":9685,"template":"","meta":[],"product_cat":[68,69,70,71],"product_tag":[],"_links":{"self":[{"href":"https:\/\/onlinezooshop.md\/ro\/wp-json\/wp\/v2\/product\/9684"}],"collection":[{"href":"https:\/\/onlinezooshop.md\/ro\/wp-json\/wp\/v2\/product"}],"about":[{"href":"https:\/\/onlinezooshop.md\/ro\/wp-json\/wp\/v2\/types\/product"}],"wp:featuredmedia":[{"embeddable":true,"href":"https:\/\/onlinezooshop.md\/ro\/wp-json\/wp\/v2\/media\/9685"}],"wp:attachment":[{"href":"https:\/\/onlinezooshop.md\/ro\/wp-json\/wp\/v2\/media?parent=9684"}],"wp:term":[{"taxonomy":"product_cat","embeddable":true,"href":"https:\/\/onlinezooshop.md\/ro\/wp-json\/wp\/v2\/product_cat?post=9684"},{"taxonomy":"product_tag","embeddable":true,"href":"https:\/\/onlinezooshop.md\/ro\/wp-json\/wp\/v2\/product_tag?post=9684"}],"curies":[{"name":"wp","href":"https:\/\/api.w.org\/{rel}","templated":true}]}}