{"id":9691,"date":"2020-11-12T16:50:17","date_gmt":"2020-11-12T13:50:17","guid":{"rendered":"https:\/\/onlinezooshop.md\/?post_type=product&#038;p=9691"},"modified":"2023-05-04T22:45:59","modified_gmt":"2023-05-04T19:45:59","slug":"african-parakeet-mix-loro-paraque-1kg","status":"publish","type":"product","link":"https:\/\/onlinezooshop.md\/ro\/magazin\/african-parakeet-mix-loro-paraque-1kg\/","title":{"rendered":"African Parakeet Mix Loro Paraque 1KG"},"content":{"rendered":"<p>Hrana pentru papagali de dimensiuni medii PREMIUM African Parakeet Loro Parque Mix Calitate PREMIUM realizat\u0103 din materii prime selectate de \u00eenalt\u0103 calitate. Ideal pentru papagalii de dimensiuni medii \u0219i include toate semin\u021bele pe care papagalii le consum\u0103 \u00een habitatul lor natural. Formula furajelor a fost dezvoltat\u0103 ca urmare a cooper\u0103rii cu speciali\u0219tii din Loro Parque (Spania, Tenerife) \u0219i este utilizat\u0103 pe scar\u0103 larg\u0103 \u00een acest parc.<\/p>\n<div class=\"title\">Ingrediente:<\/div>\n<div class=\"content open\">Mei galben, semin\u021be canare, mei albi, decojite OW:, pelete BAM, mei japonez, semin\u021be de \u0219ofr\u0103nel, gr\u00e2u hri\u0219c\u0103, orez crud, OWe:, semin\u021be de c\u00e2nep\u0103, semin\u021be de in, coji de stridii. Vitamina A 6.000 UI \/ kg Vitamina D3 1200 UI \/ kg Vitamina E 14 mg \/ kg<\/div>","protected":false},"excerpt":{"rendered":"<div class=\"woocommerce-product-details__short-description\">\n<p>HRAN\u0102 PENTRU PAPAGALI MEDII<\/p>\n<\/div>\n<form class=\"cart\" action=\"http:\/\/zooroyal.md\/ru\/shop\/%d0%b4%d0%bb%d1%8f-%d0%bf%d1%82%d0%b8%d1%86\/%d0%ba%d0%be%d1%80%d0%bc%d0%b0\/african-parakeet-mix-loro-parque-1kg\/\" enctype=\"multipart\/form-data\" method=\"post\" data-trp-original-action=\"http:\/\/zooroyal.md\/ru\/shop\/%d0%b4%d0%bb%d1%8f-%d0%bf%d1%82%d0%b8%d1%86\/%d0%ba%d0%be%d1%80%d0%bc%d0%b0\/african-parakeet-mix-loro-parque-1kg\/\">\n<div class=\"quantity\"><\/div>\n<input type=\"hidden\" name=\"trp-form-language\" value=\"ro\"\/><\/form>","protected":false},"featured_media":9692,"template":"","meta":[],"product_cat":[66],"product_tag":[],"_links":{"self":[{"href":"https:\/\/onlinezooshop.md\/ro\/wp-json\/wp\/v2\/product\/9691"}],"collection":[{"href":"https:\/\/onlinezooshop.md\/ro\/wp-json\/wp\/v2\/product"}],"about":[{"href":"https:\/\/onlinezooshop.md\/ro\/wp-json\/wp\/v2\/types\/product"}],"wp:featuredmedia":[{"embeddable":true,"href":"https:\/\/onlinezooshop.md\/ro\/wp-json\/wp\/v2\/media\/9692"}],"wp:attachment":[{"href":"https:\/\/onlinezooshop.md\/ro\/wp-json\/wp\/v2\/media?parent=9691"}],"wp:term":[{"taxonomy":"product_cat","embeddable":true,"href":"https:\/\/onlinezooshop.md\/ro\/wp-json\/wp\/v2\/product_cat?post=9691"},{"taxonomy":"product_tag","embeddable":true,"href":"https:\/\/onlinezooshop.md\/ro\/wp-json\/wp\/v2\/product_tag?post=9691"}],"curies":[{"name":"wp","href":"https:\/\/api.w.org\/{rel}","templated":true}]}}