{"id":9693,"date":"2020-11-12T16:54:56","date_gmt":"2020-11-12T13:54:56","guid":{"rendered":"https:\/\/onlinezooshop.md\/?post_type=product&#038;p=9693"},"modified":"2024-11-22T12:04:15","modified_gmt":"2024-11-22T09:04:15","slug":"african-parrot-mix-loro-paraque-1kg","status":"publish","type":"product","link":"https:\/\/onlinezooshop.md\/ro\/magazin\/african-parrot-mix-loro-paraque-1kg\/","title":{"rendered":"African Parrot Mix Loro Paraque 1KG"},"content":{"rendered":"<p>Un amestec de cereale cu nutrien\u021bi suplimentari special formula\u021bi pentru papagalii africani precum papagalul gri african, jardine \u0219i papagalul senegalez.<br \/>\nAmestecul este f\u0103cut dintr-o varietate de semin\u021be \u0219i boabe \u0219i con\u021bine ciugulite delicioase de papagal, cum ar fi boabe umflate, semin\u021be de dovleac, \u0219olduri, ardei usca\u021bi \u0219i nuci de pin.<br \/>\nAceast\u0103 hran\u0103 de \u00eenalt\u0103 calitate, cu con\u021binut sc\u0103zut de gr\u0103simi, este \u00eembog\u0103\u021bit\u0103 cu pelete Maxi VAM de 8% pentru a furniza vitamine, aminoacizi \u0219i minerale suplimentare.<br \/>\n\u00cen plus, African Parrot Loro Parque Mix este \u00eembog\u0103\u021bit cu:<br \/>\n- vitaminele K, B1, B2, B6, B12, C, PP,<br \/>\n- acid folic,<br \/>\n- biotin\u0103 \u0219i colin\u0103.<br \/>\n- Minerale: sodiu, magneziu \u0219i potasiu.<br \/>\n- Oligoelemente: fier, cupru, mangan, zinc, iod \u0219i seleniu.<\/p>\n<div class=\"title\">Ingrediente:<\/div>\n<div class=\"content open\">Semin\u021be de floarea-soarelui \u00een dungi, semin\u021be de floarea-soarelui albe, semin\u021be de \u0219ofran, Maxi Granule BAM, cu o greutate:, porumb, orez crud, gr\u00e2u, hri\u0219c\u0103, orz, arahide decojite, semin\u021be de dovleac decojite, Dari, nuci, ro\u0219cove, semin\u021be de canar c\u00e2nep\u0103, coji de stridii, mei alb, gr\u00e2u pufos, sorg, floricele, m\u0103ce\u0219e, ardei ro\u0219u. Metionin\u0103 3.250 mg \/ kg Lizin\u0103 4.450 mg \/ kg Vitamina A 8.000 UI \/ kg Vitamina D3 1.600 UI \/ kg Vitamina E 20 mg \/ kg<\/div>\n<p>Cod: 421920<\/p>","protected":false},"excerpt":{"rendered":"<div class=\"woocommerce-product-details__short-description\">\n<p>HRAN\u0102 PENTRU PAPAGALI MARI<\/p>\n<\/div>\n<form class=\"cart\" action=\"http:\/\/zooroyal.md\/ru\/shop\/%d0%b4%d0%bb%d1%8f-%d0%bf%d1%82%d0%b8%d1%86\/%d0%ba%d0%be%d1%80%d0%bc%d0%b0\/african-parrot-mix-loro-parque-1kg\/\" enctype=\"multipart\/form-data\" method=\"post\" data-trp-original-action=\"http:\/\/zooroyal.md\/ru\/shop\/%d0%b4%d0%bb%d1%8f-%d0%bf%d1%82%d0%b8%d1%86\/%d0%ba%d0%be%d1%80%d0%bc%d0%b0\/african-parrot-mix-loro-parque-1kg\/\">\n<div class=\"quantity\"><\/div>\n<input type=\"hidden\" name=\"trp-form-language\" value=\"ro\"\/><\/form>","protected":false},"featured_media":9708,"template":"","meta":[],"product_cat":[66],"product_tag":[],"_links":{"self":[{"href":"https:\/\/onlinezooshop.md\/ro\/wp-json\/wp\/v2\/product\/9693"}],"collection":[{"href":"https:\/\/onlinezooshop.md\/ro\/wp-json\/wp\/v2\/product"}],"about":[{"href":"https:\/\/onlinezooshop.md\/ro\/wp-json\/wp\/v2\/types\/product"}],"wp:featuredmedia":[{"embeddable":true,"href":"https:\/\/onlinezooshop.md\/ro\/wp-json\/wp\/v2\/media\/9708"}],"wp:attachment":[{"href":"https:\/\/onlinezooshop.md\/ro\/wp-json\/wp\/v2\/media?parent=9693"}],"wp:term":[{"taxonomy":"product_cat","embeddable":true,"href":"https:\/\/onlinezooshop.md\/ro\/wp-json\/wp\/v2\/product_cat?post=9693"},{"taxonomy":"product_tag","embeddable":true,"href":"https:\/\/onlinezooshop.md\/ro\/wp-json\/wp\/v2\/product_tag?post=9693"}],"curies":[{"name":"wp","href":"https:\/\/api.w.org\/{rel}","templated":true}]}}