{"id":9704,"date":"2020-11-13T13:09:37","date_gmt":"2020-11-13T10:09:37","guid":{"rendered":"https:\/\/onlinezooshop.md\/?post_type=product&#038;p=9704"},"modified":"2022-09-30T09:43:48","modified_gmt":"2022-09-30T06:43:48","slug":"amazone-parrot-mix-loro-paraque-1kg","status":"publish","type":"product","link":"https:\/\/onlinezooshop.md\/ro\/magazin\/amazone-parrot-mix-loro-paraque-1kg\/","title":{"rendered":"Amazone Parrot Mix Loro Paraque 1KG"},"content":{"rendered":"<p>Amazon Parrot Loro Parque Mix este un amestec de cereale \u00eembog\u0103\u021bit cu substan\u021be nutritive suplimentare concepute special pentru papagalii sud-americani, cum ar fi papagalii Amazon, pionusii, papagalii cu burta alba, macaws mici \u0219i aratini mari.<\/p>\n<p>Prestige Premium Loro Parque Blend este realizat cu o varietate de semin\u021be \u0219i boabe \u0219i con\u021bine ciugulite delicioase de papagal, cum ar fi boabe umflate, semin\u021be de dovleac, \u0219olduri, ardei usca\u021bi \u0219i nuci de pin.<br \/>\n\u00cen plus, Amazon Parrot Loro Parque Mix este \u00eembog\u0103\u021bit cu:<br \/>\n- vitaminele K, B1, B2, B6, B12, C, PP,<br \/>\n- acid folic,<br \/>\n- biotin\u0103 \u0219i colin\u0103.<br \/>\n- Minerale: sodiu, magneziu \u0219i potasiu.<br \/>\n- Oligoelemente: fier, cupru, mangan, zinc, iod \u0219i seleniu.<\/p>\n<div class=\"title\">Ingrediente:<\/div>\n<div class=\"content open\">Greutate ascu\u021bit\u0103: gr\u00e2u, porumb, hri\u0219c\u0103, Maxi granule BAM, orez crud, semin\u021be de floarea-soarelui cu dungi, sorg, Dari, semin\u021be de canare, semin\u021be de c\u00e2nep\u0103, semin\u021be de dovleac decojite, mei alb, semin\u021be de \u0219ofr\u0103nel, semin\u021be de floarea-soarelui albe, alune decojite, nuc pini, coji de stridii, mei galben, gr\u00e2u pufos, floricele, m\u0103ce\u0219e, ardei ro\u0219u. Metionin\u0103 3.000 mg \/ kg Lizin\u0103 4.000 mg \/ kg Vitamina A 8.000 UI \/ kg Vitamina D3 1.600 UI \/ kg Vitamina E 20 mg \/ kg<\/div>","protected":false},"excerpt":{"rendered":"<div class=\"woocommerce-product-details__short-description\">\n<p><b>HRAN\u0102 PENTRU PAPAGALI MARI<\/b><\/p>\n<\/div>\n<form class=\"cart\" action=\"http:\/\/zooroyal.md\/ru\/shop\/%d0%b4%d0%bb%d1%8f-%d0%bf%d1%82%d0%b8%d1%86\/%d0%ba%d0%be%d1%80%d0%bc%d0%b0\/amazon-parrot-mix-loro-parque-1kg\/\" enctype=\"multipart\/form-data\" method=\"post\" data-trp-original-action=\"http:\/\/zooroyal.md\/ru\/shop\/%d0%b4%d0%bb%d1%8f-%d0%bf%d1%82%d0%b8%d1%86\/%d0%ba%d0%be%d1%80%d0%bc%d0%b0\/amazon-parrot-mix-loro-parque-1kg\/\">\n<div class=\"quantity\"><\/div>\n<input type=\"hidden\" name=\"trp-form-language\" value=\"ro\"\/><\/form>","protected":false},"featured_media":9706,"template":"","meta":[],"product_cat":[66],"product_tag":[],"_links":{"self":[{"href":"https:\/\/onlinezooshop.md\/ro\/wp-json\/wp\/v2\/product\/9704"}],"collection":[{"href":"https:\/\/onlinezooshop.md\/ro\/wp-json\/wp\/v2\/product"}],"about":[{"href":"https:\/\/onlinezooshop.md\/ro\/wp-json\/wp\/v2\/types\/product"}],"wp:featuredmedia":[{"embeddable":true,"href":"https:\/\/onlinezooshop.md\/ro\/wp-json\/wp\/v2\/media\/9706"}],"wp:attachment":[{"href":"https:\/\/onlinezooshop.md\/ro\/wp-json\/wp\/v2\/media?parent=9704"}],"wp:term":[{"taxonomy":"product_cat","embeddable":true,"href":"https:\/\/onlinezooshop.md\/ro\/wp-json\/wp\/v2\/product_cat?post=9704"},{"taxonomy":"product_tag","embeddable":true,"href":"https:\/\/onlinezooshop.md\/ro\/wp-json\/wp\/v2\/product_tag?post=9704"}],"curies":[{"name":"wp","href":"https:\/\/api.w.org\/{rel}","templated":true}]}}