{"id":9711,"date":"2020-11-13T13:22:14","date_gmt":"2020-11-13T10:22:14","guid":{"rendered":"https:\/\/onlinezooshop.md\/?post_type=product&#038;p=9711"},"modified":"2024-11-22T12:06:35","modified_gmt":"2024-11-22T09:06:35","slug":"australian-parakeet-mix-loro-paraque-2-5kg","status":"publish","type":"product","link":"https:\/\/onlinezooshop.md\/ro\/magazin\/australian-parakeet-mix-loro-paraque-2-5kg\/","title":{"rendered":"Australian Parakeet Mix Loro Paraque 2.5Kg"},"content":{"rendered":"<p>Australian Parakeet Loro Parque Mix pentru papagali mijlocii Alimentele PREMIUM nu numai c\u0103 includ ingredientele pe care p\u0103s\u0103rile le hr\u0103nesc \u00een natur\u0103, dar sunt \u00eembog\u0103\u021bite suplimentar cu granule VAM, ceea ce previne lipsa de minerale \u0219i vitamine din organism. M\u00e2ncarea a fost dezvoltat\u0103 \u00een colaborare cu oameni de \u0219tiin\u021b\u0103 care lucreaz\u0103 \u00een Parcul Loro spaniol, unde se colecteaz\u0103 o colec\u021bie uria\u0219\u0103 de papagali. Principalul lor hrana de ast\u0103zi este Australian Parakeet Loro Parque Mix, care confirm\u0103 calitatea sa \u00eenalt\u0103.<\/p>\n<div class=\"title\">Ingrediente:<\/div>\n<div class=\"content open\">Mei galben, mei alb, semin\u021be de canar, semin\u021be de floarea soarelui dungate, granule VAM, decojite o Greutate:, \u0219ofr\u0103nel, mei ro\u0219u, hri\u0219c\u0103, semin\u021be de c\u00e2nep\u0103, semin\u021be de in, orez crud, semin\u021be de floarea-soarelui albe, gr\u00e2u, mei japonez, coji de stridii, semin\u021be oleaginoase nuga. Vitamina A 6.000 UI \/ kg Vitamina D3 1200 UI \/ kg Vitamina E 14 mg \/ kg<\/div>","protected":false},"excerpt":{"rendered":"<div class=\"woocommerce-product-details__short-description\">\n<p><b>HRAN\u0102 PENTRU PAPAGALI MEDII\u00a0<\/b><\/p>\n<\/div>","protected":false},"featured_media":9710,"template":"","meta":[],"product_cat":[66],"product_tag":[],"_links":{"self":[{"href":"https:\/\/onlinezooshop.md\/ro\/wp-json\/wp\/v2\/product\/9711"}],"collection":[{"href":"https:\/\/onlinezooshop.md\/ro\/wp-json\/wp\/v2\/product"}],"about":[{"href":"https:\/\/onlinezooshop.md\/ro\/wp-json\/wp\/v2\/types\/product"}],"wp:featuredmedia":[{"embeddable":true,"href":"https:\/\/onlinezooshop.md\/ro\/wp-json\/wp\/v2\/media\/9710"}],"wp:attachment":[{"href":"https:\/\/onlinezooshop.md\/ro\/wp-json\/wp\/v2\/media?parent=9711"}],"wp:term":[{"taxonomy":"product_cat","embeddable":true,"href":"https:\/\/onlinezooshop.md\/ro\/wp-json\/wp\/v2\/product_cat?post=9711"},{"taxonomy":"product_tag","embeddable":true,"href":"https:\/\/onlinezooshop.md\/ro\/wp-json\/wp\/v2\/product_tag?post=9711"}],"curies":[{"name":"wp","href":"https:\/\/api.w.org\/{rel}","templated":true}]}}